{"id":715437,"date":"2025-08-27T17:30:39","date_gmt":"2025-08-27T14:30:39","guid":{"rendered":"https:\/\/roveyayinevi.com.tr\/index.php\/urun\/guguk-kusu\/"},"modified":"2026-04-16T02:23:43","modified_gmt":"2026-04-15T23:23:43","slug":"guguk-kusu","status":"publish","type":"product","link":"https:\/\/roveyayinevi.com.tr\/index.php\/urun\/guguk-kusu\/","title":{"rendered":"Guguk Ku\u015fu"},"content":{"rendered":"<p>\u201cMuhte\u015fem bir ilk roman\u2026 \u0130nsan\u0131n i\u00e7indeki iyilik ve k\u00f6t\u00fcl\u00fc\u011fe dair sa\u011flam, samimi bir hik\u00e2ye\u2026 Kesey\u2019nin bu kitab\u0131, orta d\u00fczeyde k\u00fclt\u00fcrl\u00fc bir toplumun \u2018kurallar\u0131na\u2019 ve bunlar\u0131 dayatan g\u00f6r\u00fcnmez \u2018h\u00fck\u00fcmdarlara\u2019 kar\u015f\u0131 at\u0131lan bir ba\u015fkald\u0131r\u0131 \u00e7\u0131\u011fl\u0131\u011f\u0131 niteli\u011finde.\u201d-Time-\u201cBu d\u00fcnya\u2026 g\u00fc\u00e7l\u00fclerin d\u00fcnyas\u0131 arkada\u015f! Var olu\u015f rit\u00fcelimizin temelinde, g\u00fc\u00e7l\u00fcn\u00fcn zay\u0131f\u0131 yutarak daha da g\u00fc\u00e7lenmesi yat\u0131yor. Buna g\u00f6\u011f\u00fcs germeliyiz. Do\u011frusu da bu zaten. Do\u011fal d\u00fcnyan\u0131n bir kanunu olarak kabul etmeyi \u00f6\u011frenmeliyizbu ger\u00e7e\u011fi. Bir tav\u015fan bu rit\u00fcelin i\u00e7indeki rol\u00fcn\u00fc kabullenir ve kurdu g\u00fc\u00e7l\u00fc beller. Kurt yak\u0131n\u0131ndayken tav\u015fan kendini savunmak i\u00e7in sinsile\u015fir, korkakla\u015f\u0131r, atikle\u015fir, kendine delik kazar ve saklan\u0131r. B\u00f6ylece sebat eder ve hayat\u0131n\u0131 s\u00fcrd\u00fcr\u00fcr. Yerini bilir. Kurda asla ve asla meydan okumaz. Ak\u0131ll\u0131l\u0131k olur mu hi\u00e7 \u00f6ylesi? S\u00f6ylesene, olur mu?\u201dAmerikal\u0131 yazar Ken Kesey\u2019nin en \u00f6nemli eseri kabul edilen ve ayn\u0131 isimle sinemaya uyarland\u0131\u011f\u0131nda b\u00fcy\u00fck ses getiren Guguk Ku\u015fu, en k\u0131sa tabirle, bir d\u00fczene ba\u015fkald\u0131rma hik\u00e2yesidir. Ak\u0131l hastanesindeki mahk\u00fbmlar onca y\u0131ld\u0131r kendilerine dayat\u0131lan d\u00fczeni a\u00e7\u0131k\u00e7a sorgulamaya ba\u015flad\u0131klar\u0131nda her \u015fey h\u0131zla de\u011fi\u015fime u\u011frayacakt\u0131r\u2026<\/p>\n","protected":false},"excerpt":{"rendered":"<p>\u201cMuhte\u015fem bir ilk roman\u2026 \u0130nsan\u0131n i\u00e7indeki iyilik ve k\u00f6t\u00fcl\u00fc\u011fe dair sa\u011flam, samimi bir hik\u00e2ye\u2026 Kesey\u2019nin bu kitab\u0131, orta d\u00fczeyde k\u00fclt\u00fcrl\u00fc bir toplumun \u2018kurallar\u0131na\u2019 ve bunlar\u0131 dayatan<span class=\"excerpt-hellip\"> [\u2026]<\/span><\/p>\n","protected":false},"featured_media":0,"template":"","meta":{"_monsterinsights_skip_tracking":false,"_monsterinsights_sitenote_active":false,"_monsterinsights_sitenote_note":"","_monsterinsights_sitenote_category":0},"product_brand":[],"product_cat":[12291,12711],"product_tag":[],"class_list":{"0":"post-715437","1":"product","2":"type-product","3":"status-publish","5":"product_cat-edebiyat","6":"product_cat-roman-oyku","7":"pa_cilt-ciltsiz","8":"pa_tur-kitap","9":"pa_yayinevi-nemesis-kitap","10":"pa_yazar-ken-kesey","12":"first","13":"instock","14":"sale","15":"shipping-taxable","16":"purchasable","17":"product-type-simple"},"_links":{"self":[{"href":"https:\/\/roveyayinevi.com.tr\/index.php\/wp-json\/wp\/v2\/product\/715437","targetHints":{"allow":["GET"]}}],"collection":[{"href":"https:\/\/roveyayinevi.com.tr\/index.php\/wp-json\/wp\/v2\/product"}],"about":[{"href":"https:\/\/roveyayinevi.com.tr\/index.php\/wp-json\/wp\/v2\/types\/product"}],"wp:attachment":[{"href":"https:\/\/roveyayinevi.com.tr\/index.php\/wp-json\/wp\/v2\/media?parent=715437"}],"wp:term":[{"taxonomy":"product_brand","embeddable":true,"href":"https:\/\/roveyayinevi.com.tr\/index.php\/wp-json\/wp\/v2\/product_brand?post=715437"},{"taxonomy":"product_cat","embeddable":true,"href":"https:\/\/roveyayinevi.com.tr\/index.php\/wp-json\/wp\/v2\/product_cat?post=715437"},{"taxonomy":"product_tag","embeddable":true,"href":"https:\/\/roveyayinevi.com.tr\/index.php\/wp-json\/wp\/v2\/product_tag?post=715437"}],"curies":[{"name":"wp","href":"https:\/\/api.w.org\/{rel}","templated":true}]}}