{"id":715436,"date":"2025-08-27T17:30:31","date_gmt":"2025-08-27T14:30:31","guid":{"rendered":"https:\/\/roveyayinevi.com.tr\/index.php\/urun\/korsanlar-ve-imparator-gercek-dunyada-uluslararasi-terorizm\/"},"modified":"2026-04-16T02:23:43","modified_gmt":"2026-04-15T23:23:43","slug":"korsanlar-ve-imparator-gercek-dunyada-uluslararasi-terorizm","status":"publish","type":"product","link":"https:\/\/roveyayinevi.com.tr\/index.php\/urun\/korsanlar-ve-imparator-gercek-dunyada-uluslararasi-terorizm\/","title":{"rendered":"Korsanlar ve \u0130mparator &#8211; Ger\u00e7ek D\u00fcnyada Uluslararas\u0131 Ter\u00f6rizm"},"content":{"rendered":"<p>Korsanlar ve \u0130mparatorlar, Aziz Augustinus\u2019unaktard\u0131\u011f\u0131biranekdotlaba\u015flar. B\u00fcy\u00fck\u0130skenderileesirald\u0131\u011f\u0131korsanaras\u0131ndakibirdiyalogdurbu: \u201c\u0130skenderkorsana, \u2018Sen ne cesaretledenizlerekorkusalabiliyorsun?\u2019 diyesorar. Korsan, \u2018As\u0131lsen ne cesaretleb\u00fct\u00fcnd\u00fcnyayakorkusalabiliyorsun?\u2019 diyecevapverirve\u015f\u00f6yledevameder: \u2018Ben s\u0131rfk\u00fc\u00e7\u00fckbirgemiylebunuyapt\u0131\u011f\u0131mi\u00e7inh\u0131rs\u0131zsay\u0131l\u0131yorum, oysasenayn\u0131\u015feyikocabirdonanmaylayap\u0131yorsundiye\u0130mparatorolarakan\u0131l\u0131yorsun.\u2019\u201d Augustinus\u2019unanlatt\u0131\u011f\u0131hik\u00e2ye, modern \u201c\u0130mparator\u201d ABD veonunsad\u0131km\u00fcttefiklerinins\u00f6zde \u201cter\u00f6rist\u201d devletlerleolanili\u015fkilerinigayetiyi\u00f6zetlerve \u201culuslararas\u0131ter\u00f6rizm\u201d kavram\u0131n\u0131n modern Bat\u0131l\u0131anlamdakikullan\u0131m\u0131na\u0131\u015f\u0131ktutar. Bu anlamd\u00fcnyas\u0131nda\u0130mparatorvevasaldevletlerininba\u015fvurdu\u011fu her t\u00fcr\u015fiddeteylemi \u201cnefsim\u00fcdafaa\u201d, \u201chakl\u0131sava\u015f\u201d, \u201cmisilleme\u201d yahut \u201c\u00f6nleyicieylem\u201d stat\u00fcs\u00fcndede\u011ferlendirilirken, K\u00fcba, OrtaAmerika\u00fclkeleriveFilistin\u2019in de aralar\u0131ndabulundu\u011fu\u00fclkelerin, yani \u201conlar\u201d\u0131n her t\u00fcreylemido\u011frudan \u201cter\u00f6ristsald\u0131r\u0131\u201d kapsam\u0131nasokulur. Chomsky Korsanlarve\u0130mparatorlar\u2019da, bualg\u0131iklimininyarat\u0131lmas\u0131nda, haberlerinmedyadakii\u015fleni\u015finin, medyan\u0131nolay\u0131nfailininkimoldu\u011funag\u00f6rede\u011fi\u015fenikiy\u00fczl\u00fctavr\u0131n\u0131n, devletpolitikalar\u0131n\u0131me\u015frula\u015ft\u0131rmakmaksad\u0131ylaakademide\u00fcretilen\u00e7al\u0131\u015fmalar\u0131nvehattauluslararas\u0131kurulu\u015flartaraf\u0131ndanal\u0131nanve ne hikmetse\u0130mparatorvem\u00fcttefikleria\u00e7\u0131s\u0131ndanherhangibirba\u011flay\u0131c\u0131l\u0131\u011f\u0131olmayankararlar\u0131noynad\u0131\u011f\u0131rol\u00fcb\u00fcy\u00fckbirmaharetleortayakoyuyor. H\u00e2kimsistemi\u00e7erisinde \u201culuslararas\u0131ter\u00f6rizm\u201din\u0130mparator\u2019uni\u015finegelenbirkavramsal\u00e7er\u00e7evei\u00e7erisindenas\u0131lsunuldu\u011funu, George Orwell\u2019in1984 roman\u0131n\u0131nkurgudiliolanYenikonu\u015f\u2019uaratmayanbirbi\u00e7imdes\u00f6zc\u00fckleringer\u00e7ekanlamlar\u0131ndannas\u0131lar\u0131nd\u0131r\u0131ld\u0131\u011f\u0131n\u0131, tekilolaylarvemutebergazetelerdeyay\u0131mlanm\u0131\u015fhaberler\u00fczerindenirdeleyerek, \u201cd\u00fcnyan\u0131n en \u00f6ndegelenter\u00f6ristdevleti\u201d ilanetti\u011fiABD\u2019yi o bilindikironik\u00fcslubuylabirkezdahahedeftahtas\u0131naoturtuyor.<\/p>\n","protected":false},"excerpt":{"rendered":"<p>Korsanlar ve \u0130mparatorlar, Aziz Augustinus\u2019unaktard\u0131\u011f\u0131biranekdotlaba\u015flar. B\u00fcy\u00fck\u0130skenderileesirald\u0131\u011f\u0131korsanaras\u0131ndakibirdiyalogdurbu: \u201c\u0130skenderkorsana, \u2018Sen ne cesaretledenizlerekorkusalabiliyorsun?\u2019 diyesorar. Korsan, \u2018As\u0131lsen ne cesaretleb\u00fct\u00fcnd\u00fcnyayakorkusalabiliyorsun?\u2019 diyecevapverirve\u015f\u00f6yledevameder: \u2018Ben s\u0131rfk\u00fc\u00e7\u00fckbirgemiylebunuyapt\u0131\u011f\u0131mi\u00e7inh\u0131rs\u0131zsay\u0131l\u0131yorum, oysasenayn\u0131\u015feyikocabirdonanmaylayap\u0131yorsundiye\u0130mparatorolarakan\u0131l\u0131yorsun.\u2019\u201d Augustinus\u2019unanlatt\u0131\u011f\u0131hik\u00e2ye, modern \u201c\u0130mparator\u201d ABD veonunsad\u0131km\u00fcttefiklerinins\u00f6zde \u201cter\u00f6rist\u201d devletlerleolanili\u015fkilerinigayetiyi\u00f6zetlerve<span class=\"excerpt-hellip\"> [\u2026]<\/span><\/p>\n","protected":false},"featured_media":0,"template":"","meta":{"_monsterinsights_skip_tracking":false,"_monsterinsights_sitenote_active":false,"_monsterinsights_sitenote_note":"","_monsterinsights_sitenote_category":0},"product_brand":[],"product_cat":[13590,12337],"product_tag":[],"class_list":{"0":"post-715436","1":"product","2":"type-product","3":"status-publish","5":"product_cat-arastirma-inceleme-politika-siyaset","6":"product_cat-politika-siyaset","7":"pa_cilt-ciltsiz","8":"pa_tur-kitap","9":"pa_yayinevi-ayrinti-yayinlari","10":"pa_yazar-noam-chomsky","12":"first","13":"instock","14":"sale","15":"shipping-taxable","16":"purchasable","17":"product-type-simple"},"_links":{"self":[{"href":"https:\/\/roveyayinevi.com.tr\/index.php\/wp-json\/wp\/v2\/product\/715436","targetHints":{"allow":["GET"]}}],"collection":[{"href":"https:\/\/roveyayinevi.com.tr\/index.php\/wp-json\/wp\/v2\/product"}],"about":[{"href":"https:\/\/roveyayinevi.com.tr\/index.php\/wp-json\/wp\/v2\/types\/product"}],"wp:attachment":[{"href":"https:\/\/roveyayinevi.com.tr\/index.php\/wp-json\/wp\/v2\/media?parent=715436"}],"wp:term":[{"taxonomy":"product_brand","embeddable":true,"href":"https:\/\/roveyayinevi.com.tr\/index.php\/wp-json\/wp\/v2\/product_brand?post=715436"},{"taxonomy":"product_cat","embeddable":true,"href":"https:\/\/roveyayinevi.com.tr\/index.php\/wp-json\/wp\/v2\/product_cat?post=715436"},{"taxonomy":"product_tag","embeddable":true,"href":"https:\/\/roveyayinevi.com.tr\/index.php\/wp-json\/wp\/v2\/product_tag?post=715436"}],"curies":[{"name":"wp","href":"https:\/\/api.w.org\/{rel}","templated":true}]}}