{"id":715435,"date":"2025-08-27T17:30:30","date_gmt":"2025-08-27T14:30:30","guid":{"rendered":"https:\/\/roveyayinevi.com.tr\/index.php\/urun\/edebiyat-elestiri-ve-kurama-giris\/"},"modified":"2026-04-16T02:23:43","modified_gmt":"2026-04-15T23:23:43","slug":"edebiyat-elestiri-ve-kurama-giris","status":"publish","type":"product","link":"https:\/\/roveyayinevi.com.tr\/index.php\/urun\/edebiyat-elestiri-ve-kurama-giris\/","title":{"rendered":"Edebiyat Ele\u015ftiri ve Kurama Giri\u015f"},"content":{"rendered":"<p>\u201cBu kitap, g\u00f6z alan, merak uyand\u0131ran ve hayran b\u0131rakan bir enginlikte bilgiyle dolu.\u201d Sayfalar\u0131n\u0131 \u201cBa\u015flang\u0131\u00e7\u201d ile a\u00e7an ve \u201cSon\u201d ile bitiren bu kitap; bilinen unsurlardan (\u201ckarakter\u201d, \u201canlat\u0131\u201d, \u201cyazar\u201d) biraz daha al\u0131\u015f\u0131lmad\u0131k olan unsurlara (\u201cs\u0131rlar\u201d, \u201chaz\u201d, \u201chayaletler\u201d) uzanan \u00e7e\u015fitli konular\u0131 bar\u0131nd\u0131r\u0131yor. Bennett ve Royle, soyut \u201cizm\u201d kavramlar\u0131na bel ba\u011flamak yerine, karma\u015f\u0131k fikirleri do\u011frudan edebi eserlerle \u00f6rneklendirerek onlar\u0131 ba\u015far\u0131l\u0131 bir bi\u00e7imde izah ediyor. B\u00f6ylece s\u00f6zgelimi Jane Eyre eserlerinin okunmas\u0131, ayn\u0131 zamanda \u0131rk farkl\u0131l\u0131klar\u0131 hakk\u0131nda farkl\u0131 d\u00fc\u015f\u00fcnme yollar\u0131 a\u00e7arken; edebiyat ve g\u00fclme tart\u0131\u015fmas\u0131nda ise Chaucer, Raymond Chandler ve Monty Python\u2019a da at\u0131fta bulunuyor. Her b\u00f6l\u00fcm\u00fc ilave okuma rehberiyle sona eren kitapta ayr\u0131ca s\u00f6zl\u00fck\u00e7e ve bibliyografi de var. Kitab\u0131n d\u00f6rd\u00fcnc\u00fc bask\u0131s\u0131; hayvanlar ve \u00e7evre hakk\u0131ndaki iki yeni b\u00f6l\u00fcm\u00fc i\u00e7ine katacak \u015fekilde g\u00fcncellenirken, okurlara yard\u0131mc\u0131 olacak bir web sitesi de okuma ve yazma hakk\u0131nda indirilebilir b\u00f6l\u00fcmler sunuyor. \u00c7o\u011funlukla s\u0131k\u0131c\u0131 ve g\u00f6z korkutucu bi\u00e7imde teorik g\u00f6r\u00fclen bir alana yeni bir soluk getiren bu kitap, okurlar\u0131n hem okuma hem de \u00e7al\u0131\u015fma edebiyat\u0131n\u0131n heyecan verici olanaklar\u0131na kay\u0131ts\u0131z kalmamas\u0131n\u0131 sa\u011flayacak&#8230; <\/p>\n","protected":false},"excerpt":{"rendered":"<p>\u201cBu kitap, g\u00f6z alan, merak uyand\u0131ran ve hayran b\u0131rakan bir enginlikte bilgiyle dolu.\u201d Sayfalar\u0131n\u0131 \u201cBa\u015flang\u0131\u00e7\u201d ile a\u00e7an ve \u201cSon\u201d ile bitiren bu kitap; bilinen unsurlardan (\u201ckarakter\u201d,<span class=\"excerpt-hellip\"> [\u2026]<\/span><\/p>\n","protected":false},"featured_media":0,"template":"","meta":{"_monsterinsights_skip_tracking":false,"_monsterinsights_sitenote_active":false,"_monsterinsights_sitenote_note":"","_monsterinsights_sitenote_category":0},"product_brand":[],"product_cat":[13548,12408],"product_tag":[],"class_list":{"0":"post-715435","1":"product","2":"type-product","3":"status-publish","5":"product_cat-kuram","6":"product_cat-sanat","7":"pa_cilt-ciltsiz","8":"pa_tur-kitap","9":"pa_yayinevi-ayrinti-yayinlari","10":"pa_yazar-andrew-bennett-nicholas-royle","12":"first","13":"instock","14":"sale","15":"shipping-taxable","16":"purchasable","17":"product-type-simple"},"_links":{"self":[{"href":"https:\/\/roveyayinevi.com.tr\/index.php\/wp-json\/wp\/v2\/product\/715435","targetHints":{"allow":["GET"]}}],"collection":[{"href":"https:\/\/roveyayinevi.com.tr\/index.php\/wp-json\/wp\/v2\/product"}],"about":[{"href":"https:\/\/roveyayinevi.com.tr\/index.php\/wp-json\/wp\/v2\/types\/product"}],"wp:attachment":[{"href":"https:\/\/roveyayinevi.com.tr\/index.php\/wp-json\/wp\/v2\/media?parent=715435"}],"wp:term":[{"taxonomy":"product_brand","embeddable":true,"href":"https:\/\/roveyayinevi.com.tr\/index.php\/wp-json\/wp\/v2\/product_brand?post=715435"},{"taxonomy":"product_cat","embeddable":true,"href":"https:\/\/roveyayinevi.com.tr\/index.php\/wp-json\/wp\/v2\/product_cat?post=715435"},{"taxonomy":"product_tag","embeddable":true,"href":"https:\/\/roveyayinevi.com.tr\/index.php\/wp-json\/wp\/v2\/product_tag?post=715435"}],"curies":[{"name":"wp","href":"https:\/\/api.w.org\/{rel}","templated":true}]}}