{"id":715434,"date":"2025-08-27T17:30:30","date_gmt":"2025-08-27T14:30:30","guid":{"rendered":"https:\/\/roveyayinevi.com.tr\/index.php\/urun\/aydinlanma-devrim-romantizm-modern-alman-politik-dusuncesinin-dogusu-1790-1800\/"},"modified":"2026-04-16T02:23:43","modified_gmt":"2026-04-15T23:23:43","slug":"aydinlanma-devrim-romantizm-modern-alman-politik-dusuncesinin-dogusu-1790-1800","status":"publish","type":"product","link":"https:\/\/roveyayinevi.com.tr\/index.php\/urun\/aydinlanma-devrim-romantizm-modern-alman-politik-dusuncesinin-dogusu-1790-1800\/","title":{"rendered":"Ayd\u0131nlanma Devrim Romantizm &#8211; Modern Alman Politik D\u00fc\u015f\u00fcncesinin Do\u011fu\u015fu 1790-1800"},"content":{"rendered":"<p>En itaatk\u00e2r karakter i\u00e7in d\u00fc\u015f\u00fcncede en b\u00fcy\u00fck cesareti g\u00f6steriyorlar.\u201d Madam de Stael, 18. y\u00fczy\u0131l\u0131n sonlar\u0131nda Alman entelekt\u00fcellerini b\u00f6yle tarif etmi\u015fti ve entelekt\u00fcel ile politik olan aras\u0131ndaki bu b\u00f6l\u00fcnmeye dair g\u00f6r\u00fc\u015f\u00fc, iki y\u00fcz y\u0131ld\u0131r neredeyse hi\u00e7 tart\u0131\u015fmas\u0131z kald\u0131. Bu kitap, Madam de Stael\u2019in miras\u0131n\u0131, apolitik Alman mitini topra\u011fa g\u00f6m\u00fcyor. Akl\u0131n Kaderi kitab\u0131n\u0131 izleyen d\u00fc\u015f\u00fcncelerin anlat\u0131ya dayal\u0131 \u00f6yk\u00fcs\u00fcnde FrederickBeiser, d\u00fcnyay\u0131 de\u011fi\u015ftiren rasyonalizm ve irrasyonalizmle birlikte Frans\u0131z Devrimi\u2019nin, Alman felsefesini ve onun merkezi ilgisini nas\u0131l d\u00f6n\u00fc\u015ft\u00fcrd\u00fc\u011f\u00fcn\u00fc ve politikle\u015ftirdi\u011fini tart\u0131\u015f\u0131yor: Otorite ve akl\u0131n s\u0131n\u0131rlar\u0131. Almanya\u2019da, Fransa\u2019daki \u015fiddet i\u00e7eren y\u0131k\u0131c\u0131 olaylara kar\u015f\u0131l\u0131k olarak \u00fc\u00e7 z\u0131t politik gelenek geli\u015fti: Liberalizm, muhafazak\u00e2rl\u0131k ve romantizm. Ayd\u0131nlanma, Devrim ve Romantizm, bu geleneklerin do\u011fu\u015funu ve ba\u011flam\u0131n\u0131 sapt\u0131yor ve de onlar\u0131n temel politik d\u00fc\u015f\u00fcncelerini ayd\u0131nlat\u0131yor. Kant, Fichte, Jacobi, Forster ve Moser gibi tan\u0131nm\u0131\u015f fig\u00fcrlerden hareket eden Beiser, d\u00f6nemin ba\u015fl\u0131ca politik d\u00fc\u015f\u00fcn\u00fcrlerinin Frans\u0131z Devrimi\u2019ne verdi\u011fi tepkileri \u00f6zetliyor. Politik teorilerinin 1790\u2019lar \u00f6ncesindeki kaynaklar\u0131n\u0131 soru\u015fturuyor ve politikan\u0131n onlar\u0131n genel olarak d\u00fc\u015f\u00fcncelerindeki \u00f6nemini de\u011ferlendiriyor. Toplumsal-politik ya\u015fama \u015fekil veren tek bir on y\u0131la yo\u011funla\u015fan Beiser, 18. y\u00fczy\u0131l sonlar\u0131nda Alman d\u00fc\u015f\u00fcncesinin alt\u0131nda yatan politik de\u011ferleri ve ama\u00e7lar\u0131 ortaya \u00e7\u0131karmay\u0131 ve sonu\u00e7ta Alman felsefi gelene\u011finde pratik akl\u0131n yerini a\u00e7\u0131kl\u0131\u011fa kavu\u015fturmay\u0131 hedeflemektedir.<\/p>\n","protected":false},"excerpt":{"rendered":"<p>En itaatk\u00e2r karakter i\u00e7in d\u00fc\u015f\u00fcncede en b\u00fcy\u00fck cesareti g\u00f6steriyorlar.\u201d Madam de Stael, 18. y\u00fczy\u0131l\u0131n sonlar\u0131nda Alman entelekt\u00fcellerini b\u00f6yle tarif etmi\u015fti ve entelekt\u00fcel ile politik olan aras\u0131ndaki<span class=\"excerpt-hellip\"> [\u2026]<\/span><\/p>\n","protected":false},"featured_media":0,"template":"","meta":{"_monsterinsights_skip_tracking":false,"_monsterinsights_sitenote_active":false,"_monsterinsights_sitenote_note":"","_monsterinsights_sitenote_category":0},"product_brand":[],"product_cat":[12388,13555],"product_tag":[],"class_list":{"0":"post-715434","1":"product","2":"type-product","3":"status-publish","5":"product_cat-felsefe","6":"product_cat-genel-felsefe","7":"pa_cilt-ciltsiz","8":"pa_tur-kitap","9":"pa_yayinevi-ayrinti-yayinlari","10":"pa_yazar-frederick-c-beiser","12":"first","13":"instock","14":"sale","15":"shipping-taxable","16":"purchasable","17":"product-type-simple"},"_links":{"self":[{"href":"https:\/\/roveyayinevi.com.tr\/index.php\/wp-json\/wp\/v2\/product\/715434","targetHints":{"allow":["GET"]}}],"collection":[{"href":"https:\/\/roveyayinevi.com.tr\/index.php\/wp-json\/wp\/v2\/product"}],"about":[{"href":"https:\/\/roveyayinevi.com.tr\/index.php\/wp-json\/wp\/v2\/types\/product"}],"wp:attachment":[{"href":"https:\/\/roveyayinevi.com.tr\/index.php\/wp-json\/wp\/v2\/media?parent=715434"}],"wp:term":[{"taxonomy":"product_brand","embeddable":true,"href":"https:\/\/roveyayinevi.com.tr\/index.php\/wp-json\/wp\/v2\/product_brand?post=715434"},{"taxonomy":"product_cat","embeddable":true,"href":"https:\/\/roveyayinevi.com.tr\/index.php\/wp-json\/wp\/v2\/product_cat?post=715434"},{"taxonomy":"product_tag","embeddable":true,"href":"https:\/\/roveyayinevi.com.tr\/index.php\/wp-json\/wp\/v2\/product_tag?post=715434"}],"curies":[{"name":"wp","href":"https:\/\/api.w.org\/{rel}","templated":true}]}}