{"id":715432,"date":"2025-08-27T17:30:29","date_gmt":"2025-08-27T14:30:29","guid":{"rendered":"https:\/\/roveyayinevi.com.tr\/index.php\/urun\/efil-ekonomi-arastirmalari-dergisi-cilt-1-sayi-3\/"},"modified":"2026-04-16T02:23:43","modified_gmt":"2026-04-15T23:23:43","slug":"efil-ekonomi-arastirmalari-dergisi-cilt-1-sayi-3","status":"publish","type":"product","link":"https:\/\/roveyayinevi.com.tr\/index.php\/urun\/efil-ekonomi-arastirmalari-dergisi-cilt-1-sayi-3\/","title":{"rendered":"Efil Ekonomi Ara\u015ft\u0131rmalar\u0131 Dergisi; Cilt: 1 Say\u0131 3"},"content":{"rendered":"<p>Do\u00e7. Dr. Alper Duman, Elifnur Uysal &#8211; Firm Ownership Networks in Turkey Anahtar Kelimeler: Sahiplik A\u011f\u0131, \u0130\u015f Gruplar\u0131, \u015eirket Y\u00f6neti\u015fimi Prof. Dr. Wolfgang Streeck \u2013 Taking Back Control? The Future of Western Democratic Capitalism Anahtar Kelimeler: Devlet, Uluslararas\u0131 \u0130li\u015fkiler, K\u00fcreselle\u015fme, Demokrasi, Federalizm, Ayr\u0131l\u0131k\u00e7\u0131l\u0131k, Adem-i Merkeziyet\u00e7ilik, Avrupa Birli\u011fi, Avrupa Parasal Birli\u011fi Prof. Dr. Cem Mehmet Baydur &#8211; Marx\u2019\u0131n Art\u0131k De\u011feri ile K\u00e2r Ayn\u0131 \u015eey midir? Bir Makro Ekonomik Ele\u015ftiri Anahtar Kelimeler: De\u011fer, K\u00e2r, S\u00f6m\u00fcr\u00fc, Efektif Talep Prof. Dr. M. \u00d6zg\u00fcr Kayal\u0131ca, Prof. Dr. G\u00fclg\u00fcn Kayakutlu, Denizhan G\u00fcven &#8211; Verimlili\u011fi D\u00fc\u015fm\u00fc\u015f Bataryalar\u0131n Hizmet Sekt\u00f6r\u00fcnde Kullan\u0131m\u0131: Ak\u0131ll\u0131 Tesis Uygulamas\u0131 Anahtar Kelimeler: Alternatif Enerji, Mikro \u015febeke \u00c7izelgeleme, Enerji Depolama Do\u00e7. Dr. Abdullah \u00d6zdemir, Ar\u015f. G\u00f6r. Mehmet \u00d6zyi\u011fit &#8211; Kapitalizmin Tarihsel Krizleri ve Uluslararas\u0131 P ara Sistemlerine Etkileri Anahtar Kelimeler: Uluslararas\u0131 Para Sistemleri, Tarihsel Krizler, Kapitalizm, K\u00e2r Oranlar\u0131n\u0131n D\u00fc\u015fme E\u011filimi Yasas\u0131 Abdullah Nergiz &#8211; T\u00fcrkiye\u2019de Sivil Havac\u0131l\u0131\u011f\u0131n Kurulu\u015f Y\u0131llar\u0131nda Yabanc\u0131 Havayolu \u015eirketleri ve Ortakl\u0131k Giri\u015fimleri Anahtar Kelimeler: Havac\u0131l\u0131k, Havayolu, T\u00fcrkiye, THY, DHY, Pan Am Prof. Dr. Ertu\u011frul Tokdemir \u2013 Osmanl\u0131 \u0130lkel Tar\u0131m Toplulu\u011fu \u00dczerine Bir Ele\u015ftiri Anahtar Kelimeler: Osmanl\u0131, Para, Tar\u0131m Toplumu, T\u00fcrkiye<\/p>\n","protected":false},"excerpt":{"rendered":"<p>Do\u00e7. Dr. Alper Duman, Elifnur Uysal &#8211; Firm Ownership Networks in Turkey Anahtar Kelimeler: Sahiplik A\u011f\u0131, \u0130\u015f Gruplar\u0131, \u015eirket Y\u00f6neti\u015fimi Prof. Dr. Wolfgang Streeck \u2013 Taking<span class=\"excerpt-hellip\"> [\u2026]<\/span><\/p>\n","protected":false},"featured_media":0,"template":"","meta":{"_monsterinsights_skip_tracking":false,"_monsterinsights_sitenote_active":false,"_monsterinsights_sitenote_note":"","_monsterinsights_sitenote_category":0},"product_brand":[],"product_cat":[22249,13527],"product_tag":[],"class_list":{"0":"post-715432","1":"product","2":"type-product","3":"status-publish","5":"product_cat-bilim","6":"product_cat-sureli-yayinlar","7":"pa_cilt-ciltsiz","8":"pa_tur-dergi","9":"pa_yayinevi-efil-yayinevi-dergi","10":"pa_yazar-kolektif","12":"first","13":"instock","14":"sale","15":"shipping-taxable","16":"purchasable","17":"product-type-simple"},"_links":{"self":[{"href":"https:\/\/roveyayinevi.com.tr\/index.php\/wp-json\/wp\/v2\/product\/715432","targetHints":{"allow":["GET"]}}],"collection":[{"href":"https:\/\/roveyayinevi.com.tr\/index.php\/wp-json\/wp\/v2\/product"}],"about":[{"href":"https:\/\/roveyayinevi.com.tr\/index.php\/wp-json\/wp\/v2\/types\/product"}],"wp:attachment":[{"href":"https:\/\/roveyayinevi.com.tr\/index.php\/wp-json\/wp\/v2\/media?parent=715432"}],"wp:term":[{"taxonomy":"product_brand","embeddable":true,"href":"https:\/\/roveyayinevi.com.tr\/index.php\/wp-json\/wp\/v2\/product_brand?post=715432"},{"taxonomy":"product_cat","embeddable":true,"href":"https:\/\/roveyayinevi.com.tr\/index.php\/wp-json\/wp\/v2\/product_cat?post=715432"},{"taxonomy":"product_tag","embeddable":true,"href":"https:\/\/roveyayinevi.com.tr\/index.php\/wp-json\/wp\/v2\/product_tag?post=715432"}],"curies":[{"name":"wp","href":"https:\/\/api.w.org\/{rel}","templated":true}]}}