{"id":715431,"date":"2025-08-27T17:30:28","date_gmt":"2025-08-27T14:30:28","guid":{"rendered":"https:\/\/roveyayinevi.com.tr\/index.php\/urun\/cennette-ilk-sofra-bilge-kadin\/"},"modified":"2026-04-16T02:23:43","modified_gmt":"2026-04-15T23:23:43","slug":"cennette-ilk-sofra-bilge-kadin","status":"publish","type":"product","link":"https:\/\/roveyayinevi.com.tr\/index.php\/urun\/cennette-ilk-sofra-bilge-kadin\/","title":{"rendered":"Cennette \u0130lk Sofra &#8211; Bilge Kad\u0131n"},"content":{"rendered":"<p>Elma Yay\u0131nevi, ge\u00e7mi\u015ften g\u00fcn\u00fcm\u00fcze Anadolu uygarl\u0131klar\u0131nda ekme\u011fin, bu\u011fday\u0131n,  insan\u0131n bilinmeyen \u00f6yk\u00fcs\u00fc ile bulu\u015fuyor okuyucusuyla. Yazar Mine Ataman, bug\u00fcne kadar anlat\u0131lanlardan \u00e7ok farkl\u0131 bir \u015fekilde anlat\u0131yor bize ekme\u011fi. \u2026\u0130nsan ve bu\u011fday yery\u00fcz\u00fcn\u00fcn en kadim ikilisidir. Onlar mucizeyi birlikte ger\u00e7ekle\u015ftirir. Her yeni ekmek d\u00fcnyadaki yeni bir mucizenin habercisidir. Her seferinde bir tohum yollara d\u00fc\u015fer; kendini ger\u00e7ekle\u015ftirmek, insanla bulu\u015fmak i\u00e7in. Bu\u011fday mucizesinde, bereketi, sabr\u0131, payla\u015f\u0131m\u0131 gizler. Bu kadim ikilinin hik\u00e2yesini merak edenler i\u00e7in Cennette \u0130lk Sofra\u2026 Keyifli okumalar.<\/p>\n","protected":false},"excerpt":{"rendered":"<p>Elma Yay\u0131nevi, ge\u00e7mi\u015ften g\u00fcn\u00fcm\u00fcze Anadolu uygarl\u0131klar\u0131nda ekme\u011fin, bu\u011fday\u0131n, insan\u0131n bilinmeyen \u00f6yk\u00fcs\u00fc ile bulu\u015fuyor okuyucusuyla. Yazar Mine Ataman, bug\u00fcne kadar anlat\u0131lanlardan \u00e7ok farkl\u0131 bir \u015fekilde anlat\u0131yor bize<span class=\"excerpt-hellip\"> [\u2026]<\/span><\/p>\n","protected":false},"featured_media":0,"template":"","meta":{"_monsterinsights_skip_tracking":false,"_monsterinsights_sitenote_active":false,"_monsterinsights_sitenote_note":"","_monsterinsights_sitenote_category":0},"product_brand":[],"product_cat":[13005,13006],"product_tag":[],"class_list":{"0":"post-715431","1":"product","2":"type-product","3":"status-publish","5":"product_cat-bilim-muhendislik","6":"product_cat-populer-bilim","7":"pa_cilt-ciltsiz","8":"pa_tur-kitap","9":"pa_yayinevi-elma-yayinevi","10":"pa_yazar-mine-ataman","12":"first","13":"instock","14":"sale","15":"shipping-taxable","16":"purchasable","17":"product-type-simple"},"_links":{"self":[{"href":"https:\/\/roveyayinevi.com.tr\/index.php\/wp-json\/wp\/v2\/product\/715431","targetHints":{"allow":["GET"]}}],"collection":[{"href":"https:\/\/roveyayinevi.com.tr\/index.php\/wp-json\/wp\/v2\/product"}],"about":[{"href":"https:\/\/roveyayinevi.com.tr\/index.php\/wp-json\/wp\/v2\/types\/product"}],"wp:attachment":[{"href":"https:\/\/roveyayinevi.com.tr\/index.php\/wp-json\/wp\/v2\/media?parent=715431"}],"wp:term":[{"taxonomy":"product_brand","embeddable":true,"href":"https:\/\/roveyayinevi.com.tr\/index.php\/wp-json\/wp\/v2\/product_brand?post=715431"},{"taxonomy":"product_cat","embeddable":true,"href":"https:\/\/roveyayinevi.com.tr\/index.php\/wp-json\/wp\/v2\/product_cat?post=715431"},{"taxonomy":"product_tag","embeddable":true,"href":"https:\/\/roveyayinevi.com.tr\/index.php\/wp-json\/wp\/v2\/product_tag?post=715431"}],"curies":[{"name":"wp","href":"https:\/\/api.w.org\/{rel}","templated":true}]}}