{"id":715428,"date":"2025-08-27T17:30:26","date_gmt":"2025-08-27T14:30:26","guid":{"rendered":"https:\/\/roveyayinevi.com.tr\/index.php\/urun\/siret-tedkikleri\/"},"modified":"2026-04-16T02:23:43","modified_gmt":"2026-04-15T23:23:43","slug":"siret-tedkikleri","status":"publish","type":"product","link":"https:\/\/roveyayinevi.com.tr\/index.php\/urun\/siret-tedkikleri\/","title":{"rendered":"Siret Tedkikleri"},"content":{"rendered":"<p>Bu  kitap, yazar\u0131n farkl\u0131 zaman ve mek\u00e2nlarda yazd\u0131\u011f\u0131 makale, tan\u0131t\u0131m ve kritiklerden olu\u015fan toplam on iki yaz\u0131dan olu\u015fmaktad\u0131r. Esere, yaz\u0131lar\u0131n merkezinde Hz. Peygamber\u2019in sireti olmas\u0131 nedeniyle \u2018siret\u2019 ele\u015ftirel bak\u0131\u015f a\u00e7\u0131s\u0131na dayal\u0131 bir inceleme olmas\u0131 sebebiyle de \u2018tedkik\u2019 ad\u0131 verilmi\u015ftir. Kitaptaki yaz\u0131lar, Hz. Peygamber\u2019in siretiyle ilgili eksik ve yanl\u0131\u015f bilgi kaynakl\u0131 sorunlar\u0131n giderilmesine yard\u0131mc\u0131 olacakt\u0131r.<\/p>\n","protected":false},"excerpt":{"rendered":"<p>Bu kitap, yazar\u0131n farkl\u0131 zaman ve mek\u00e2nlarda yazd\u0131\u011f\u0131 makale, tan\u0131t\u0131m ve kritiklerden olu\u015fan toplam on iki yaz\u0131dan olu\u015fmaktad\u0131r. Esere, yaz\u0131lar\u0131n merkezinde Hz. Peygamber\u2019in sireti olmas\u0131 nedeniyle<span class=\"excerpt-hellip\"> [\u2026]<\/span><\/p>\n","protected":false},"featured_media":0,"template":"","meta":{"_monsterinsights_skip_tracking":false,"_monsterinsights_sitenote_active":false,"_monsterinsights_sitenote_note":"","_monsterinsights_sitenote_category":0},"product_brand":[],"product_cat":[13036,12718,12719],"product_tag":[],"class_list":{"0":"post-715428","1":"product","2":"type-product","3":"status-publish","5":"product_cat-arastirma-inceleme-islam","6":"product_cat-din","7":"product_cat-islam","8":"pa_cilt-ciltsiz","9":"pa_tur-kitap","10":"pa_yayinevi-otto-yayinlari","11":"pa_yazar-bunyamin-erul","13":"first","14":"instock","15":"sale","16":"shipping-taxable","17":"purchasable","18":"product-type-simple"},"_links":{"self":[{"href":"https:\/\/roveyayinevi.com.tr\/index.php\/wp-json\/wp\/v2\/product\/715428","targetHints":{"allow":["GET"]}}],"collection":[{"href":"https:\/\/roveyayinevi.com.tr\/index.php\/wp-json\/wp\/v2\/product"}],"about":[{"href":"https:\/\/roveyayinevi.com.tr\/index.php\/wp-json\/wp\/v2\/types\/product"}],"wp:attachment":[{"href":"https:\/\/roveyayinevi.com.tr\/index.php\/wp-json\/wp\/v2\/media?parent=715428"}],"wp:term":[{"taxonomy":"product_brand","embeddable":true,"href":"https:\/\/roveyayinevi.com.tr\/index.php\/wp-json\/wp\/v2\/product_brand?post=715428"},{"taxonomy":"product_cat","embeddable":true,"href":"https:\/\/roveyayinevi.com.tr\/index.php\/wp-json\/wp\/v2\/product_cat?post=715428"},{"taxonomy":"product_tag","embeddable":true,"href":"https:\/\/roveyayinevi.com.tr\/index.php\/wp-json\/wp\/v2\/product_tag?post=715428"}],"curies":[{"name":"wp","href":"https:\/\/api.w.org\/{rel}","templated":true}]}}