{"id":715427,"date":"2025-08-27T17:30:26","date_gmt":"2025-08-27T14:30:26","guid":{"rendered":"https:\/\/roveyayinevi.com.tr\/index.php\/urun\/romeo-ve-julyet\/"},"modified":"2026-04-16T02:23:43","modified_gmt":"2026-04-15T23:23:43","slug":"romeo-ve-julyet","status":"publish","type":"product","link":"https:\/\/roveyayinevi.com.tr\/index.php\/urun\/romeo-ve-julyet\/","title":{"rendered":"Romeo ve J\u00fclyet"},"content":{"rendered":"<p>T\u00fcm zamanlar\u0131n en b\u00fcy\u00fck tiyatro yazar\u0131 WILLIAM SHAKESPEARE, y\u00fcz y\u0131llard\u0131r okurlar\u0131n\u0131 ve seyircilerini b\u00fcy\u00fclemeyi s\u00fcrd\u00fcr\u00fcyor. G\u00fczelli\u011fi ve h\u00fczn\u00fcyle d\u00fcnyan\u0131n d\u00f6rt bir yan\u0131ndaki m\u00fczisyenlere, ressamlara, sanat\u00e7\u0131lara ilham veren ROMEO VE J\u00dcLYET\u2019in bu uyarlamas\u0131n\u0131 okuman\u0131z ve sahnelemeniz i\u00e7in sizinle bulu\u015fturuyoruz<\/p>\n","protected":false},"excerpt":{"rendered":"<p>T\u00fcm zamanlar\u0131n en b\u00fcy\u00fck tiyatro yazar\u0131 WILLIAM SHAKESPEARE, y\u00fcz y\u0131llard\u0131r okurlar\u0131n\u0131 ve seyircilerini b\u00fcy\u00fclemeyi s\u00fcrd\u00fcr\u00fcyor. G\u00fczelli\u011fi ve h\u00fczn\u00fcyle d\u00fcnyan\u0131n d\u00f6rt bir yan\u0131ndaki m\u00fczisyenlere, ressamlara, sanat\u00e7\u0131lara ilham<span class=\"excerpt-hellip\"> [\u2026]<\/span><\/p>\n","protected":false},"featured_media":0,"template":"","meta":{"_monsterinsights_skip_tracking":false,"_monsterinsights_sitenote_active":false,"_monsterinsights_sitenote_note":"","_monsterinsights_sitenote_category":0},"product_brand":[],"product_cat":[14643,12291],"product_tag":[],"class_list":{"0":"post-715427","1":"product","2":"type-product","3":"status-publish","5":"product_cat-ask","6":"product_cat-edebiyat","7":"pa_cilt-ciltsiz","8":"pa_tur-kitap","9":"pa_yayinevi-can-cocuk-yayinlari","10":"pa_yazar-william-shakespeare","12":"first","13":"instock","14":"sale","15":"shipping-taxable","16":"purchasable","17":"product-type-simple"},"_links":{"self":[{"href":"https:\/\/roveyayinevi.com.tr\/index.php\/wp-json\/wp\/v2\/product\/715427","targetHints":{"allow":["GET"]}}],"collection":[{"href":"https:\/\/roveyayinevi.com.tr\/index.php\/wp-json\/wp\/v2\/product"}],"about":[{"href":"https:\/\/roveyayinevi.com.tr\/index.php\/wp-json\/wp\/v2\/types\/product"}],"wp:attachment":[{"href":"https:\/\/roveyayinevi.com.tr\/index.php\/wp-json\/wp\/v2\/media?parent=715427"}],"wp:term":[{"taxonomy":"product_brand","embeddable":true,"href":"https:\/\/roveyayinevi.com.tr\/index.php\/wp-json\/wp\/v2\/product_brand?post=715427"},{"taxonomy":"product_cat","embeddable":true,"href":"https:\/\/roveyayinevi.com.tr\/index.php\/wp-json\/wp\/v2\/product_cat?post=715427"},{"taxonomy":"product_tag","embeddable":true,"href":"https:\/\/roveyayinevi.com.tr\/index.php\/wp-json\/wp\/v2\/product_tag?post=715427"}],"curies":[{"name":"wp","href":"https:\/\/api.w.org\/{rel}","templated":true}]}}