{"id":715425,"date":"2025-08-27T17:30:24","date_gmt":"2025-08-27T14:30:24","guid":{"rendered":"https:\/\/roveyayinevi.com.tr\/index.php\/urun\/kayip-kadin\/"},"modified":"2026-04-16T02:23:43","modified_gmt":"2026-04-15T23:23:43","slug":"kayip-kadin","status":"publish","type":"product","link":"https:\/\/roveyayinevi.com.tr\/index.php\/urun\/kayip-kadin\/","title":{"rendered":"Kay\u0131p Kad\u0131n"},"content":{"rendered":"<p>\u201cSaatler ak\u0131yordu, insanlar, buharla\u015f\u0131p havaya kar\u0131\u015fan c\u00fcmleler ak\u0131yordu. \u00c7evremdeki her \u015fey bir de\u011fi\u015fim ve devinim i\u00e7indeydi. Sabit duran bir tek ben vard\u0131m\u2026 Oradan oraya bilin\u00e7sizce savrulurken g\u00f6zlerimi s\u0131ms\u0131k\u0131 kaparsam bunun bir son bulaca\u011f\u0131n\u0131 sanacak kadar da korkak ve aptald\u0131m. Ruhum yara bere i\u00e7inde kalm\u0131\u015ft\u0131 ama yenilmeyi kendime konduram\u0131yordum.\u201d S\u0131rlar, ge\u00e7mi\u015fe emanet edilebilir mi? Kendini yaln\u0131zl\u0131\u011fa hapsetmi\u015f bir insan, daha ne kadar feryatlar\u0131n\u0131 sessizli\u011fine g\u00f6mebilir? Ba\u015far\u0131l\u0131 bir kariyer ve sakin bir hayat\u0131n i\u00e7inde her g\u00fcn ya\u015fanan \u00f6l\u00fcm\u00fcn hikayesini anlat\u0131yor Kay\u0131p Kad\u0131n. Ger\u00e7ekler ad\u0131m ad\u0131m ortaya \u00e7\u0131karken bu kez tan\u0131d\u0131k hayatlar\u0131n bilinmeyen hikayelerini sunuyor size. Gen\u00e7 yazar\u0131n titizlikle, adeta ince ince dokudu\u011fu kurgunun aralad\u0131\u011f\u0131 kap\u0131lardan ge\u00e7erken \u00f6yle bir an ya\u015f\u0131yorsunuz ki \u00f6yk\u00fcn\u00fcn kahraman\u0131 siz oluvermi\u015f ve kendi hikayenizi yazmaya ba\u015flam\u0131\u015fs\u0131n\u0131z\u2026 Kay\u0131p Kad\u0131n, Dilara Aksongur\u2019un ilk uzun \u00f6yk\u00fc denemesi. Edebiyat\u0131n en zor t\u00fcrlerinden biri olarak kabul edilen \u00f6yk\u00fc format\u0131nda yaz\u0131lan Kay\u0131p Kad\u0131n, ustal\u0131kla sonlanan psikolojik-gerilim kurgusu ile dikkat \u00e7ekiyor.<\/p>\n","protected":false},"excerpt":{"rendered":"<p>\u201cSaatler ak\u0131yordu, insanlar, buharla\u015f\u0131p havaya kar\u0131\u015fan c\u00fcmleler ak\u0131yordu. \u00c7evremdeki her \u015fey bir de\u011fi\u015fim ve devinim i\u00e7indeydi. Sabit duran bir tek ben vard\u0131m\u2026 Oradan oraya bilin\u00e7sizce savrulurken<span class=\"excerpt-hellip\"> [\u2026]<\/span><\/p>\n","protected":false},"featured_media":0,"template":"","meta":{"_monsterinsights_skip_tracking":false,"_monsterinsights_sitenote_active":false,"_monsterinsights_sitenote_note":"","_monsterinsights_sitenote_category":0},"product_brand":[],"product_cat":[12291,12711],"product_tag":[],"class_list":{"0":"post-715425","1":"product","2":"type-product","3":"status-publish","5":"product_cat-edebiyat","6":"product_cat-roman-oyku","7":"pa_cilt-ciltsiz","8":"pa_tur-kitap","9":"pa_yayinevi-ideal-kultur-yayincilik","10":"pa_yazar-dilara-aksongur","12":"first","13":"instock","14":"sale","15":"shipping-taxable","16":"purchasable","17":"product-type-simple"},"_links":{"self":[{"href":"https:\/\/roveyayinevi.com.tr\/index.php\/wp-json\/wp\/v2\/product\/715425","targetHints":{"allow":["GET"]}}],"collection":[{"href":"https:\/\/roveyayinevi.com.tr\/index.php\/wp-json\/wp\/v2\/product"}],"about":[{"href":"https:\/\/roveyayinevi.com.tr\/index.php\/wp-json\/wp\/v2\/types\/product"}],"wp:attachment":[{"href":"https:\/\/roveyayinevi.com.tr\/index.php\/wp-json\/wp\/v2\/media?parent=715425"}],"wp:term":[{"taxonomy":"product_brand","embeddable":true,"href":"https:\/\/roveyayinevi.com.tr\/index.php\/wp-json\/wp\/v2\/product_brand?post=715425"},{"taxonomy":"product_cat","embeddable":true,"href":"https:\/\/roveyayinevi.com.tr\/index.php\/wp-json\/wp\/v2\/product_cat?post=715425"},{"taxonomy":"product_tag","embeddable":true,"href":"https:\/\/roveyayinevi.com.tr\/index.php\/wp-json\/wp\/v2\/product_tag?post=715425"}],"curies":[{"name":"wp","href":"https:\/\/api.w.org\/{rel}","templated":true}]}}