{"id":715424,"date":"2025-08-27T17:30:24","date_gmt":"2025-08-27T14:30:24","guid":{"rendered":"https:\/\/roveyayinevi.com.tr\/index.php\/urun\/kis-uzumu\/"},"modified":"2026-04-16T02:23:43","modified_gmt":"2026-04-15T23:23:43","slug":"kis-uzumu","status":"publish","type":"product","link":"https:\/\/roveyayinevi.com.tr\/index.php\/urun\/kis-uzumu\/","title":{"rendered":"K\u0131\u015f \u00dcz\u00fcm\u00fc"},"content":{"rendered":"<p>\u0130yi olanlar\u0131n iyi oynayanlar kar\u015f\u0131s\u0131nda ma\u011flup oldu\u011fu bir d\u00fcnyaya ba\u015fkald\u0131rmak \u201cisyan\u201d de\u011fildir. \u00c7\u00fcnk\u00fc baharda \u00e7i\u00e7ek a\u00e7mak \u00e2detten, zemheride kardelen olmak asaletten say\u0131l\u0131r. \u201cYapt\u0131\u011f\u0131m iyili\u011fi hak etmeyenler var.\u201d diyerek iyilik yapmaktan vazge\u00e7en iyili\u011fi hak etmez. \u0130nsansa yapar. Kartal konmuyor diye \u015fahikalar bo\u015f mu kal\u0131r, g\u00f6z g\u00f6rm\u00fcyor diye kar\u0131ncalar a\u00e7 m\u0131 kal\u0131r? \u00d6yleyse mataram\u0131z kavruk \u00e7\u00f6llerin de susuzlu\u011funa talip olmal\u0131. \u00c7\u00f6l\u00fcn ate\u015fini s\u00f6nd\u00fcremeyiz belki, bu do\u011fru! Kurumakta olan fidana bir damla suyla ko\u015fmak neyi de\u011fi\u015ftirir? Fakat buna mecburuz! Ancak b\u00f6yle insan kalabiliriz. Bu kitap, \u00f6telere bilet alm\u0131\u015f se\u00e7kin bir z\u00fcmrenin seyahatine e\u015flik etmek, can kenar\u0131ndaki koltukta asil bir sohbet arayanlar\u0131n yaln\u0131z olmad\u0131klar\u0131n\u0131 hat\u0131rlatmak gayesiyle kaleme al\u0131nm\u0131\u015ft\u0131r. Az\u0131\u011fa a\u015f, yola yolda\u015f, kula a\u015fk laz\u0131md\u0131r. Zira dost ancak dostun yan\u0131nda kar\u015f\u0131l\u0131\u011f\u0131n\u0131 bulur!  E\u011fitimci-yazar Mehmet Tekiner, ya\u015fama dair g\u00f6zlemlerini al\u00e7akg\u00f6n\u00fcll\u00fcl\u00fck, sayg\u0131 ve sevgi \u00fczerine kurulu d\u00fc\u015f\u00fcnce s\u00fczgecinden ge\u00e7irerek farkl\u0131 bir perspektif \u00fczerinden anlat\u0131yor okuyucuya.<\/p>\n","protected":false},"excerpt":{"rendered":"<p>\u0130yi olanlar\u0131n iyi oynayanlar kar\u015f\u0131s\u0131nda ma\u011flup oldu\u011fu bir d\u00fcnyaya ba\u015fkald\u0131rmak \u201cisyan\u201d de\u011fildir. \u00c7\u00fcnk\u00fc baharda \u00e7i\u00e7ek a\u00e7mak \u00e2detten, zemheride kardelen olmak asaletten say\u0131l\u0131r. \u201cYapt\u0131\u011f\u0131m iyili\u011fi hak etmeyenler<span class=\"excerpt-hellip\"> [\u2026]<\/span><\/p>\n","protected":false},"featured_media":0,"template":"","meta":{"_monsterinsights_skip_tracking":false,"_monsterinsights_sitenote_active":false,"_monsterinsights_sitenote_note":"","_monsterinsights_sitenote_category":0},"product_brand":[],"product_cat":[12777,12291],"product_tag":[],"class_list":{"0":"post-715424","1":"product","2":"type-product","3":"status-publish","5":"product_cat-deneme","6":"product_cat-edebiyat","7":"pa_cilt-ciltsiz","8":"pa_tur-kitap","9":"pa_yayinevi-ideal-kultur-yayincilik","10":"pa_yazar-mehmet-tekiner","12":"first","13":"instock","14":"sale","15":"shipping-taxable","16":"purchasable","17":"product-type-simple"},"_links":{"self":[{"href":"https:\/\/roveyayinevi.com.tr\/index.php\/wp-json\/wp\/v2\/product\/715424","targetHints":{"allow":["GET"]}}],"collection":[{"href":"https:\/\/roveyayinevi.com.tr\/index.php\/wp-json\/wp\/v2\/product"}],"about":[{"href":"https:\/\/roveyayinevi.com.tr\/index.php\/wp-json\/wp\/v2\/types\/product"}],"wp:attachment":[{"href":"https:\/\/roveyayinevi.com.tr\/index.php\/wp-json\/wp\/v2\/media?parent=715424"}],"wp:term":[{"taxonomy":"product_brand","embeddable":true,"href":"https:\/\/roveyayinevi.com.tr\/index.php\/wp-json\/wp\/v2\/product_brand?post=715424"},{"taxonomy":"product_cat","embeddable":true,"href":"https:\/\/roveyayinevi.com.tr\/index.php\/wp-json\/wp\/v2\/product_cat?post=715424"},{"taxonomy":"product_tag","embeddable":true,"href":"https:\/\/roveyayinevi.com.tr\/index.php\/wp-json\/wp\/v2\/product_tag?post=715424"}],"curies":[{"name":"wp","href":"https:\/\/api.w.org\/{rel}","templated":true}]}}