{"id":715422,"date":"2025-08-27T17:30:22","date_gmt":"2025-08-27T14:30:22","guid":{"rendered":"https:\/\/roveyayinevi.com.tr\/index.php\/urun\/ilham-veren-cumhuriyet-kahramanlari-oncu-kadinlar\/"},"modified":"2026-04-16T02:23:43","modified_gmt":"2026-04-15T23:23:43","slug":"ilham-veren-cumhuriyet-kahramanlari-oncu-kadinlar","status":"publish","type":"product","link":"https:\/\/roveyayinevi.com.tr\/index.php\/urun\/ilham-veren-cumhuriyet-kahramanlari-oncu-kadinlar\/","title":{"rendered":"\u0130lham Veren Cumhuriyet Kahramanlar\u0131 &#8211; \u00d6nc\u00fc Kad\u0131nlar"},"content":{"rendered":"<p>Sevgili \u00e7ocuklar ve gen\u00e7ler, Sizler bu \u00fclkenin gelece\u011fisiniz. B\u00fcy\u00fck \u00f6nderimiz Atat\u00fcrk, cumhuriyeti sizlere emanet etti. Bizler zor \u015fartlarda ama onun kurdu\u011fu cumhuriyet sayesinde \u015fansl\u0131 b\u00fcy\u00fcyen bir nesiliz. Sava\u015ftan bizi kurtaran ve bize \u00e7a\u011fda\u015f bir \u00fclke yaratan Atat\u00fcrk sayesinde, Bat\u0131\u2019n\u0131n 100 y\u0131lda sa\u011flayamad\u0131\u011f\u0131 ilerlemeyi biz 10 y\u0131lda yapt\u0131k. Cumhuriyet sayesinde k\u0131zlar istedikleri mesle\u011fi se\u00e7ebildiler, kad\u0131nlar\u0131m\u0131z d\u00fcnyan\u0131n her yerinde \u00e7ok ba\u015far\u0131l\u0131 i\u015fler yap\u0131yor. Her meslekten gurur duydu\u011fumuz \u00e7ocuklar\u0131m\u0131z var. Art\u0131k s\u0131ra sizde, sizler de bu \u00fclkenin gurur duydu\u011fu kad\u0131nlar ve erkeklerden biri olacaks\u0131n\u0131z. Bu kitapta hayat\u0131n\u0131 okuyaca\u011f\u0131n\u0131z kad\u0131nlar, cumhuriyetin yeti\u015ftirdi\u011fi \u00e7ok de\u011ferli isimler. Onlar sizin kadar geni\u015f imk\u00e2nlara sahip de de\u011fillerdi ama ba\u015fard\u0131lar. \u00c7\u00fcnk\u00fc y\u0131lmad\u0131lar ve \u00e7ok \u00e7al\u0131\u015ft\u0131lar. Umar\u0131m size \u00f6rnek olurlar. Sevgili \u00e7ocuklar; sevdi\u011finiz i\u015fi yap\u0131n, \u00e7ok \u00e7al\u0131\u015f\u0131n, \u00e7ok okuyun, bilimin yolundan ayr\u0131lmay\u0131n ve cumhuriyete sahip \u00e7\u0131k\u0131n&#8230;\u201d <\/p>\n","protected":false},"excerpt":{"rendered":"<p>Sevgili \u00e7ocuklar ve gen\u00e7ler, Sizler bu \u00fclkenin gelece\u011fisiniz. B\u00fcy\u00fck \u00f6nderimiz Atat\u00fcrk, cumhuriyeti sizlere emanet etti. Bizler zor \u015fartlarda ama onun kurdu\u011fu cumhuriyet sayesinde \u015fansl\u0131 b\u00fcy\u00fcyen bir<span class=\"excerpt-hellip\"> [\u2026]<\/span><\/p>\n","protected":false},"featured_media":0,"template":"","meta":{"_monsterinsights_skip_tracking":false,"_monsterinsights_sitenote_active":false,"_monsterinsights_sitenote_note":"","_monsterinsights_sitenote_category":0},"product_brand":[],"product_cat":[14009,12291],"product_tag":[],"class_list":{"0":"post-715422","1":"product","2":"type-product","3":"status-publish","5":"product_cat-biyografi-otobiyografi-edebiyat","6":"product_cat-edebiyat","7":"pa_cilt-ciltsiz","8":"pa_tur-kitap","9":"pa_yayinevi-kirmizi-kedi-yayinevi","10":"pa_yazar-ozlem-ozdemir","12":"first","13":"instock","14":"sale","15":"shipping-taxable","16":"purchasable","17":"product-type-simple"},"_links":{"self":[{"href":"https:\/\/roveyayinevi.com.tr\/index.php\/wp-json\/wp\/v2\/product\/715422","targetHints":{"allow":["GET"]}}],"collection":[{"href":"https:\/\/roveyayinevi.com.tr\/index.php\/wp-json\/wp\/v2\/product"}],"about":[{"href":"https:\/\/roveyayinevi.com.tr\/index.php\/wp-json\/wp\/v2\/types\/product"}],"wp:attachment":[{"href":"https:\/\/roveyayinevi.com.tr\/index.php\/wp-json\/wp\/v2\/media?parent=715422"}],"wp:term":[{"taxonomy":"product_brand","embeddable":true,"href":"https:\/\/roveyayinevi.com.tr\/index.php\/wp-json\/wp\/v2\/product_brand?post=715422"},{"taxonomy":"product_cat","embeddable":true,"href":"https:\/\/roveyayinevi.com.tr\/index.php\/wp-json\/wp\/v2\/product_cat?post=715422"},{"taxonomy":"product_tag","embeddable":true,"href":"https:\/\/roveyayinevi.com.tr\/index.php\/wp-json\/wp\/v2\/product_tag?post=715422"}],"curies":[{"name":"wp","href":"https:\/\/api.w.org\/{rel}","templated":true}]}}