{"id":715421,"date":"2025-08-27T17:30:22","date_gmt":"2025-08-27T14:30:22","guid":{"rendered":"https:\/\/roveyayinevi.com.tr\/index.php\/urun\/unutmadimaklimda-25-yillik-agit\/"},"modified":"2026-04-16T02:23:43","modified_gmt":"2026-04-15T23:23:43","slug":"unutmadimaklimda-25-yillik-agit","status":"publish","type":"product","link":"https:\/\/roveyayinevi.com.tr\/index.php\/urun\/unutmadimaklimda-25-yillik-agit\/","title":{"rendered":"unutMADIMAKl\u0131mda &#8211; 25 Y\u0131ll\u0131k A\u011f\u0131t"},"content":{"rendered":"<p>Ne ac\u0131lar \u00e7ektik zaten vard\u0131lar&#8230; Bu s\u0131z\u0131 yirmi be\u015f y\u0131ll\u0131k de\u011fil. Babalar\u0131m\u0131z g\u00f6z g\u00f6re g\u00f6re yand\u0131lar! <\/p>\n","protected":false},"excerpt":{"rendered":"<p>Ne ac\u0131lar \u00e7ektik zaten vard\u0131lar&#8230; Bu s\u0131z\u0131 yirmi be\u015f y\u0131ll\u0131k de\u011fil. Babalar\u0131m\u0131z g\u00f6z g\u00f6re g\u00f6re yand\u0131lar!<\/p>\n","protected":false},"featured_media":0,"template":"","meta":{"_monsterinsights_skip_tracking":false,"_monsterinsights_sitenote_active":false,"_monsterinsights_sitenote_note":"","_monsterinsights_sitenote_category":0},"product_brand":[],"product_cat":[31194,12337],"product_tag":[],"class_list":{"0":"post-715421","1":"product","2":"type-product","3":"status-publish","5":"product_cat-guncel-siyaset","6":"product_cat-politika-siyaset","7":"pa_cilt-ciltsiz","8":"pa_tur-kitap","9":"pa_yayinevi-kirmizi-kedi-yayinevi","10":"pa_yazar-eren-aysan-zeynep-altiok","12":"first","13":"instock","14":"sale","15":"shipping-taxable","16":"purchasable","17":"product-type-simple"},"_links":{"self":[{"href":"https:\/\/roveyayinevi.com.tr\/index.php\/wp-json\/wp\/v2\/product\/715421","targetHints":{"allow":["GET"]}}],"collection":[{"href":"https:\/\/roveyayinevi.com.tr\/index.php\/wp-json\/wp\/v2\/product"}],"about":[{"href":"https:\/\/roveyayinevi.com.tr\/index.php\/wp-json\/wp\/v2\/types\/product"}],"wp:attachment":[{"href":"https:\/\/roveyayinevi.com.tr\/index.php\/wp-json\/wp\/v2\/media?parent=715421"}],"wp:term":[{"taxonomy":"product_brand","embeddable":true,"href":"https:\/\/roveyayinevi.com.tr\/index.php\/wp-json\/wp\/v2\/product_brand?post=715421"},{"taxonomy":"product_cat","embeddable":true,"href":"https:\/\/roveyayinevi.com.tr\/index.php\/wp-json\/wp\/v2\/product_cat?post=715421"},{"taxonomy":"product_tag","embeddable":true,"href":"https:\/\/roveyayinevi.com.tr\/index.php\/wp-json\/wp\/v2\/product_tag?post=715421"}],"curies":[{"name":"wp","href":"https:\/\/api.w.org\/{rel}","templated":true}]}}