{"id":715419,"date":"2025-08-27T17:30:21","date_gmt":"2025-08-27T14:30:21","guid":{"rendered":"https:\/\/roveyayinevi.com.tr\/index.php\/urun\/yasli-bakimi\/"},"modified":"2026-04-16T02:23:43","modified_gmt":"2026-04-15T23:23:43","slug":"yasli-bakimi","status":"publish","type":"product","link":"https:\/\/roveyayinevi.com.tr\/index.php\/urun\/yasli-bakimi\/","title":{"rendered":"Ya\u015fl\u0131 Bak\u0131m\u0131"},"content":{"rendered":"<p>N\u00fcfus yap\u0131s\u0131 ve dinamikleri, toplumlar\u0131n bug\u00fcn\u00fc ve gelecekleri hakk\u0131nda \u00f6nemli de\u011ferlendirmeler yap\u0131lmas\u0131n\u0131 gerekli k\u0131lmaktad\u0131r. Gen\u00e7 n\u00fcfus art\u0131\u015f\u0131 e\u011fitim, sa\u011fl\u0131k ve istihdam ba\u015fta olmak \u00fczere toplumlar a\u00e7\u0131s\u0131ndan b\u00fcy\u00fck sorunlar yarat\u0131yorken; ya\u015fl\u0131 n\u00fcfus art\u0131\u015f\u0131 da, ba\u015fta bak\u0131m ve sa\u011fl\u0131k hizmetleri olmak \u00fczere bir\u00e7ok \u00fclkenin sosyo-k\u00fclt\u00fcrel, sosyo-politik ve sosyo-ekonomik \u00f6ncelikleri aras\u0131nda yer almaya ba\u015flam\u0131\u015ft\u0131r. Geli\u015fmi\u015f \u00fclkeler ya\u015fl\u0131 bak\u0131m sorununu, \u00fcrettikleri \u00e7e\u015fitli \u00e7\u00f6z\u00fcmlerle ortadan kald\u0131rmaya ya da sorunun etkisini en alt d\u00fczeye d\u00fc\u015f\u00fcrmeye y\u00f6nelik giri\u015fimlerde bulunmakta ve alternatif modelleri hayata ge\u00e7irmeye \u00e7al\u0131\u015fmaktad\u0131r.T\u00fcrkiye, g\u00fcn\u00fcm\u00fczde, n\u00fcfus yap\u0131s\u0131 a\u00e7\u0131s\u0131ndan hen\u00fcz gen\u00e7 bir \u00fclke olarak nitelendirilebilecek bir konumda olmas\u0131na kar\u015f\u0131n, yak\u0131n gelecekte ya\u015fl\u0131 n\u00fcfus oran\u0131n\u0131n, geli\u015fmi\u015f \u00fclkelerinkine benzer bir seyir izleyece\u011fi ve k\u0131sa bir s\u00fcrede geli\u015fmi\u015f \u00fclkelerin ya\u015fl\u0131 n\u00fcfus oran\u0131na ula\u015faca\u011f\u0131 \u00f6ng\u00f6r\u00fclmektedir.Bu kitap, T\u00fcrkiye&#8217;de g\u00f6r\u00fcn\u00fcrl\u00fck kazanm\u0131\u015f olan ya\u015fl\u0131 bak\u0131m sorununa dikkat \u00e7ekerek, g\u00fcn\u00fcm\u00fczde ya\u015fl\u0131lara y\u00f6nelik verilen mevcut bak\u0131m ve di\u011fer hizmetler ile bu hizmetlerin yeterliliklerini, T\u00fcrkiye ve Almanya \u00f6rneklerinde sorguluyor. Ya\u015fl\u0131l\u0131k alan\u0131nda \u00e7al\u0131\u015fan ara\u015ft\u0131rmac\u0131, akademisyen, politika yap\u0131c\u0131lar ve Sosyal Hizmet e\u011fitimi alan \u00f6\u011frencilere, ya\u015fl\u0131, ya\u015fl\u0131 bak\u0131m\u0131 ve genel olarak ya\u015fl\u0131l\u0131k alan\u0131yla ilgili \u00e7ok y\u00f6nl\u00fc ve ayr\u0131nt\u0131l\u0131 bilgiler ta\u015f\u0131makla birlikte, T\u00fcrkiye&#8217;ye \u00f6zg\u00fc olu\u015fturulabilecek bir ya\u015fl\u0131 bak\u0131m sistemi konusunda model ve \u00f6neriler sunuyor.<\/p>\n","protected":false},"excerpt":{"rendered":"<p>N\u00fcfus yap\u0131s\u0131 ve dinamikleri, toplumlar\u0131n bug\u00fcn\u00fc ve gelecekleri hakk\u0131nda \u00f6nemli de\u011ferlendirmeler yap\u0131lmas\u0131n\u0131 gerekli k\u0131lmaktad\u0131r. Gen\u00e7 n\u00fcfus art\u0131\u015f\u0131 e\u011fitim, sa\u011fl\u0131k ve istihdam ba\u015fta olmak \u00fczere toplumlar a\u00e7\u0131s\u0131ndan<span class=\"excerpt-hellip\"> [\u2026]<\/span><\/p>\n","protected":false},"featured_media":0,"template":"","meta":{"_monsterinsights_skip_tracking":false,"_monsterinsights_sitenote_active":false,"_monsterinsights_sitenote_note":"","_monsterinsights_sitenote_category":0},"product_brand":[],"product_cat":[12835,12324],"product_tag":[],"class_list":{"0":"post-715419","1":"product","2":"type-product","3":"status-publish","5":"product_cat-genel-sosyoloji","6":"product_cat-sosyoloji","7":"pa_cilt-ciltsiz","8":"pa_tur-kitap","9":"pa_yayinevi-nika-yayinevi","10":"pa_yazar-turken-caglar","12":"first","13":"instock","14":"sale","15":"shipping-taxable","16":"purchasable","17":"product-type-simple"},"_links":{"self":[{"href":"https:\/\/roveyayinevi.com.tr\/index.php\/wp-json\/wp\/v2\/product\/715419","targetHints":{"allow":["GET"]}}],"collection":[{"href":"https:\/\/roveyayinevi.com.tr\/index.php\/wp-json\/wp\/v2\/product"}],"about":[{"href":"https:\/\/roveyayinevi.com.tr\/index.php\/wp-json\/wp\/v2\/types\/product"}],"wp:attachment":[{"href":"https:\/\/roveyayinevi.com.tr\/index.php\/wp-json\/wp\/v2\/media?parent=715419"}],"wp:term":[{"taxonomy":"product_brand","embeddable":true,"href":"https:\/\/roveyayinevi.com.tr\/index.php\/wp-json\/wp\/v2\/product_brand?post=715419"},{"taxonomy":"product_cat","embeddable":true,"href":"https:\/\/roveyayinevi.com.tr\/index.php\/wp-json\/wp\/v2\/product_cat?post=715419"},{"taxonomy":"product_tag","embeddable":true,"href":"https:\/\/roveyayinevi.com.tr\/index.php\/wp-json\/wp\/v2\/product_tag?post=715419"}],"curies":[{"name":"wp","href":"https:\/\/api.w.org\/{rel}","templated":true}]}}