{"id":715417,"date":"2025-08-27T17:30:20","date_gmt":"2025-08-27T14:30:20","guid":{"rendered":"https:\/\/roveyayinevi.com.tr\/index.php\/urun\/evrenin-son-devreleri\/"},"modified":"2026-04-16T02:23:43","modified_gmt":"2026-04-15T23:23:43","slug":"evrenin-son-devreleri","status":"publish","type":"product","link":"https:\/\/roveyayinevi.com.tr\/index.php\/urun\/evrenin-son-devreleri\/","title":{"rendered":"Evrenin Son Devreleri"},"content":{"rendered":"<p>Elinizde yer alan bu eser, de\u011ferli bilgin Ebu\u2019l Berek\u00e2t Abdullah en-Nesefi\u2019nin (\u00f6. 710\/1310) Med\u00e2riku\u2019t-Tenz\u00eel ve Hak\u00e2iku\u2019t-Te\u2019v\u00eel adl\u0131 tefsirinin T\u00fcrk\u00e7eye aktar\u0131lmas\u0131 ve \u00fczerinde \u015fahs\u0131ma yans\u0131yan \u015fekliyle anlayabildi\u011fim \u00f6l\u00e7\u00fcde g\u00fcncelleme ve zaman\u0131m\u0131za uygun yorumlama yap\u0131lmas\u0131 neticesinde olu\u015fan bir kitapt\u0131r. Takdir edilece\u011fi gibi, kolay bir i\u015f de\u011fildir ama \u201czor\u201d diyerek uzak durmak da ak\u0131l k\u00e2r\u0131 de\u011fildir. \u00c7\u00fcnk\u00fc her zoru kolay eden y\u00fcce bir Rabbimiz vard\u0131r. O\u2019nun kuts\u00ee ve e\u015fsiz inayeti kul \u00fczerinde belirince \u201cimk\u00e2ns\u0131zlar\u201d m\u00fcmk\u00fcn olur. Yani O\u2019nun yard\u0131m\u0131 ile olmayacak olmaz. O\u2019na sonsuz hamd \u00fc sen\u00e2lar, Peygamberine tertemiz sal\u00e2t \u00fc sel\u00e2mlar, sevgisiyle ve r\u0131zas\u0131yla sayg\u0131n k\u0131ld\u0131\u011f\u0131 erlere rahmetler olsun ki, 1980\u2019li y\u0131llardan bu yana hoca arkada\u015flar\u0131m\u0131zla ba\u015flatt\u0131\u011f\u0131m ve daha sonra halktan isteyeni de i\u00e7ine ald\u0131\u011f\u0131m\u0131z bu Tefsir derslerini, Y\u00fcce Rabbimizin yard\u0131m\u0131 ve e\u015fin dostun verdi\u011fi destek ve ilgiyle, m\u00fcbarek topraklardan olan Kastamonu vil\u00e2yetinde \u015fimdiki zamana kadar s\u00fcrd\u00fcrmekteyiz. Dersler o g\u00fcnden bug\u00fcne kaset, video ve CD\u2019lere kaydedilmektedir. \u0130lgili kitap bu kay\u0131tlar\u0131n yaz\u0131ya aktar\u0131lmas\u0131 ile meydana getirilmi\u015ftir. <\/p>\n","protected":false},"excerpt":{"rendered":"<p>Elinizde yer alan bu eser, de\u011ferli bilgin Ebu\u2019l Berek\u00e2t Abdullah en-Nesefi\u2019nin (\u00f6. 710\/1310) Med\u00e2riku\u2019t-Tenz\u00eel ve Hak\u00e2iku\u2019t-Te\u2019v\u00eel adl\u0131 tefsirinin T\u00fcrk\u00e7eye aktar\u0131lmas\u0131 ve \u00fczerinde \u015fahs\u0131ma yans\u0131yan \u015fekliyle anlayabildi\u011fim<span class=\"excerpt-hellip\"> [\u2026]<\/span><\/p>\n","protected":false},"featured_media":0,"template":"","meta":{"_monsterinsights_skip_tracking":false,"_monsterinsights_sitenote_active":false,"_monsterinsights_sitenote_note":"","_monsterinsights_sitenote_category":0},"product_brand":[],"product_cat":[12718,12719],"product_tag":[],"class_list":{"0":"post-715417","1":"product","2":"type-product","3":"status-publish","5":"product_cat-din","6":"product_cat-islam","7":"pa_cilt-ciltsiz","8":"pa_tur-kitap","9":"pa_yayinevi-altinordu-yayinlari","10":"pa_yazar-musa-ozdag","12":"first","13":"instock","14":"sale","15":"shipping-taxable","16":"purchasable","17":"product-type-simple"},"_links":{"self":[{"href":"https:\/\/roveyayinevi.com.tr\/index.php\/wp-json\/wp\/v2\/product\/715417","targetHints":{"allow":["GET"]}}],"collection":[{"href":"https:\/\/roveyayinevi.com.tr\/index.php\/wp-json\/wp\/v2\/product"}],"about":[{"href":"https:\/\/roveyayinevi.com.tr\/index.php\/wp-json\/wp\/v2\/types\/product"}],"wp:attachment":[{"href":"https:\/\/roveyayinevi.com.tr\/index.php\/wp-json\/wp\/v2\/media?parent=715417"}],"wp:term":[{"taxonomy":"product_brand","embeddable":true,"href":"https:\/\/roveyayinevi.com.tr\/index.php\/wp-json\/wp\/v2\/product_brand?post=715417"},{"taxonomy":"product_cat","embeddable":true,"href":"https:\/\/roveyayinevi.com.tr\/index.php\/wp-json\/wp\/v2\/product_cat?post=715417"},{"taxonomy":"product_tag","embeddable":true,"href":"https:\/\/roveyayinevi.com.tr\/index.php\/wp-json\/wp\/v2\/product_tag?post=715417"}],"curies":[{"name":"wp","href":"https:\/\/api.w.org\/{rel}","templated":true}]}}