{"id":715416,"date":"2025-08-27T17:30:19","date_gmt":"2025-08-27T14:30:19","guid":{"rendered":"https:\/\/roveyayinevi.com.tr\/index.php\/urun\/hatirla-beni\/"},"modified":"2026-04-16T02:23:43","modified_gmt":"2026-04-15T23:23:43","slug":"hatirla-beni","status":"publish","type":"product","link":"https:\/\/roveyayinevi.com.tr\/index.php\/urun\/hatirla-beni\/","title":{"rendered":"Hat\u0131rla Beni"},"content":{"rendered":"<p>Hat\u0131rla Beni bir kad\u0131n yazar taraf\u0131ndan, kad\u0131n diliyle yaz\u0131lm\u0131\u015f, alan\u0131nda bir ilk roman\u2026 12 Eyl\u00fcl\u2019e uzanan y\u0131llar\u0131n Ankara\u2019s\u0131nda sertle\u015fen sosyal atmosferin, kavgan\u0131n, \u015fiddetin, kutupla\u015fman\u0131n, haks\u0131zl\u0131klar\u0131n g\u00f6be\u011finde, umudunu son \u00e2na kadar kaybetmeyen, y\u00fcre\u011finde taptaze ve k\u00f6k\u00fc \u00e7ok derinlere inecek bir sevda ye\u015ferten bir gen\u00e7 k\u0131z\u0131n, G\u00fclden\u2019in i\u00e7 burkan hik\u00e2yesi\u2026 Hat\u0131rla Beni ayn\u0131 zamanda \u00fclkenin ve gen\u00e7 \u00f6m\u00fcrlerin bel kemi\u011fine \u00e2deta bir k\u0131l\u0131\u00e7 darbesi gibi inen ihtil\u00e2l ile telafisi zor, a\u011f\u0131r yaralar alan \u00fclk\u00fcc\u00fclerin roman\u0131\u2026 Olaylar\u0131n kontrolden \u00e7\u0131k\u0131\u015f\u0131yla birlikte b\u00fcy\u00fck kay\u0131plar ya\u015fayan ve firar\u00ee durumda y\u0131llarca Orta Anadolu\u2019da k\u00fc\u00e7\u00fck bir \u00e7ocuk ve ona tamamen yabanc\u0131 bir adamla birlikte oradan oraya savrulan G\u00fclden, girdi\u011fi a\u011f\u0131r depresyondan \u00e7\u0131kabilecek ve sevdi\u011fine, Murat\u2019\u0131na kavu\u015fabilecek midir? Hayatlar\u0131na kast edilen, hapsedilen, i\u015fkence g\u00f6ren ve devlet i\u00e7in m\u00fccadele ederken devlet eliyle mahk\u00fbm edilen, sesini y\u00fckseltmeyi onur meselesi say\u0131p k\u00f6\u015fesine \u00e7ekilen \u00fclk\u00fcc\u00fcler psikolojik bunal\u0131mdan nas\u0131l s\u0131yr\u0131lacaklard\u0131r? Y\u0131k\u0131nt\u0131lar\u0131n aras\u0131nda hen\u00fcz can vermemi\u015f boynu b\u00fck\u00fck bir filiz gibi direnen sevdalar\u0131na sahip \u00e7\u0131kabilecekler midir? \u0130lk yay\u0131mland\u0131\u011f\u0131nda okurun yo\u011fun duygusal tepkisiyle kar\u015f\u0131la\u015fan ve yazar\u0131n\u0131n ilk roman\u0131 olma \u00f6zelli\u011fi ta\u015f\u0131yan Hat\u0131rla Beni, eskimeyecek bir roman olarak raflarda yer alacak. \u00c7\u00fcnk\u00fc ruhen ve bedenen yaralanan o \u00fclk\u00fcc\u00fcler haf\u0131zalarda hep taze kalacak.<\/p>\n","protected":false},"excerpt":{"rendered":"<p>Hat\u0131rla Beni bir kad\u0131n yazar taraf\u0131ndan, kad\u0131n diliyle yaz\u0131lm\u0131\u015f, alan\u0131nda bir ilk roman\u2026 12 Eyl\u00fcl\u2019e uzanan y\u0131llar\u0131n Ankara\u2019s\u0131nda sertle\u015fen sosyal atmosferin, kavgan\u0131n, \u015fiddetin, kutupla\u015fman\u0131n, haks\u0131zl\u0131klar\u0131n g\u00f6be\u011finde,<span class=\"excerpt-hellip\"> [\u2026]<\/span><\/p>\n","protected":false},"featured_media":0,"template":"","meta":{"_monsterinsights_skip_tracking":false,"_monsterinsights_sitenote_active":false,"_monsterinsights_sitenote_note":"","_monsterinsights_sitenote_category":0},"product_brand":[],"product_cat":[12291,12711],"product_tag":[],"class_list":{"0":"post-715416","1":"product","2":"type-product","3":"status-publish","5":"product_cat-edebiyat","6":"product_cat-roman-oyku","7":"pa_cilt-ciltsiz","8":"pa_tur-kitap","9":"pa_yayinevi-otuken-nesriyat","10":"pa_yazar-misli-baydogan","12":"first","13":"instock","14":"sale","15":"shipping-taxable","16":"purchasable","17":"product-type-simple"},"_links":{"self":[{"href":"https:\/\/roveyayinevi.com.tr\/index.php\/wp-json\/wp\/v2\/product\/715416","targetHints":{"allow":["GET"]}}],"collection":[{"href":"https:\/\/roveyayinevi.com.tr\/index.php\/wp-json\/wp\/v2\/product"}],"about":[{"href":"https:\/\/roveyayinevi.com.tr\/index.php\/wp-json\/wp\/v2\/types\/product"}],"wp:attachment":[{"href":"https:\/\/roveyayinevi.com.tr\/index.php\/wp-json\/wp\/v2\/media?parent=715416"}],"wp:term":[{"taxonomy":"product_brand","embeddable":true,"href":"https:\/\/roveyayinevi.com.tr\/index.php\/wp-json\/wp\/v2\/product_brand?post=715416"},{"taxonomy":"product_cat","embeddable":true,"href":"https:\/\/roveyayinevi.com.tr\/index.php\/wp-json\/wp\/v2\/product_cat?post=715416"},{"taxonomy":"product_tag","embeddable":true,"href":"https:\/\/roveyayinevi.com.tr\/index.php\/wp-json\/wp\/v2\/product_tag?post=715416"}],"curies":[{"name":"wp","href":"https:\/\/api.w.org\/{rel}","templated":true}]}}