{"id":715410,"date":"2025-08-27T17:30:15","date_gmt":"2025-08-27T14:30:15","guid":{"rendered":"https:\/\/roveyayinevi.com.tr\/index.php\/urun\/hayata-dair-bikac-satir\/"},"modified":"2026-04-16T02:23:42","modified_gmt":"2026-04-15T23:23:42","slug":"hayata-dair-bikac-satir","status":"publish","type":"product","link":"https:\/\/roveyayinevi.com.tr\/index.php\/urun\/hayata-dair-bikac-satir\/","title":{"rendered":"Hayata Dair Bi&#8217;Ka\u00e7 Sat\u0131r"},"content":{"rendered":"<p>Leonardo da Vinci\u2019nin \u201cMona Lisa\u201d tablosunun sol \u00fcst k\u00f6\u015fesinde, bir f\u0131r\u00e7a darbesiyle olu\u015fan renk ya da Michelangelo\u2019nun \u201cMadonna ve \u00c7ocuk\u201d heykelinin etek k\u0131vr\u0131m\u0131nda yakalad\u0131\u011f\u0131n\u0131z ayr\u0131nt\u0131 sizi saatlerce ba\u011flar. Bakars\u0131n\u0131z i\u00e7inize sindire sindire, doya doya&#8230; Bir bak\u0131\u015f\u0131na, kirpik hareketine, ka\u015f\u0131n\u0131 kald\u0131r\u0131\u015f\u0131na, dudak k\u0131vr\u0131m\u0131na veya minik parmak\u00e7\u0131klara bakt\u0131m saatlerce. Doya doya, sindire sindire&#8230; Ve gri ve \u0131slak ve so\u011fuk \u00fclkede ve Tanr\u0131 ve do\u011fa bana d\u00fcnyan\u0131n sekizinci harikas\u0131n\u0131 kuca\u011f\u0131mda tutmay\u0131 arma\u011fan etti&#8230; A\u011flayan \u015fehirde, zemherinin tam ortas\u0131nda inad\u0131na do\u011fan g\u00fcne\u015f selamlad\u0131 eve geli\u015fimizi. Ev doldu; yuva oldu&#8230; Sabah gazetesi \/ 2005 <\/p>\n","protected":false},"excerpt":{"rendered":"<p>Leonardo da Vinci\u2019nin \u201cMona Lisa\u201d tablosunun sol \u00fcst k\u00f6\u015fesinde, bir f\u0131r\u00e7a darbesiyle olu\u015fan renk ya da Michelangelo\u2019nun \u201cMadonna ve \u00c7ocuk\u201d heykelinin etek k\u0131vr\u0131m\u0131nda yakalad\u0131\u011f\u0131n\u0131z ayr\u0131nt\u0131 sizi<span class=\"excerpt-hellip\"> [\u2026]<\/span><\/p>\n","protected":false},"featured_media":0,"template":"","meta":{"_monsterinsights_skip_tracking":false,"_monsterinsights_sitenote_active":false,"_monsterinsights_sitenote_note":"","_monsterinsights_sitenote_category":0},"product_brand":[],"product_cat":[12291,12711],"product_tag":[],"class_list":{"0":"post-715410","1":"product","2":"type-product","3":"status-publish","5":"product_cat-edebiyat","6":"product_cat-roman-oyku","7":"pa_cilt-ciltsiz","8":"pa_tur-kitap","9":"pa_yayinevi-inkilap-kitabevi","10":"pa_yazar-fikret-aydemir","12":"first","13":"instock","14":"sale","15":"shipping-taxable","16":"purchasable","17":"product-type-simple"},"_links":{"self":[{"href":"https:\/\/roveyayinevi.com.tr\/index.php\/wp-json\/wp\/v2\/product\/715410","targetHints":{"allow":["GET"]}}],"collection":[{"href":"https:\/\/roveyayinevi.com.tr\/index.php\/wp-json\/wp\/v2\/product"}],"about":[{"href":"https:\/\/roveyayinevi.com.tr\/index.php\/wp-json\/wp\/v2\/types\/product"}],"wp:attachment":[{"href":"https:\/\/roveyayinevi.com.tr\/index.php\/wp-json\/wp\/v2\/media?parent=715410"}],"wp:term":[{"taxonomy":"product_brand","embeddable":true,"href":"https:\/\/roveyayinevi.com.tr\/index.php\/wp-json\/wp\/v2\/product_brand?post=715410"},{"taxonomy":"product_cat","embeddable":true,"href":"https:\/\/roveyayinevi.com.tr\/index.php\/wp-json\/wp\/v2\/product_cat?post=715410"},{"taxonomy":"product_tag","embeddable":true,"href":"https:\/\/roveyayinevi.com.tr\/index.php\/wp-json\/wp\/v2\/product_tag?post=715410"}],"curies":[{"name":"wp","href":"https:\/\/api.w.org\/{rel}","templated":true}]}}