{"id":715406,"date":"2025-08-27T17:30:12","date_gmt":"2025-08-27T14:30:12","guid":{"rendered":"https:\/\/roveyayinevi.com.tr\/index.php\/urun\/anaokulu-ilk-bilgi-hazinem\/"},"modified":"2026-04-16T02:23:42","modified_gmt":"2026-04-15T23:23:42","slug":"anaokulu-ilk-bilgi-hazinem","status":"publish","type":"product","link":"https:\/\/roveyayinevi.com.tr\/index.php\/urun\/anaokulu-ilk-bilgi-hazinem\/","title":{"rendered":"Anaokulu &#8211; \u0130lk Bilgi Hazinem"},"content":{"rendered":"<p>Bug\u00fcn okul ba\u015fl\u0131yor. Haydi okula\u2026 \u00d6\u011fretmenimizle s\u0131n\u0131f\u0131 geziyoruz. \u0130\u015fte buras\u0131 k\u00fct\u00fcphane, \u015furada da oyuncaklar var. Teneff\u00fcs zaman\u0131, aktiviteler, spor saati, masal saati\u2026 Zaman nas\u0131l da dolu dolu ge\u00e7iyor. Ne harika bir g\u00fcn! <\/p>\n","protected":false},"excerpt":{"rendered":"<p>Bug\u00fcn okul ba\u015fl\u0131yor. Haydi okula\u2026 \u00d6\u011fretmenimizle s\u0131n\u0131f\u0131 geziyoruz. \u0130\u015fte buras\u0131 k\u00fct\u00fcphane, \u015furada da oyuncaklar var. Teneff\u00fcs zaman\u0131, aktiviteler, spor saati, masal saati\u2026 Zaman nas\u0131l da dolu<span class=\"excerpt-hellip\"> [\u2026]<\/span><\/p>\n","protected":false},"featured_media":0,"template":"","meta":{"_monsterinsights_skip_tracking":false,"_monsterinsights_sitenote_active":false,"_monsterinsights_sitenote_note":"","_monsterinsights_sitenote_category":0},"product_brand":[],"product_cat":[12274,24599],"product_tag":[],"class_list":{"0":"post-715406","1":"product","2":"type-product","3":"status-publish","5":"product_cat-cocuk-ve-genclik-kitaplari","6":"product_cat-zeka-gelisimi","7":"pa_cilt-ciltsiz","8":"pa_tur-kitap","9":"pa_yayinevi-mavi-kelebek-yayinlari","10":"pa_yazar-stephanie-ledu","12":"first","13":"instock","14":"sale","15":"shipping-taxable","16":"purchasable","17":"product-type-simple"},"_links":{"self":[{"href":"https:\/\/roveyayinevi.com.tr\/index.php\/wp-json\/wp\/v2\/product\/715406","targetHints":{"allow":["GET"]}}],"collection":[{"href":"https:\/\/roveyayinevi.com.tr\/index.php\/wp-json\/wp\/v2\/product"}],"about":[{"href":"https:\/\/roveyayinevi.com.tr\/index.php\/wp-json\/wp\/v2\/types\/product"}],"wp:attachment":[{"href":"https:\/\/roveyayinevi.com.tr\/index.php\/wp-json\/wp\/v2\/media?parent=715406"}],"wp:term":[{"taxonomy":"product_brand","embeddable":true,"href":"https:\/\/roveyayinevi.com.tr\/index.php\/wp-json\/wp\/v2\/product_brand?post=715406"},{"taxonomy":"product_cat","embeddable":true,"href":"https:\/\/roveyayinevi.com.tr\/index.php\/wp-json\/wp\/v2\/product_cat?post=715406"},{"taxonomy":"product_tag","embeddable":true,"href":"https:\/\/roveyayinevi.com.tr\/index.php\/wp-json\/wp\/v2\/product_tag?post=715406"}],"curies":[{"name":"wp","href":"https:\/\/api.w.org\/{rel}","templated":true}]}}