{"id":715405,"date":"2025-08-27T17:30:11","date_gmt":"2025-08-27T14:30:11","guid":{"rendered":"https:\/\/roveyayinevi.com.tr\/index.php\/urun\/ara-sira-ve-daima\/"},"modified":"2026-04-16T02:23:42","modified_gmt":"2026-04-15T23:23:42","slug":"ara-sira-ve-daima","status":"publish","type":"product","link":"https:\/\/roveyayinevi.com.tr\/index.php\/urun\/ara-sira-ve-daima\/","title":{"rendered":"Ara S\u0131ra ve Daima"},"content":{"rendered":"<p>Muhtelif \u00fcniversitelere girmi\u015f, devams\u0131zl\u0131k y\u00fcz\u00fcnden at\u0131lma konusunda tecr\u00fcbe sahibi olmu\u015ftur&#8230; Selahattin Hilav sayesinde ya da y\u00fcz\u00fcnden, gazetecili\u011fe ba\u015flam\u0131\u015ft\u0131r&#8230; Enis Batur y\u00fcz\u00fcnden de sinema yazarl\u0131\u011f\u0131na bula\u015fm\u0131\u015ft\u0131r. Caz ve spor yazmaya ba\u015flamas\u0131, &#8220;kendi d\u00fc\u015fen a\u011flamaz&#8221; deyimini akla getirir. Edebiyat konusunda, kendi kendine bile olsa hep yazard\u0131 zaten, o say\u0131lmaz&#8230;Zarars\u0131z bir \u015fah\u0131st\u0131r. \u0130nsanlarla genelde iyi anla\u015ft\u0131\u011f\u0131 halde, durmaks\u0131z\u0131n \u00e7al\u0131\u015fmas\u0131 y\u00fcz\u00fcnden d\u00fcped\u00fcz asosyal bir yarat\u0131k olup \u00e7\u0131km\u0131\u015ft\u0131r. Bilgisayar masas\u0131n\u0131n koltu\u011funa \u00e7ak\u0131lm\u0131\u015f gibidir&#8230;Sakar ve unutkand\u0131r, sa\u011fl\u0131\u011f\u0131na dikkat etmeyi (nedense) ay\u0131p sayar. Bir de, kedileri sever.   Haluk Bilginer, Meral Okay, Ece Ayhan, Tarkan, Tuncel Kurtiz, Mina Urgan, Murathan Mungan, Mehmet Teoman, Ay\u015fe \u015easa, Enis Batur, Cem Karaca, Hrant Dink, N\u00fckhet Ruacan, Jak Deleon, Osman \u015eahin, \u015eakir Eczac\u0131ba\u015f\u0131&#8230; Kiminin \u00e7\u0131ra\u011f\u0131 oldu, kimiyle omuz omuza y\u00fcr\u00fcd\u00fc, kimiyle e\u015fsiz anlar payla\u015ft\u0131&#8230; Duygular, heyecanlar ve ya\u015fanm\u0131\u015fl\u0131klar biriktirmi\u015f bir k\u00fclt\u00fcr emek\u00e7isinin dilinden, tan\u0131d\u0131k tan\u0131mad\u0131k 72 renkli portre!   Yazar, \u00e7evirmen, radyo programc\u0131s\u0131 ve ele\u015ftirmen Sevin Okyay, ya\u015fam\u0131nda iz b\u0131rakan dostlar\u0131n\u0131, \u00e7al\u0131\u015fma arkada\u015flar\u0131n\u0131 ve aile \u00fcyelerini samimi ve ne\u015feli \u00fcslubuyla anlat\u0131yor. Keskin belle\u011finden ta\u015fan portreler e\u015fli\u011finde 1980 sonras\u0131 \u0130stanbul&#8217;un k\u00fclt\u00fcr sanat d\u00fcnyas\u0131n\u0131n sokaklar\u0131nda dolan\u0131yor, konserlerin, festivallerin ve medyan\u0131n koridorlar\u0131nda yank\u0131lanan de\u011fi\u015fimin sesine kulak veriyor.   &#8220;Yetenek ve emekle yog\u0306rulmus\u0327, s\u0327arap gibi demlenmis\u0327 bir yas\u0327am\u0131n, hep cos\u0327kun kalan bu benzersiz an\u0131lar\u0131n keyifle okunmas\u0131n\u0131 dileyerek\u2026&#8221;   M\u00fcren Beykan<\/p>\n","protected":false},"excerpt":{"rendered":"<p>Muhtelif \u00fcniversitelere girmi\u015f, devams\u0131zl\u0131k y\u00fcz\u00fcnden at\u0131lma konusunda tecr\u00fcbe sahibi olmu\u015ftur&#8230; Selahattin Hilav sayesinde ya da y\u00fcz\u00fcnden, gazetecili\u011fe ba\u015flam\u0131\u015ft\u0131r&#8230; Enis Batur y\u00fcz\u00fcnden de sinema yazarl\u0131\u011f\u0131na bula\u015fm\u0131\u015ft\u0131r. Caz<span class=\"excerpt-hellip\"> [\u2026]<\/span><\/p>\n","protected":false},"featured_media":0,"template":"","meta":{"_monsterinsights_skip_tracking":false,"_monsterinsights_sitenote_active":false,"_monsterinsights_sitenote_note":"","_monsterinsights_sitenote_category":0},"product_brand":[],"product_cat":[14643,12291],"product_tag":[],"class_list":{"0":"post-715405","1":"product","2":"type-product","3":"status-publish","5":"product_cat-ask","6":"product_cat-edebiyat","7":"pa_cilt-ciltsiz","8":"pa_tur-kitap","9":"pa_yayinevi-on8-kitap","10":"pa_yazar-sevin-okyay","12":"first","13":"instock","14":"sale","15":"shipping-taxable","16":"purchasable","17":"product-type-simple"},"_links":{"self":[{"href":"https:\/\/roveyayinevi.com.tr\/index.php\/wp-json\/wp\/v2\/product\/715405","targetHints":{"allow":["GET"]}}],"collection":[{"href":"https:\/\/roveyayinevi.com.tr\/index.php\/wp-json\/wp\/v2\/product"}],"about":[{"href":"https:\/\/roveyayinevi.com.tr\/index.php\/wp-json\/wp\/v2\/types\/product"}],"wp:attachment":[{"href":"https:\/\/roveyayinevi.com.tr\/index.php\/wp-json\/wp\/v2\/media?parent=715405"}],"wp:term":[{"taxonomy":"product_brand","embeddable":true,"href":"https:\/\/roveyayinevi.com.tr\/index.php\/wp-json\/wp\/v2\/product_brand?post=715405"},{"taxonomy":"product_cat","embeddable":true,"href":"https:\/\/roveyayinevi.com.tr\/index.php\/wp-json\/wp\/v2\/product_cat?post=715405"},{"taxonomy":"product_tag","embeddable":true,"href":"https:\/\/roveyayinevi.com.tr\/index.php\/wp-json\/wp\/v2\/product_tag?post=715405"}],"curies":[{"name":"wp","href":"https:\/\/api.w.org\/{rel}","templated":true}]}}