{"id":715404,"date":"2025-08-27T17:30:11","date_gmt":"2025-08-27T14:30:11","guid":{"rendered":"https:\/\/roveyayinevi.com.tr\/index.php\/urun\/buyuk-gokbilimciler\/"},"modified":"2026-04-16T02:23:42","modified_gmt":"2026-04-15T23:23:42","slug":"buyuk-gokbilimciler","status":"publish","type":"product","link":"https:\/\/roveyayinevi.com.tr\/index.php\/urun\/buyuk-gokbilimciler\/","title":{"rendered":"B\u00fcy\u00fck G\u00f6kbilimciler"},"content":{"rendered":"<p>\u0130nsano\u011flu \u00e7ok eski tarihlerden bu yana bir\u00e7ok sorunun cevab\u0131n\u0131 g\u00f6ky\u00fcz\u00fcnde aram\u0131\u015ft\u0131r. Bu aray\u0131\u015f binlerce insan\u0131 y\u0131llar boyunca g\u00f6ky\u00fcz\u00fcn\u00fc seyretmeye sevk etmi\u015ftir. \u0130\u00e7lerindeki en sab\u0131rl\u0131 g\u00f6zlemciler, yapt\u0131klar\u0131 g\u00f6rkemli ke\u015fiflerle insanl\u0131\u011f\u0131 ayd\u0131nlatm\u0131\u015f ve isimleri g\u00fcn\u00fcm\u00fcze kadar ula\u015fm\u0131\u015ft\u0131r.Kendi zaman\u0131na kadar gelen astronomi bilgilerini bir araya getirip kitapla\u015ft\u0131ran ve ilk defa D\u00fcnya merkezli bir gezegenler sistemi fikrini ortaya atan Batlamyus\u2019tan G\u00fcne\u015f\u2019in gezegenler sisteminin merkezi oldu\u011funu s\u00f6yleyen Kopernik\u2019e, d\u00fcnyan\u0131n yuvarlak oldu\u011funu \u00f6ne s\u00fcrerek kiliseyi kar\u015f\u0131s\u0131na alan Galileo\u2019dan yer\u00e7ekimini ke\u015ffeden Isaac Newton\u2019a 18 g\u00f6kbilimcinin s\u0131rad\u0131\u015f\u0131 hayat hik\u00e2yelerini ve ke\u015fiflerini keyifle okuyabilirsiniz.<\/p>\n","protected":false},"excerpt":{"rendered":"<p>\u0130nsano\u011flu \u00e7ok eski tarihlerden bu yana bir\u00e7ok sorunun cevab\u0131n\u0131 g\u00f6ky\u00fcz\u00fcnde aram\u0131\u015ft\u0131r. Bu aray\u0131\u015f binlerce insan\u0131 y\u0131llar boyunca g\u00f6ky\u00fcz\u00fcn\u00fc seyretmeye sevk etmi\u015ftir. \u0130\u00e7lerindeki en sab\u0131rl\u0131 g\u00f6zlemciler, yapt\u0131klar\u0131<span class=\"excerpt-hellip\"> [\u2026]<\/span><\/p>\n","protected":false},"featured_media":0,"template":"","meta":{"_monsterinsights_skip_tracking":false,"_monsterinsights_sitenote_active":false,"_monsterinsights_sitenote_note":"","_monsterinsights_sitenote_category":0},"product_brand":[],"product_cat":[14009,12291],"product_tag":[],"class_list":{"0":"post-715404","1":"product","2":"type-product","3":"status-publish","5":"product_cat-biyografi-otobiyografi-edebiyat","6":"product_cat-edebiyat","7":"pa_cilt-ciltsiz","8":"pa_tur-kitap","9":"pa_yayinevi-maya-kitap","10":"pa_yazar-robert-s-ball","12":"first","13":"instock","14":"sale","15":"shipping-taxable","16":"purchasable","17":"product-type-simple"},"_links":{"self":[{"href":"https:\/\/roveyayinevi.com.tr\/index.php\/wp-json\/wp\/v2\/product\/715404","targetHints":{"allow":["GET"]}}],"collection":[{"href":"https:\/\/roveyayinevi.com.tr\/index.php\/wp-json\/wp\/v2\/product"}],"about":[{"href":"https:\/\/roveyayinevi.com.tr\/index.php\/wp-json\/wp\/v2\/types\/product"}],"wp:attachment":[{"href":"https:\/\/roveyayinevi.com.tr\/index.php\/wp-json\/wp\/v2\/media?parent=715404"}],"wp:term":[{"taxonomy":"product_brand","embeddable":true,"href":"https:\/\/roveyayinevi.com.tr\/index.php\/wp-json\/wp\/v2\/product_brand?post=715404"},{"taxonomy":"product_cat","embeddable":true,"href":"https:\/\/roveyayinevi.com.tr\/index.php\/wp-json\/wp\/v2\/product_cat?post=715404"},{"taxonomy":"product_tag","embeddable":true,"href":"https:\/\/roveyayinevi.com.tr\/index.php\/wp-json\/wp\/v2\/product_tag?post=715404"}],"curies":[{"name":"wp","href":"https:\/\/api.w.org\/{rel}","templated":true}]}}