{"id":715400,"date":"2025-08-27T17:30:08","date_gmt":"2025-08-27T14:30:08","guid":{"rendered":"https:\/\/roveyayinevi.com.tr\/index.php\/urun\/kahvalti-sofrasi\/"},"modified":"2026-04-16T02:23:42","modified_gmt":"2026-04-15T23:23:42","slug":"kahvalti-sofrasi","status":"publish","type":"product","link":"https:\/\/roveyayinevi.com.tr\/index.php\/urun\/kahvalti-sofrasi\/","title":{"rendered":"Kahvalt\u0131 Sofras\u0131"},"content":{"rendered":"<p>&#8220;Art\u0131k inand\u0131n m\u0131 bana Sad\u0131k?  Maziden \u015fimdiye bir ge\u00e7it a\u00e7\u0131ld\u0131 demi\u015ftim hani.  T\u00fcm bu insanlar oradan, o ge\u00e7itten \u00e7\u0131k\u0131p geldiler.  Fikret de gitti o dehlizden i\u00e7eri d\u00fc\u015ft\u00fc. Yolunu bulur da geri d\u00f6nerse ne ala.\u201d\u00dcnl\u00fc ressam \u015eirin Saka\u2019n\u0131n y\u00fcz\u00fcnc\u00fc ya\u015f\u0131n\u0131 kutlamak i\u00e7in ailesi B\u00fcy\u00fckada\u2019daki evde toplan\u0131r. \u015eirin Saka\u2019n\u0131n torunlar\u0131Nur ile Fikret, Fikret\u2019in k\u0131z\u0131 Selin, Nur\u2019un arkada\u015f\u0131 ve eski sevgilisi gazeteci Burak G\u00f6k\u00e7e evin misafirleridir. \u015eirin Han\u0131m\u2019\u0131n s\u0131rda\u015f\u0131 ve hizmetkar\u0131 Sad\u0131k Usta da onlarla birliktedir.Gergin bir kahvalt\u0131 sofras\u0131n\u0131n ard\u0131ndan Fikret ortadan kaybolur. \u015eirin Saka ile Sad\u0131k Usta\u2019n\u0131n uzun y\u0131llard\u0131r saklad\u0131klar\u0131 b\u00fcy\u00fck bir s\u0131r oldu\u011funa ve bu s\u0131rr\u0131 \u00f6\u011frenmeden ailenin huzur bulamayaca\u011f\u0131na inanmaktad\u0131r.Kahvalt\u0131 Sofras\u0131 saklanan kimlikler, aile s\u0131rlar\u0131 ve b\u00fcy\u00fck bir a\u015fk \u00fczerine ak\u0131llarda ve kalplerde yer edecek bir roman.<\/p>\n","protected":false},"excerpt":{"rendered":"<p>&#8220;Art\u0131k inand\u0131n m\u0131 bana Sad\u0131k? Maziden \u015fimdiye bir ge\u00e7it a\u00e7\u0131ld\u0131 demi\u015ftim hani. T\u00fcm bu insanlar oradan, o ge\u00e7itten \u00e7\u0131k\u0131p geldiler. Fikret de gitti o dehlizden i\u00e7eri<span class=\"excerpt-hellip\"> [\u2026]<\/span><\/p>\n","protected":false},"featured_media":0,"template":"","meta":{"_monsterinsights_skip_tracking":false,"_monsterinsights_sitenote_active":false,"_monsterinsights_sitenote_note":"","_monsterinsights_sitenote_category":0},"product_brand":[],"product_cat":[12291,12711],"product_tag":[],"class_list":{"0":"post-715400","1":"product","2":"type-product","3":"status-publish","5":"product_cat-edebiyat","6":"product_cat-roman-oyku","7":"pa_cilt-ciltsiz","8":"pa_tur-kitap","9":"pa_yayinevi-dogan-kitap","10":"pa_yazar-defne-suman","12":"first","13":"instock","14":"sale","15":"shipping-taxable","16":"purchasable","17":"product-type-simple"},"_links":{"self":[{"href":"https:\/\/roveyayinevi.com.tr\/index.php\/wp-json\/wp\/v2\/product\/715400","targetHints":{"allow":["GET"]}}],"collection":[{"href":"https:\/\/roveyayinevi.com.tr\/index.php\/wp-json\/wp\/v2\/product"}],"about":[{"href":"https:\/\/roveyayinevi.com.tr\/index.php\/wp-json\/wp\/v2\/types\/product"}],"wp:attachment":[{"href":"https:\/\/roveyayinevi.com.tr\/index.php\/wp-json\/wp\/v2\/media?parent=715400"}],"wp:term":[{"taxonomy":"product_brand","embeddable":true,"href":"https:\/\/roveyayinevi.com.tr\/index.php\/wp-json\/wp\/v2\/product_brand?post=715400"},{"taxonomy":"product_cat","embeddable":true,"href":"https:\/\/roveyayinevi.com.tr\/index.php\/wp-json\/wp\/v2\/product_cat?post=715400"},{"taxonomy":"product_tag","embeddable":true,"href":"https:\/\/roveyayinevi.com.tr\/index.php\/wp-json\/wp\/v2\/product_tag?post=715400"}],"curies":[{"name":"wp","href":"https:\/\/api.w.org\/{rel}","templated":true}]}}