{"id":715399,"date":"2025-08-27T17:30:08","date_gmt":"2025-08-27T14:30:08","guid":{"rendered":"https:\/\/roveyayinevi.com.tr\/index.php\/urun\/kahramanmarastan-lizbona-lezzet-ve-kultur-yolculugu\/"},"modified":"2025-11-13T04:54:47","modified_gmt":"2025-11-13T01:54:47","slug":"kahramanmarastan-lizbona-lezzet-ve-kultur-yolculugu","status":"publish","type":"product","link":"https:\/\/roveyayinevi.com.tr\/index.php\/urun\/kahramanmarastan-lizbona-lezzet-ve-kultur-yolculugu\/","title":{"rendered":"Kahramanmara\u015f\u2019tan Lizbon\u2019a Lezzet ve K\u00fclt\u00fcr Yolculu\u011fu"},"content":{"rendered":"<p>T\u00fcrkiye\u2019nin en \u015fahs\u0131na m\u00fcnhas\u0131r lezzet duraklar\u0131ndan biri olan Kahramanmara\u015f\u2019tan ba\u015flay\u0131p Portekiz\u2019in en \u00f6zel tatlar\u0131na uzanan bir lezzet yolculu\u011funa \u00e7\u0131kmak ister misiniz? T\u00fcrkiye&#8217;nin en \u00f6nemli \u015feflerinden Fikret \u00d6zdemir\u2019in kaleme ald\u0131\u011f\u0131 Kahramanmara\u015f\u2019tan Portekiz\u2019e Lezzet ve K\u00fclt\u00fcr Yolculu\u011fu isimli kitap, \u00e7ok \u00f6zel ve \u00e7ok farkl\u0131 bu iki k\u00fclt\u00fcr\u00fc bir araya getiriyor.Sadece tariflerin de\u011fil Kahramanmara\u015f ve Portekiz gastronomisinin detaylar\u0131n\u0131 da i\u00e7eren kitap, Kahramanmara\u015f\u2019\u0131n en \u00f6zg\u00fcn ve yerel tariflerini \u00d6zdemir\u2019in kendine has ipu\u00e7lar\u0131yla okuyucuya sunarken ayn\u0131 zamanda \u015fefin b\u00fcy\u00fcd\u00fc\u011f\u00fc ve e\u011fitimini tamamlad\u0131\u011f\u0131 Portekiz\u2019e uzan\u0131yor. Adeta lezzetlerin evrenselli\u011fini vurgulayan Kahramanmara\u015f\u2019tan Portekiz\u2019e Lezzet ve K\u00fclt\u00fcr Yolculu\u011fu, \u015fefin do\u011fdu\u011fu Kahramanmara\u015f\u2019\u0131n yerel malzemeleriyle haz\u0131rlanan tam 31 \u00f6zel tarifle ba\u015fl\u0131yor ve 3 ayr\u0131 b\u00f6l\u00fcmden olu\u015fuyor. \u00c7orbadan tatl\u0131ya kadar \u00e7ok geni\u015f bir \u00e7er\u00e7evede bizlere sunulan tariflerin bir k\u0131sm\u0131 \u00f6zel g\u00fcnlerinin g\u00f6zdesi iken bir k\u0131sm\u0131 da g\u00fcndelik lezzet d\u00fcnyas\u0131n\u0131n vazge\u00e7ilmez bir par\u00e7as\u0131 oluyor. Kitab\u0131n lezzet yolculu\u011fu, \u015fefin b\u00fcy\u00fcd\u00fc\u011f\u00fc ve mesle\u011fe ba\u015flad\u0131\u011f\u0131 \u00fclke olan Portekiz\u2019in nefis yemekleri ile devam ediyor ve Akdeniz k\u00fclt\u00fcr\u00fc ile \u015fekillenen Portekiz mutfa\u011f\u0131n\u0131n en nadide \u00f6rneklerini bizlere sunuyor. Kitap ayr\u0131ca, Kahramanmara\u015f ve Portekiz gastronomisinin detaylar\u0131n\u0131 da i\u00e7eren bir yol g\u00f6sterici oluyor. \u00dc\u00e7\u00fcnc\u00fc b\u00f6l\u00fcm ise \u015eef Fikret \u00d6zdemir\u2019in kendi \u00f6zel mutfa\u011f\u0131ndan tarifler i\u00e7eriyor. Bu tariflerin kimi, \u015fefin lezzetini \u00e7ok be\u011fenerek kitab\u0131na ald\u0131\u011f\u0131 bir re\u00e7ete iken kimi de her iki mutfa\u011f\u0131n izlerini ta\u015f\u0131yan ve \u00d6zdemir\u2019in yorumunu katt\u0131\u011f\u0131 tabaklara d\u00f6n\u00fc\u015f\u00fcyor. Tam 200 sayfa olan, Kahramanmara\u015f\u2019tan Portekiz\u2019e Lezzet ve K\u00fclt\u00fcr Yolculu\u011fu kitab\u0131, Kahramanmara\u015f ve Portekiz\u2019i ayn\u0131 sofrada, ayn\u0131 damakta bulu\u015fturuyor.<\/p>\n","protected":false},"excerpt":{"rendered":"<p>T\u00fcrkiye\u2019nin en \u015fahs\u0131na m\u00fcnhas\u0131r lezzet duraklar\u0131ndan biri olan Kahramanmara\u015f\u2019tan ba\u015flay\u0131p Portekiz\u2019in en \u00f6zel tatlar\u0131na uzanan bir lezzet yolculu\u011funa \u00e7\u0131kmak ister misiniz? T\u00fcrkiye&#8217;nin en \u00f6nemli \u015feflerinden Fikret<span class=\"excerpt-hellip\"> [\u2026]<\/span><\/p>\n","protected":false},"featured_media":0,"template":"","meta":{"_monsterinsights_skip_tracking":false,"_monsterinsights_sitenote_active":false,"_monsterinsights_sitenote_note":"","_monsterinsights_sitenote_category":0},"product_brand":[],"product_cat":[22706,12457],"product_tag":[],"class_list":{"0":"post-715399","1":"product","2":"type-product","3":"status-publish","5":"product_cat-dunya-mutfagi","6":"product_cat-yemek-kitaplari","7":"pa_cilt-ciltsiz","8":"pa_tur-kitap","9":"pa_yayinevi-dogan-kitap","10":"pa_yazar-fikret-ozdemir","12":"first","13":"instock","14":"sale","15":"shipping-taxable","16":"purchasable","17":"product-type-simple"},"_links":{"self":[{"href":"https:\/\/roveyayinevi.com.tr\/index.php\/wp-json\/wp\/v2\/product\/715399","targetHints":{"allow":["GET"]}}],"collection":[{"href":"https:\/\/roveyayinevi.com.tr\/index.php\/wp-json\/wp\/v2\/product"}],"about":[{"href":"https:\/\/roveyayinevi.com.tr\/index.php\/wp-json\/wp\/v2\/types\/product"}],"wp:attachment":[{"href":"https:\/\/roveyayinevi.com.tr\/index.php\/wp-json\/wp\/v2\/media?parent=715399"}],"wp:term":[{"taxonomy":"product_brand","embeddable":true,"href":"https:\/\/roveyayinevi.com.tr\/index.php\/wp-json\/wp\/v2\/product_brand?post=715399"},{"taxonomy":"product_cat","embeddable":true,"href":"https:\/\/roveyayinevi.com.tr\/index.php\/wp-json\/wp\/v2\/product_cat?post=715399"},{"taxonomy":"product_tag","embeddable":true,"href":"https:\/\/roveyayinevi.com.tr\/index.php\/wp-json\/wp\/v2\/product_tag?post=715399"}],"curies":[{"name":"wp","href":"https:\/\/api.w.org\/{rel}","templated":true}]}}