{"id":715398,"date":"2025-08-27T17:30:07","date_gmt":"2025-08-27T14:30:07","guid":{"rendered":"https:\/\/roveyayinevi.com.tr\/index.php\/urun\/gece-kuslari\/"},"modified":"2026-04-16T02:23:42","modified_gmt":"2026-04-15T23:23:42","slug":"gece-kuslari","status":"publish","type":"product","link":"https:\/\/roveyayinevi.com.tr\/index.php\/urun\/gece-kuslari\/","title":{"rendered":"Gece Ku\u015flar\u0131"},"content":{"rendered":"<p>Taht Oyunlar\u0131\u2019n\u0131n yazar\u0131 George R. R. Martin\u2019den bir bilimkurgu destan\u0131&#8230; Kadim k\u00fclt\u00fcrler, gelece\u011fin kentleri, uzayl\u0131lar, yeni d\u00fcnyalar, eski yerk\u00fcreler, y\u0131ld\u0131z \u00e7emberleri, hi\u00e7lik, bir olmak, korkular, a\u015fklar, bo\u015fluk, yaln\u0131zl\u0131k, sevgi ve Tanr\u0131&#8230; George R. R. Martin, teknolojinin, kozmosun ve insan zihninin karanl\u0131k kuytular\u0131n\u0131 ara\u015ft\u0131ran alt\u0131 klasik bilimkurgu \u00f6yk\u00fcs\u00fc anlat\u0131yor.\u0130lk \u00f6yk\u00fcde, ke\u015fif gemisi Geceku\u015fu gizemli bir \u0131rk\u0131 incelemek i\u00e7in uzay\u0131n s\u0131n\u0131rlar\u0131na do\u011fru yola \u00e7\u0131kar. Geminin kaptan\u0131, yolcular\u0131yla sadece hologram\u0131 arac\u0131l\u0131\u011f\u0131yla konu\u015fur. Akademisyenlerden olu\u015fan yolcular\u0131n telepat\u0131 bir s\u00fcre sonra tuhaf bir \u015feyler hisseder. Tehlikeli, dengesiz bir \u015fey, yabanc\u0131 bir varl\u0131k&#8230; Sen \u00e7ok ya\u015fa George Martin\u2026 \u00c7ok katmanl\u0131 karakterler ve ya\u015fayan dille efsunlanm\u0131\u015f edebi bir dervi\u015f.\u201d  The New York Times \u201cEpik-fantastik gelene\u011fin en iyisi Martin\u2019dir. Ve asl\u0131nda \u015fimdi itiraf\u0131n tam zaman\u0131&#8230; o Amerikal\u0131 Tolkien\u2019dir.\u201d Time \u201cKanl\u0131 canl\u0131 bir korku hik\u00e2yesi.\u201d Publishers Weekly \u201cGeorge R. R. Martin\u2019den hep en iyisini beklerim. Ve o, her zaman bunu ba\u015far\u0131r.\u201d Robert Jordan <\/p>\n","protected":false},"excerpt":{"rendered":"<p>Taht Oyunlar\u0131\u2019n\u0131n yazar\u0131 George R. R. Martin\u2019den bir bilimkurgu destan\u0131&#8230; Kadim k\u00fclt\u00fcrler, gelece\u011fin kentleri, uzayl\u0131lar, yeni d\u00fcnyalar, eski yerk\u00fcreler, y\u0131ld\u0131z \u00e7emberleri, hi\u00e7lik, bir olmak, korkular, a\u015fklar,<span class=\"excerpt-hellip\"> [\u2026]<\/span><\/p>\n","protected":false},"featured_media":0,"template":"","meta":{"_monsterinsights_skip_tracking":false,"_monsterinsights_sitenote_active":false,"_monsterinsights_sitenote_note":"","_monsterinsights_sitenote_category":0},"product_brand":[],"product_cat":[12291,14777],"product_tag":[],"class_list":{"0":"post-715398","1":"product","2":"type-product","3":"status-publish","5":"product_cat-edebiyat","6":"product_cat-fantastik","7":"pa_cilt-ciltsiz","8":"pa_tur-kitap","9":"pa_yayinevi-dex-yayinevi","10":"pa_yazar-george-r-r-martin","12":"first","13":"instock","14":"sale","15":"shipping-taxable","16":"purchasable","17":"product-type-simple"},"_links":{"self":[{"href":"https:\/\/roveyayinevi.com.tr\/index.php\/wp-json\/wp\/v2\/product\/715398","targetHints":{"allow":["GET"]}}],"collection":[{"href":"https:\/\/roveyayinevi.com.tr\/index.php\/wp-json\/wp\/v2\/product"}],"about":[{"href":"https:\/\/roveyayinevi.com.tr\/index.php\/wp-json\/wp\/v2\/types\/product"}],"wp:attachment":[{"href":"https:\/\/roveyayinevi.com.tr\/index.php\/wp-json\/wp\/v2\/media?parent=715398"}],"wp:term":[{"taxonomy":"product_brand","embeddable":true,"href":"https:\/\/roveyayinevi.com.tr\/index.php\/wp-json\/wp\/v2\/product_brand?post=715398"},{"taxonomy":"product_cat","embeddable":true,"href":"https:\/\/roveyayinevi.com.tr\/index.php\/wp-json\/wp\/v2\/product_cat?post=715398"},{"taxonomy":"product_tag","embeddable":true,"href":"https:\/\/roveyayinevi.com.tr\/index.php\/wp-json\/wp\/v2\/product_tag?post=715398"}],"curies":[{"name":"wp","href":"https:\/\/api.w.org\/{rel}","templated":true}]}}