{"id":715397,"date":"2025-08-27T17:30:06","date_gmt":"2025-08-27T14:30:06","guid":{"rendered":"https:\/\/roveyayinevi.com.tr\/index.php\/urun\/boru-2-kurt-imparatorlugu\/"},"modified":"2025-09-10T06:55:33","modified_gmt":"2025-09-10T03:55:33","slug":"boru-2-kurt-imparatorlugu","status":"publish","type":"product","link":"https:\/\/roveyayinevi.com.tr\/index.php\/urun\/boru-2-kurt-imparatorlugu\/","title":{"rendered":"B\u00f6r\u00fc 2 &#8211; Kurt \u0130mparatorlu\u011fu"},"content":{"rendered":"<p>Ey benim demirden da\u011flar\u0131m! Ya\u011f\u0131 k\u00fclleri savurdu\u011fum kadim ormanlar\u0131m! Demirda\u011f\u0131n tinleri geldi bu gece ate\u015fimize! Ey B\u00f6r\u00fcler! Uluyun\u2026 Par\u00e7alay\u0131n\u2026 Hayk\u0131r\u0131n! B\u00f6r\u00fcler ant i\u00e7tiler ya\u011f\u0131 kan\u0131 ak\u0131tmaya! Ey Ulu Tengri, g\u00fc\u00e7 ver g\u00f6kte do\u011fan o\u011fullar\u0131na! Ey Toprak Ana, yol g\u00f6ster bize ulu kay\u0131n a\u011fa\u00e7lar\u0131nla! Ey \u00c7akay Han, ayd\u0131nlat \u00f6n\u00fcm\u00fcz\u00fc,g\u00f6\u011f\u00fc ayd\u0131nlatan gazap k\u0131rba\u00e7lar\u0131nla! Ey K\u0131zagan Tengri, ant i\u00e7tik ad\u0131na! Sal\u0131ns\u0131n kara atlar, \u00e7\u0131ks\u0131n Erlik Han cenk meydan\u0131na!\u201d \u201cB\u00f6r\u00fc, aras\u0131na ba\u015fka sava\u015f\u00e7\u0131 sokmaz! B\u00f6r\u00fc, kar\u015f\u0131s\u0131ndaki ordunun say\u0131s\u0131na bakmaz! B\u00f6r\u00fc, da\u011flar\u0131n efendisi, karanl\u0131\u011f\u0131n \u00f6fkesidir! B\u00f6r\u00fc, her cenge sa\u011f \u00e7\u0131kmayaca\u011f\u0131n\u0131 bilerek girer! \u0130mk\u00e2ns\u0131z\u0131 ba\u015far\u0131r, ya\u011f\u0131n\u0131n k\u00e2busu olur! B\u00f6r\u00fc olmak i\u00e7in haz\u0131r m\u0131s\u0131n\u0131z?\u201d A\u011fz\u0131nda kan tad\u0131 varsa, bak\u0131\u015flar\u0131nda sadece \u00f6l\u00fcm\u00fcn par\u0131lt\u0131s\u0131 vard\u0131r . <\/p>\n","protected":false},"excerpt":{"rendered":"<p>Ey benim demirden da\u011flar\u0131m! Ya\u011f\u0131 k\u00fclleri savurdu\u011fum kadim ormanlar\u0131m! Demirda\u011f\u0131n tinleri geldi bu gece ate\u015fimize! Ey B\u00f6r\u00fcler! Uluyun\u2026 Par\u00e7alay\u0131n\u2026 Hayk\u0131r\u0131n! B\u00f6r\u00fcler ant i\u00e7tiler ya\u011f\u0131 kan\u0131 ak\u0131tmaya!<span class=\"excerpt-hellip\"> [\u2026]<\/span><\/p>\n","protected":false},"featured_media":0,"template":"","meta":{"_monsterinsights_skip_tracking":false,"_monsterinsights_sitenote_active":false,"_monsterinsights_sitenote_note":"","_monsterinsights_sitenote_category":0},"product_brand":[],"product_cat":[12291,12745],"product_tag":[],"class_list":{"0":"post-715397","1":"product","2":"type-product","3":"status-publish","5":"product_cat-edebiyat","6":"product_cat-tarihi-roman","7":"pa_cilt-ciltsiz","8":"pa_tur-kitap","9":"pa_yayinevi-panama-yayincilik","10":"pa_yazar-caglayan-yilmaz","12":"first","13":"instock","14":"sale","15":"shipping-taxable","16":"purchasable","17":"product-type-simple"},"_links":{"self":[{"href":"https:\/\/roveyayinevi.com.tr\/index.php\/wp-json\/wp\/v2\/product\/715397","targetHints":{"allow":["GET"]}}],"collection":[{"href":"https:\/\/roveyayinevi.com.tr\/index.php\/wp-json\/wp\/v2\/product"}],"about":[{"href":"https:\/\/roveyayinevi.com.tr\/index.php\/wp-json\/wp\/v2\/types\/product"}],"wp:attachment":[{"href":"https:\/\/roveyayinevi.com.tr\/index.php\/wp-json\/wp\/v2\/media?parent=715397"}],"wp:term":[{"taxonomy":"product_brand","embeddable":true,"href":"https:\/\/roveyayinevi.com.tr\/index.php\/wp-json\/wp\/v2\/product_brand?post=715397"},{"taxonomy":"product_cat","embeddable":true,"href":"https:\/\/roveyayinevi.com.tr\/index.php\/wp-json\/wp\/v2\/product_cat?post=715397"},{"taxonomy":"product_tag","embeddable":true,"href":"https:\/\/roveyayinevi.com.tr\/index.php\/wp-json\/wp\/v2\/product_tag?post=715397"}],"curies":[{"name":"wp","href":"https:\/\/api.w.org\/{rel}","templated":true}]}}