{"id":715395,"date":"2025-08-27T17:30:05","date_gmt":"2025-08-27T14:30:05","guid":{"rendered":"https:\/\/roveyayinevi.com.tr\/index.php\/urun\/cagimizin-yasama-ve-hukuk-bilimi-konusundaki-gorevi-uzerine\/"},"modified":"2026-04-16T02:23:42","modified_gmt":"2026-04-15T23:23:42","slug":"cagimizin-yasama-ve-hukuk-bilimi-konusundaki-gorevi-uzerine","status":"publish","type":"product","link":"https:\/\/roveyayinevi.com.tr\/index.php\/urun\/cagimizin-yasama-ve-hukuk-bilimi-konusundaki-gorevi-uzerine\/","title":{"rendered":"\u00c7a\u011f\u0131m\u0131z\u0131n Yasama ve Hukuk Bilimi Konusundaki G\u00f6revi \u00dczerine"},"content":{"rendered":"<p>\u201cB\u00fct\u00fcn i\u00e7inde kurallardan daha \u00f6nemlisi, h\u00e2kimlerin ruhu ve onlar\u0131n yeti\u015ftirilmesidir. Ya\u015fad\u0131\u011f\u0131m\u0131z tats\u0131z ve endi\u015fe verici d\u00f6nem, kamusal ak\u0131lda muhakkak \u00e7ok \u00fcz\u00fcc\u00fc bir etkiye sahip olmu\u015ftur ve bu konuda kendimizi kand\u0131rmaktan daha tehlikelisi yoktur.\u201d \u201cHukuk kitaplar\u0131na ve Almanya\u2019y\u0131 tehdit eden tehlikelere bak\u0131nca, e\u011fer Almanya sava\u015flar sonucu bu irf\u00e2n\u0131, bu hukuk \u00f6\u011fretisini, yani mahkemelerimizin bu y\u00fcz ak\u0131n\u0131 kaybetmi\u015f olsayd\u0131 ne gibi felaketler ortaya \u00e7\u0131kaca\u011f\u0131n\u0131 d\u00fc\u015f\u00fcn\u00fcrken \u00e7o\u011funlukla b\u00fct\u00fcn v\u00fccudum \u00fcrperiyor&#8230; Bu nedenle, herhangi bir tehlikeden korkmayal\u0131m ve cesaretimizin k\u0131r\u0131lmas\u0131na izin vermeyelim&#8230; ve bu \u00f6\u011frenme u\u011fra\u015f\u0131ndan vazge\u00e7meyelim&#8230; \u00c7\u00fcnk\u00fc e\u011fer o yok olursa, tiranlar\u0131n saraylar\u0131nda ve mahkemelerde ne t\u00fcr z\u00e2limli\u011fin ortaya \u00e7\u0131kaca\u011f\u0131 ve sonunda halk\u0131n ya\u015fam\u0131nda nas\u0131l bir karga\u015fan\u0131n ba\u015f g\u00f6sterece\u011fi tahmin bile edilemez&#8230;\u201d Bug\u00fcn K\u0131ta Avrupas\u0131 gelene\u011fi olarak adland\u0131rd\u0131\u011f\u0131m\u0131z, Bat\u0131 d\u00fcnyas\u0131nda civil law diye bilinen ve esasen Roma-Cermen hukuk ailesi olarak an\u0131lan hukuk anlay\u0131\u015f\u0131n\u0131n modern versiyonlar\u0131n\u0131 19. y\u00fczy\u0131lda Alman hukuk \u00e7evrelerindeki tart\u0131\u015fmalar ortaya \u00e7\u0131karm\u0131\u015ft\u0131r. Friedrich Carl von Savigny, bu tart\u0131\u015fman\u0131n k\u00f6\u015fe ta\u015flar\u0131ndan birisi olarak, \u00fczerinde etkili oldu\u011fu d\u00f6nem itibar\u0131yla, g\u00fcn\u00fcm\u00fcz K\u0131ta Avrupas\u0131 hukuk gelene\u011fi <\/p>\n","protected":false},"excerpt":{"rendered":"<p>\u201cB\u00fct\u00fcn i\u00e7inde kurallardan daha \u00f6nemlisi, h\u00e2kimlerin ruhu ve onlar\u0131n yeti\u015ftirilmesidir. Ya\u015fad\u0131\u011f\u0131m\u0131z tats\u0131z ve endi\u015fe verici d\u00f6nem, kamusal ak\u0131lda muhakkak \u00e7ok \u00fcz\u00fcc\u00fc bir etkiye sahip olmu\u015ftur ve<span class=\"excerpt-hellip\"> [\u2026]<\/span><\/p>\n","protected":false},"featured_media":0,"template":"","meta":{"_monsterinsights_skip_tracking":false,"_monsterinsights_sitenote_active":false,"_monsterinsights_sitenote_note":"","_monsterinsights_sitenote_category":0},"product_brand":[],"product_cat":[15350,17602],"product_tag":[],"class_list":{"0":"post-715395","1":"product","2":"type-product","3":"status-publish","5":"product_cat-hukuk","6":"product_cat-hukuk-uzerine","7":"pa_cilt-ciltsiz","8":"pa_tur-kitap","9":"pa_yayinevi-pinhan-yayincilik","10":"pa_yazar-friedrich-carl-von-savigny","12":"first","13":"instock","14":"sale","15":"shipping-taxable","16":"purchasable","17":"product-type-simple"},"_links":{"self":[{"href":"https:\/\/roveyayinevi.com.tr\/index.php\/wp-json\/wp\/v2\/product\/715395","targetHints":{"allow":["GET"]}}],"collection":[{"href":"https:\/\/roveyayinevi.com.tr\/index.php\/wp-json\/wp\/v2\/product"}],"about":[{"href":"https:\/\/roveyayinevi.com.tr\/index.php\/wp-json\/wp\/v2\/types\/product"}],"wp:attachment":[{"href":"https:\/\/roveyayinevi.com.tr\/index.php\/wp-json\/wp\/v2\/media?parent=715395"}],"wp:term":[{"taxonomy":"product_brand","embeddable":true,"href":"https:\/\/roveyayinevi.com.tr\/index.php\/wp-json\/wp\/v2\/product_brand?post=715395"},{"taxonomy":"product_cat","embeddable":true,"href":"https:\/\/roveyayinevi.com.tr\/index.php\/wp-json\/wp\/v2\/product_cat?post=715395"},{"taxonomy":"product_tag","embeddable":true,"href":"https:\/\/roveyayinevi.com.tr\/index.php\/wp-json\/wp\/v2\/product_tag?post=715395"}],"curies":[{"name":"wp","href":"https:\/\/api.w.org\/{rel}","templated":true}]}}