{"id":715393,"date":"2025-08-27T17:30:04","date_gmt":"2025-08-27T14:30:04","guid":{"rendered":"https:\/\/roveyayinevi.com.tr\/index.php\/urun\/pi-cemiyeti\/"},"modified":"2026-04-16T02:23:42","modified_gmt":"2026-04-15T23:23:42","slug":"pi-cemiyeti","status":"publish","type":"product","link":"https:\/\/roveyayinevi.com.tr\/index.php\/urun\/pi-cemiyeti\/","title":{"rendered":"Pi Cemiyeti"},"content":{"rendered":"<p>23:59&#8230; G\u00fcn\u00fcn son dakikas\u0131&#8230; Her \u015feyin bitti\u011fi yer gibi g\u00f6r\u00fcnse de, sadece  60 saniye sonra koskoca, umut dolu, yepyeni bir g\u00fcn\u00fcn ba\u015flayaca\u011f\u0131n\u0131n i\u015faretidir. Hayat tam anlam\u0131yla budur asl\u0131nda&#8230; Her \u015feyin bitti\u011fi bir yerde, yeni ba\u015flang\u0131\u00e7lar vard\u0131r. \u00c7\u00fcnk\u00fc biz, sand\u0131\u011f\u0131m\u0131zdan \u00e7ok daha g\u00fc\u00e7l\u00fcy\u00fczd\u00fcr. 23:59&#8230; Pi\u015fman \u0130nsanlar Cemiyeti\u2019nin saati. O dakikadan itibaren, \u00fclkenin d\u00f6rt bir yan\u0131ndaki insanlar, belki de k\u00fc\u00e7\u00fcc\u00fck bir kulakl\u0131k arac\u0131l\u0131\u011f\u0131 ile binlerce kilometre \u00f6tede ya\u015fayan ve hi\u00e7 tan\u0131mad\u0131\u011f\u0131 birine sar\u0131l\u0131rlar. Bu bir Per\u015fembe b\u00fcy\u00fcs\u00fcd\u00fcr. Bu, Pi\u015fman \u0130nsanlar Cemiyeti \u00e7at\u0131s\u0131 alt\u0131nda birle\u015fenlerin olu\u015fturdu\u011fu g\u00fc\u00e7t\u00fcr23:59, g\u00fcn\u00fcn son dakikas\u0131 gibi g\u00f6r\u00fcnse de, her \u015feyin ba\u015flad\u0131\u011f\u0131 yerdir. Her \u015feyin ba\u015flad\u0131\u011f\u0131 yerdeyiz&#8230; Her \u015feyin ba\u015flad\u0131\u011f\u0131 yerdesin&#8230; <\/p>\n","protected":false},"excerpt":{"rendered":"<p>23:59&#8230; G\u00fcn\u00fcn son dakikas\u0131&#8230; Her \u015feyin bitti\u011fi yer gibi g\u00f6r\u00fcnse de, sadece 60 saniye sonra koskoca, umut dolu, yepyeni bir g\u00fcn\u00fcn ba\u015flayaca\u011f\u0131n\u0131n i\u015faretidir. Hayat tam anlam\u0131yla<span class=\"excerpt-hellip\"> [\u2026]<\/span><\/p>\n","protected":false},"featured_media":0,"template":"","meta":{"_monsterinsights_skip_tracking":false,"_monsterinsights_sitenote_active":false,"_monsterinsights_sitenote_note":"","_monsterinsights_sitenote_category":0},"product_brand":[],"product_cat":[12777,12291],"product_tag":[],"class_list":{"0":"post-715393","1":"product","2":"type-product","3":"status-publish","5":"product_cat-deneme","6":"product_cat-edebiyat","7":"pa_cilt-ciltsiz","8":"pa_tur-kitap","9":"pa_yayinevi-hayykitap","10":"pa_yazar-reha-ozcan-aytek-teoman","12":"first","13":"instock","14":"sale","15":"shipping-taxable","16":"purchasable","17":"product-type-simple"},"_links":{"self":[{"href":"https:\/\/roveyayinevi.com.tr\/index.php\/wp-json\/wp\/v2\/product\/715393","targetHints":{"allow":["GET"]}}],"collection":[{"href":"https:\/\/roveyayinevi.com.tr\/index.php\/wp-json\/wp\/v2\/product"}],"about":[{"href":"https:\/\/roveyayinevi.com.tr\/index.php\/wp-json\/wp\/v2\/types\/product"}],"wp:attachment":[{"href":"https:\/\/roveyayinevi.com.tr\/index.php\/wp-json\/wp\/v2\/media?parent=715393"}],"wp:term":[{"taxonomy":"product_brand","embeddable":true,"href":"https:\/\/roveyayinevi.com.tr\/index.php\/wp-json\/wp\/v2\/product_brand?post=715393"},{"taxonomy":"product_cat","embeddable":true,"href":"https:\/\/roveyayinevi.com.tr\/index.php\/wp-json\/wp\/v2\/product_cat?post=715393"},{"taxonomy":"product_tag","embeddable":true,"href":"https:\/\/roveyayinevi.com.tr\/index.php\/wp-json\/wp\/v2\/product_tag?post=715393"}],"curies":[{"name":"wp","href":"https:\/\/api.w.org\/{rel}","templated":true}]}}