{"id":715390,"date":"2025-08-27T17:30:02","date_gmt":"2025-08-27T14:30:02","guid":{"rendered":"https:\/\/roveyayinevi.com.tr\/index.php\/urun\/natasanin-dansi-rusyanin-kulturel-tarihi\/"},"modified":"2026-04-16T02:23:42","modified_gmt":"2026-04-15T23:23:42","slug":"natasanin-dansi-rusyanin-kulturel-tarihi","status":"publish","type":"product","link":"https:\/\/roveyayinevi.com.tr\/index.php\/urun\/natasanin-dansi-rusyanin-kulturel-tarihi\/","title":{"rendered":"Nata\u015fa\u2019n\u0131n Dans\u0131 &#8211; Rusya\u2019n\u0131n K\u00fclt\u00fcrel Tarihi"},"content":{"rendered":"<p>Rusya, tek bir k\u00fclt\u00fcr\u00fcn ulusal miras olarak kabul edilemeyece\u011fi kadar karma\u015f\u0131k, sosyal a\u00e7\u0131dan b\u00f6l\u00fcnm\u00fc\u015f ve politik a\u00e7\u0131dan \u00e7e\u015fitli bir yap\u0131 sergiler. Rus gelenekleriyle ilgili sanatsal \u00e7al\u0131\u015fmalar, fikirlerin test edildi\u011fi birer laboratuvar, sembolik d\u00fc\u015f\u00fcnmeyi gerektiren b\u00fcy\u00fck \u015fiirsel yap\u0131lard\u0131r. Bu \u00e7al\u0131\u015fmalar\u0131 kucaklayan \u00f6zne ise tarihi, gelenek ve g\u00f6renekleri, manevi \u00f6z\u00fc ve kaderiyle Rusya\u2019d\u0131r. Ruslar i\u00e7in bunun anlam\u0131 neydi? Ger\u00e7ek Rusya neredeydi? Avrupa\u2019da m\u0131, Asya\u2019da m\u0131?  St. Petersburg da m\u0131, Moskova\u2019da m\u0131? Rus k\u00fclt\u00fcr\u00fcn\u00fcn alt\u0131n \u00e7a\u011f\u0131ndaki b\u00fct\u00fcn \u00f6nemli \u015fahsiyetlerin akl\u0131n\u0131 me\u015fgul eden sorular bunlard\u0131r. Siyasi g\u00f6r\u00fc\u015fleri nedeniyle resmi Rusya\u2019dan, e\u011fitimleri nedeniyle k\u00f6yl\u00fc Rusya\u2019dan d\u0131\u015flanan Rus sanat\u00e7\u0131lar, edebiyat ve sanat arac\u0131l\u0131\u011f\u0131yla ulusal de\u011fer ve fikirler toplulu\u011fu yaratma g\u00f6revini \u00fcstlenmi\u015flerdir. Rus gelene\u011finin Pu\u015fkin, Gogol, Tolstoy, Turgenyev, Dostoyevski, \u00c7ehov, \u00c7aykovski, Rimski-Korsakov, Stravinski, Prokofyev, \u015eostakovi\u00e7, Chagall, Kandinski, Mandelstam, Ahmatova, Nabokov, Pasternak, Meyerhold ve Chagall, Kandinski, Mandelstam, Ahmatova, Nabokov, Pasternak, Meyerhold ve Eisenstein gibi b\u00fcy\u00fck k\u00fclt\u00fcrel \u015fahsiyetleri sadece \u201cRus\u201d de\u011fil, ayn\u0131 zamanda Avrupal\u0131d\u0131rlar.Nata\u015fa\u2019n\u0131n Dans\u0131bir fikir ve k\u00fclt\u00fcr tarihi olarak tamamen farkl\u0131 bu iki d\u00fcnyan\u0131n, \u00fcst  s\u0131n\u0131f\u0131n Avrupai k\u00fclt\u00fcr\u00fc ile k\u00f6yl\u00fc s\u0131n\u0131f\u0131n\u0131n Rus k\u00fclt\u00fcr\u00fcn\u00fcn kar\u015f\u0131la\u015fmas\u0131n\u0131 ele al\u0131yor. B\u00f6ylece sanat\u0131, kurguyu, g\u00fcnl\u00fckleri, mektuplar\u0131, an\u0131 kitaplar\u0131n\u0131 kitaplar\u0131n\u0131 kullanarak ortak Rus  duyarl\u0131\u011f\u0131n\u0131n g\u00f6r\u00fcnmez ba\u011flar\u0131n\u0131 sunuyor; t\u0131pk\u0131 Tolstoy\u2019un \u00fcnl\u00fc dans sahnesinde hayal  etti\u011fi gibi. <\/p>\n","protected":false},"excerpt":{"rendered":"<p>Rusya, tek bir k\u00fclt\u00fcr\u00fcn ulusal miras olarak kabul edilemeyece\u011fi kadar karma\u015f\u0131k, sosyal a\u00e7\u0131dan b\u00f6l\u00fcnm\u00fc\u015f ve politik a\u00e7\u0131dan \u00e7e\u015fitli bir yap\u0131 sergiler. Rus gelenekleriyle ilgili sanatsal \u00e7al\u0131\u015fmalar,<span class=\"excerpt-hellip\"> [\u2026]<\/span><\/p>\n","protected":false},"featured_media":0,"template":"","meta":{"_monsterinsights_skip_tracking":false,"_monsterinsights_sitenote_active":false,"_monsterinsights_sitenote_note":"","_monsterinsights_sitenote_category":0},"product_brand":[],"product_cat":[12305,12304],"product_tag":[],"class_list":{"0":"post-715390","1":"product","2":"type-product","3":"status-publish","5":"product_cat-dunya-tarihi","6":"product_cat-tarih","7":"pa_cilt-ciltsiz","8":"pa_tur-kitap","9":"pa_yayinevi-yapi-kredi-yayinlari","10":"pa_yazar-orlando-figes","12":"first","13":"instock","14":"sale","15":"shipping-taxable","16":"purchasable","17":"product-type-simple"},"_links":{"self":[{"href":"https:\/\/roveyayinevi.com.tr\/index.php\/wp-json\/wp\/v2\/product\/715390","targetHints":{"allow":["GET"]}}],"collection":[{"href":"https:\/\/roveyayinevi.com.tr\/index.php\/wp-json\/wp\/v2\/product"}],"about":[{"href":"https:\/\/roveyayinevi.com.tr\/index.php\/wp-json\/wp\/v2\/types\/product"}],"wp:attachment":[{"href":"https:\/\/roveyayinevi.com.tr\/index.php\/wp-json\/wp\/v2\/media?parent=715390"}],"wp:term":[{"taxonomy":"product_brand","embeddable":true,"href":"https:\/\/roveyayinevi.com.tr\/index.php\/wp-json\/wp\/v2\/product_brand?post=715390"},{"taxonomy":"product_cat","embeddable":true,"href":"https:\/\/roveyayinevi.com.tr\/index.php\/wp-json\/wp\/v2\/product_cat?post=715390"},{"taxonomy":"product_tag","embeddable":true,"href":"https:\/\/roveyayinevi.com.tr\/index.php\/wp-json\/wp\/v2\/product_tag?post=715390"}],"curies":[{"name":"wp","href":"https:\/\/api.w.org\/{rel}","templated":true}]}}