{"id":715389,"date":"2025-08-27T17:30:01","date_gmt":"2025-08-27T14:30:01","guid":{"rendered":"https:\/\/roveyayinevi.com.tr\/index.php\/urun\/yasamak-bir-caba\/"},"modified":"2026-04-16T02:23:42","modified_gmt":"2026-04-15T23:23:42","slug":"yasamak-bir-caba","status":"publish","type":"product","link":"https:\/\/roveyayinevi.com.tr\/index.php\/urun\/yasamak-bir-caba\/","title":{"rendered":"Ya\u015famak \u2013 Bir \u00c7aba"},"content":{"rendered":"<p>Ya\u015famak, ad\u0131m ad\u0131m&#8230; Y\u00fcr\u00fcmek, bir ama\u00e7&#8230; Ya\u015famak, bir \u00e7aba&#8230; H\u00fcseyin K\u0131ran\u2019dan dall\u0131 budakl\u0131, karmakar\u0131\u015f\u0131k, hesaplanamayan etkilere a\u00e7\u0131k belirsiz bir b\u00fct\u00fcn\u00fc yal\u0131n par\u00e7alara ay\u0131ran, ad\u0131m ad\u0131m anlayan-anlamland\u0131ranvurucu bir anlat\u0131: Y\u00fcr\u00fcmek, bir yere varmak, o yerle tamamlan\u0131p bir b\u00fct\u00fcn\u00fcn i\u00e7inde var olmak ya da yok olmak m\u00fcmk\u00fcn m\u00fc? Y\u00fcr\u00fcmek san\u0131ld\u0131\u011f\u0131 gibi bir hedefe ula\u015fmaya yaram\u0131yor. Nitekim bunun i\u00e7in bir hedefinin olmas\u0131, senin kendine bir hedef olu\u015fturman ve art\u0131k oray\u0131 var\u0131lacak bir hedef haline getirmen de\u011fil, bu hedefin, hedef olarak adland\u0131r\u0131lan yerin seni \u00e7a\u011f\u0131rmas\u0131, istemesi, kendine \u00e7ekmesi ve e\u011fer ula\u015f\u0131labilirse art\u0131k bir hedef olmaktan \u00e7\u0131kmas\u0131 ve seni kendi par\u00e7as\u0131 k\u0131larak yerle\u015fece\u011fin yer olmas\u0131, yerin olmas\u0131, senin yerinin oras\u0131 olmas\u0131 gerekiyor. <\/p>\n","protected":false},"excerpt":{"rendered":"<p>Ya\u015famak, ad\u0131m ad\u0131m&#8230; Y\u00fcr\u00fcmek, bir ama\u00e7&#8230; Ya\u015famak, bir \u00e7aba&#8230; H\u00fcseyin K\u0131ran\u2019dan dall\u0131 budakl\u0131, karmakar\u0131\u015f\u0131k, hesaplanamayan etkilere a\u00e7\u0131k belirsiz bir b\u00fct\u00fcn\u00fc yal\u0131n par\u00e7alara ay\u0131ran, ad\u0131m ad\u0131m anlayan-anlamland\u0131ranvurucu<span class=\"excerpt-hellip\"> [\u2026]<\/span><\/p>\n","protected":false},"featured_media":0,"template":"","meta":{"_monsterinsights_skip_tracking":false,"_monsterinsights_sitenote_active":false,"_monsterinsights_sitenote_note":"","_monsterinsights_sitenote_category":0},"product_brand":[],"product_cat":[18545,12291],"product_tag":[],"class_list":{"0":"post-715389","1":"product","2":"type-product","3":"status-publish","5":"product_cat-anlati","6":"product_cat-edebiyat","7":"pa_cilt-ciltsiz","8":"pa_tur-kitap","9":"pa_yayinevi-yapi-kredi-yayinlari","10":"pa_yazar-huseyin-kiran","12":"first","13":"instock","14":"sale","15":"shipping-taxable","16":"purchasable","17":"product-type-simple"},"_links":{"self":[{"href":"https:\/\/roveyayinevi.com.tr\/index.php\/wp-json\/wp\/v2\/product\/715389","targetHints":{"allow":["GET"]}}],"collection":[{"href":"https:\/\/roveyayinevi.com.tr\/index.php\/wp-json\/wp\/v2\/product"}],"about":[{"href":"https:\/\/roveyayinevi.com.tr\/index.php\/wp-json\/wp\/v2\/types\/product"}],"wp:attachment":[{"href":"https:\/\/roveyayinevi.com.tr\/index.php\/wp-json\/wp\/v2\/media?parent=715389"}],"wp:term":[{"taxonomy":"product_brand","embeddable":true,"href":"https:\/\/roveyayinevi.com.tr\/index.php\/wp-json\/wp\/v2\/product_brand?post=715389"},{"taxonomy":"product_cat","embeddable":true,"href":"https:\/\/roveyayinevi.com.tr\/index.php\/wp-json\/wp\/v2\/product_cat?post=715389"},{"taxonomy":"product_tag","embeddable":true,"href":"https:\/\/roveyayinevi.com.tr\/index.php\/wp-json\/wp\/v2\/product_tag?post=715389"}],"curies":[{"name":"wp","href":"https:\/\/api.w.org\/{rel}","templated":true}]}}