{"id":715388,"date":"2025-08-27T17:30:00","date_gmt":"2025-08-27T14:30:00","guid":{"rendered":"https:\/\/roveyayinevi.com.tr\/index.php\/urun\/mai-ve-siyah-9\/"},"modified":"2026-04-16T02:23:42","modified_gmt":"2026-04-15T23:23:42","slug":"mai-ve-siyah-9","status":"publish","type":"product","link":"https:\/\/roveyayinevi.com.tr\/index.php\/urun\/mai-ve-siyah-9\/","title":{"rendered":"Mai ve Siyah"},"content":{"rendered":"<p>Mai ve Siyah Halit Ziya U\u015fakl\u0131gil\u2019in ilk \u00f6nemli roman\u0131d\u0131r. Halit Ziya\u2019n\u0131n \u201conda hemen b\u00fct\u00fcn ben var\u0131m, benim bir daha geri gelmeyecek olan emellerle, h\u00fclyalarla ve onlar\u0131n yan\u0131 ba\u015f\u0131nda h\u00fcsranlarla dolu olan gen\u00e7li\u011fim var\u201d dedi\u011fi roman, Servet-i F\u00fcnun ku\u015fa\u011f\u0131n\u0131n sanat ve edebiyat g\u00f6r\u00fc\u015flerini tart\u0131\u015fmas\u0131 bak\u0131m\u0131ndan bir edeb\u00ee manifesto olarak da de\u011ferlendirilir. Gen\u00e7 bir \u015fairin mavi h\u00fclyalardan siyah felaketlere d\u00fc\u015f\u00fc\u015f\u00fcn\u00fc anlatan Mai ve Siyah\u2019\u0131, T\u00fcrk roman\u0131n\u0131n bu \u015faheserini, yazar\u0131n\u0131n kaleminden \u00e7\u0131kt\u0131\u011f\u0131 \u015fekliyle, Handan \u0130nci yay\u0131na haz\u0131rlad\u0131. M\u00fclkiye Mektebi\u2019ni bitirdikten sonra matbuat \u00e2lemine at\u0131lan Ahmet Cemil bir yandan b\u00fcy\u00fck bir \u00f6zenle ilk \u015fiir kitab\u0131n\u0131 haz\u0131rlamakta, \u00f6te yandan da gazete-matbaa patronlu\u011fu ve Erenk\u00f6yl\u00fc zengin aile k\u0131z\u0131 Lamia\u2019yla evlenme hayalleri kurmaktad\u0131r. Ancak babas\u0131n\u0131n \u00f6l\u00fcm\u00fcyle S\u00fcleymaniye\u2019deki m\u00fctevaz\u0131 hayat\u0131 sars\u0131l\u0131r: Annesi Sabiha ve k\u0131z karde\u015fi \u0130kbal\u2019in ge\u00e7imini sevmedi\u011fi kitaplar\u0131 \u00e7evirmek, tahamm\u00fcl edemedi\u011fi \u00e7ocuklara \u00f6zel dersler vermek suretiyle sa\u011flamak zorundad\u0131r. Hayallerle hakikatlerin \u00e7at\u0131\u015fmas\u0131 hi\u00e7 bitmez&#8230; \u00d6nce, Ahmet Cemil\u2019in \u015fiirleri eski sanat anlay\u0131\u015f\u0131n\u0131 savunanlar taraf\u0131ndan ac\u0131mas\u0131zca ele\u015ftirilir; sonra, eni\u015ftesi Vehbi Bey k\u0131z karde\u015fini hamileyken \u00f6ld\u00fcrmekle kalmaz Ahmet Cemil\u2019in de gazetedeki ba\u015fyazarl\u0131\u011f\u0131na  son verir; nihayetinde, sevgilisi Lamia ise bir subayla evlenir<\/p>\n","protected":false},"excerpt":{"rendered":"<p>Mai ve Siyah Halit Ziya U\u015fakl\u0131gil\u2019in ilk \u00f6nemli roman\u0131d\u0131r. Halit Ziya\u2019n\u0131n \u201conda hemen b\u00fct\u00fcn ben var\u0131m, benim bir daha geri gelmeyecek olan emellerle, h\u00fclyalarla ve onlar\u0131n<span class=\"excerpt-hellip\"> [\u2026]<\/span><\/p>\n","protected":false},"featured_media":0,"template":"","meta":{"_monsterinsights_skip_tracking":false,"_monsterinsights_sitenote_active":false,"_monsterinsights_sitenote_note":"","_monsterinsights_sitenote_category":0},"product_brand":[],"product_cat":[12291,12711],"product_tag":[],"class_list":{"0":"post-715388","1":"product","2":"type-product","3":"status-publish","5":"product_cat-edebiyat","6":"product_cat-roman-oyku","7":"pa_cilt-ciltsiz","8":"pa_tur-kitap","9":"pa_yayinevi-yapi-kredi-yayinlari","10":"pa_yazar-halit-ziya-usakligil","12":"first","13":"instock","14":"sale","15":"shipping-taxable","16":"purchasable","17":"product-type-simple"},"_links":{"self":[{"href":"https:\/\/roveyayinevi.com.tr\/index.php\/wp-json\/wp\/v2\/product\/715388","targetHints":{"allow":["GET"]}}],"collection":[{"href":"https:\/\/roveyayinevi.com.tr\/index.php\/wp-json\/wp\/v2\/product"}],"about":[{"href":"https:\/\/roveyayinevi.com.tr\/index.php\/wp-json\/wp\/v2\/types\/product"}],"wp:attachment":[{"href":"https:\/\/roveyayinevi.com.tr\/index.php\/wp-json\/wp\/v2\/media?parent=715388"}],"wp:term":[{"taxonomy":"product_brand","embeddable":true,"href":"https:\/\/roveyayinevi.com.tr\/index.php\/wp-json\/wp\/v2\/product_brand?post=715388"},{"taxonomy":"product_cat","embeddable":true,"href":"https:\/\/roveyayinevi.com.tr\/index.php\/wp-json\/wp\/v2\/product_cat?post=715388"},{"taxonomy":"product_tag","embeddable":true,"href":"https:\/\/roveyayinevi.com.tr\/index.php\/wp-json\/wp\/v2\/product_tag?post=715388"}],"curies":[{"name":"wp","href":"https:\/\/api.w.org\/{rel}","templated":true}]}}