{"id":715386,"date":"2025-08-27T17:29:59","date_gmt":"2025-08-27T14:29:59","guid":{"rendered":"https:\/\/roveyayinevi.com.tr\/index.php\/urun\/uygulamali-anlayarak-hizli-okuma-teknikleri\/"},"modified":"2026-04-16T02:23:42","modified_gmt":"2026-04-15T23:23:42","slug":"uygulamali-anlayarak-hizli-okuma-teknikleri","status":"publish","type":"product","link":"https:\/\/roveyayinevi.com.tr\/index.php\/urun\/uygulamali-anlayarak-hizli-okuma-teknikleri\/","title":{"rendered":"Uygulamal\u0131 Anlayarak H\u0131zl\u0131 Okuma Teknikleri"},"content":{"rendered":"<p>Kitap okumak, ya\u015fam\u0131n anlar\u0131n\u0131 bulmakt\u0131r\u2026 Okumak, derin bir sevginin ad\u0131d\u0131r\u2026 Okumak,bizi mutlulu\u011fa g\u00f6t\u00fcren yoldur.. Okumak, ac\u0131l\u0131 zamanlar\u0131m\u0131zda dosttur\u2026 Okumak, masum bir \u00e7ocu\u011fun g\u00fcl\u00fcmsemesidir\u2026 Okumak, insanlar\u0131n huzur veren g\u00fcl\u00fc\u015f\u00fcn\u00fc yakalamakt\u0131r\u2026 Okumak, anne i\u00e7tenli\u011fini ve samimiyetini, s\u0131cakl\u0131\u011f\u0131n\u0131 hissetmektir..  Okumak,bir baba \u015fefkatiyle sar\u0131lmakt\u0131r.. Okumak,yaralar\u0131m\u0131za merhem olmakt\u0131r.. Okumak,ac\u0131lar\u0131m\u0131z\u0131 dindirmektir.. Okumak,vefa g\u00f6stermektir.. Okumak, g\u00f6n\u00fcllere ya\u011fmur gibi ya\u011fmakt\u0131r\u2026 Okumak,g\u00f6nl\u00fcm\u00fcze \u0131\u015f\u0131k tutmakt\u0131r.. Okumak,insan\u0131 olgunla\u015ft\u0131ran derin bir a\u015fkt\u0131r.. Okumak,sonu gelmeyen bir \u015fark\u0131d\u0131r.. Okumak,\u00e7a\u011flara,zamana meydan okumakt\u0131r.. Okumak,t\u00fcm karanl\u0131klara inat,fener tutmakt\u0131r.. Okumak,\u00e7a\u011f\u0131 ayd\u0131nlatmakt\u0131r.. Okumak,p\u0131r\u0131lt\u0131l\u0131 \u015fehirlerde ya\u015famakt\u0131r.. Okumak, hayat\u0131 anlamakt\u0131r\u2026 Okumak,hayat\u0131 hissetmektir.. Okumak, gelecek nesillere mirast\u0131r. . Okumak,de\u011ferli insanlar\u0131 takdir etmektir.. Okumak, insanlar alk\u0131\u015flamakt\u0131r\u2026 Okumak,gen\u00e7ler i\u00e7in meyve veren a\u011fa\u00e7lar dikmektir.. Okumak,a\u011fa\u00e7lar\u0131n g\u00f6lgesinde dinlenmektir.. Okumak, gelece\u011fi bahar olarak g\u00f6rmektir.. Okumak,mis kokulu \u00e7i\u00e7ek bah\u00e7esine girmektir.. Okumak, canlara can katmakt\u0131r.. Okumak, huzura sar\u0131lmakt\u0131r.. Okumak, sevgileri payla\u015fmakt\u0131r.. Okumak,ya\u015fad\u0131\u011f\u0131n\u0131 hissetmektir.. <\/p>\n","protected":false},"excerpt":{"rendered":"<p>Kitap okumak, ya\u015fam\u0131n anlar\u0131n\u0131 bulmakt\u0131r\u2026 Okumak, derin bir sevginin ad\u0131d\u0131r\u2026 Okumak,bizi mutlulu\u011fa g\u00f6t\u00fcren yoldur.. Okumak, ac\u0131l\u0131 zamanlar\u0131m\u0131zda dosttur\u2026 Okumak, masum bir \u00e7ocu\u011fun g\u00fcl\u00fcmsemesidir\u2026 Okumak, insanlar\u0131n huzur<span class=\"excerpt-hellip\"> [\u2026]<\/span><\/p>\n","protected":false},"featured_media":0,"template":"","meta":{"_monsterinsights_skip_tracking":false,"_monsterinsights_sitenote_active":false,"_monsterinsights_sitenote_note":"","_monsterinsights_sitenote_category":0},"product_brand":[],"product_cat":[13005,37328],"product_tag":[],"class_list":{"0":"post-715386","1":"product","2":"type-product","3":"status-publish","5":"product_cat-bilim-muhendislik","6":"product_cat-diger-bilim-muhendislik","7":"pa_cilt-ciltsiz","8":"pa_tur-kitap","9":"pa_yayinevi-fark-yayinlari","10":"pa_yazar-ismail-guler-murat-ertan","12":"first","13":"instock","14":"sale","15":"shipping-taxable","16":"purchasable","17":"product-type-simple"},"_links":{"self":[{"href":"https:\/\/roveyayinevi.com.tr\/index.php\/wp-json\/wp\/v2\/product\/715386","targetHints":{"allow":["GET"]}}],"collection":[{"href":"https:\/\/roveyayinevi.com.tr\/index.php\/wp-json\/wp\/v2\/product"}],"about":[{"href":"https:\/\/roveyayinevi.com.tr\/index.php\/wp-json\/wp\/v2\/types\/product"}],"wp:attachment":[{"href":"https:\/\/roveyayinevi.com.tr\/index.php\/wp-json\/wp\/v2\/media?parent=715386"}],"wp:term":[{"taxonomy":"product_brand","embeddable":true,"href":"https:\/\/roveyayinevi.com.tr\/index.php\/wp-json\/wp\/v2\/product_brand?post=715386"},{"taxonomy":"product_cat","embeddable":true,"href":"https:\/\/roveyayinevi.com.tr\/index.php\/wp-json\/wp\/v2\/product_cat?post=715386"},{"taxonomy":"product_tag","embeddable":true,"href":"https:\/\/roveyayinevi.com.tr\/index.php\/wp-json\/wp\/v2\/product_tag?post=715386"}],"curies":[{"name":"wp","href":"https:\/\/api.w.org\/{rel}","templated":true}]}}