{"id":715385,"date":"2025-08-27T17:29:58","date_gmt":"2025-08-27T14:29:58","guid":{"rendered":"https:\/\/roveyayinevi.com.tr\/index.php\/urun\/imanin-imkani-yendigi-zafer\/"},"modified":"2026-04-16T02:23:42","modified_gmt":"2026-04-15T23:23:42","slug":"imanin-imkani-yendigi-zafer","status":"publish","type":"product","link":"https:\/\/roveyayinevi.com.tr\/index.php\/urun\/imanin-imkani-yendigi-zafer\/","title":{"rendered":"\u0130man\u0131n \u0130mkan\u0131 Yendi\u011fi Zafer"},"content":{"rendered":"<p>\u0130nsanl\u0131\u011f\u0131n sava\u015f\u0131 yendi\u011fi yerde, onlar herkes gibi \u00f6lmediler. \u00d6yle g\u00fczeldi ki gittikleri yerler , bir daha d\u00f6nmediler.Nice kefensiz kahraman , sahibini arayan mektuplar duruyorlar, orada&#8230;\u00c7anakkale , \u0130man\u0131n imkan\u0131 yendi\u011fi yer&#8230;Onlar bizi birle\u015ftiriren k\u00f6klerimiz&#8230;Hayatlar\u0131n\u0131n ilk bahar\u0131nda d\u00fc\u015fman da\u011flar\u0131na s\u0131rada\u011f oldular.Kefensiz yatt\u0131klar\u0131 yerden bize rehberlik etmeye devam ediyorlar.Bu , vatan\u0131n ,bayra\u011f\u0131n , inanc\u0131n , birli\u011fin ve karde\u015fli\u011fin de\u011ferini anlat\u0131yorlar.\u0130\u015fte onlar\u0131n tarihe s\u0131\u011fmayan b\u00fcy\u00fck hikayesi&#8230;<\/p>\n","protected":false},"excerpt":{"rendered":"<p>\u0130nsanl\u0131\u011f\u0131n sava\u015f\u0131 yendi\u011fi yerde, onlar herkes gibi \u00f6lmediler. \u00d6yle g\u00fczeldi ki gittikleri yerler , bir daha d\u00f6nmediler.Nice kefensiz kahraman , sahibini arayan mektuplar duruyorlar, orada&#8230;\u00c7anakkale ,<span class=\"excerpt-hellip\"> [\u2026]<\/span><\/p>\n","protected":false},"featured_media":0,"template":"","meta":{"_monsterinsights_skip_tracking":false,"_monsterinsights_sitenote_active":false,"_monsterinsights_sitenote_note":"","_monsterinsights_sitenote_category":0},"product_brand":[],"product_cat":[13072,12291],"product_tag":[],"class_list":{"0":"post-715385","1":"product","2":"type-product","3":"status-publish","5":"product_cat-arastirma-inceleme-referans","6":"product_cat-edebiyat","7":"pa_cilt-ciltsiz","8":"pa_tur-kitap","9":"pa_yayinevi-yade-yayinlari","10":"pa_yazar-osman-arslan","12":"first","13":"instock","14":"sale","15":"shipping-taxable","16":"purchasable","17":"product-type-simple"},"_links":{"self":[{"href":"https:\/\/roveyayinevi.com.tr\/index.php\/wp-json\/wp\/v2\/product\/715385","targetHints":{"allow":["GET"]}}],"collection":[{"href":"https:\/\/roveyayinevi.com.tr\/index.php\/wp-json\/wp\/v2\/product"}],"about":[{"href":"https:\/\/roveyayinevi.com.tr\/index.php\/wp-json\/wp\/v2\/types\/product"}],"wp:attachment":[{"href":"https:\/\/roveyayinevi.com.tr\/index.php\/wp-json\/wp\/v2\/media?parent=715385"}],"wp:term":[{"taxonomy":"product_brand","embeddable":true,"href":"https:\/\/roveyayinevi.com.tr\/index.php\/wp-json\/wp\/v2\/product_brand?post=715385"},{"taxonomy":"product_cat","embeddable":true,"href":"https:\/\/roveyayinevi.com.tr\/index.php\/wp-json\/wp\/v2\/product_cat?post=715385"},{"taxonomy":"product_tag","embeddable":true,"href":"https:\/\/roveyayinevi.com.tr\/index.php\/wp-json\/wp\/v2\/product_tag?post=715385"}],"curies":[{"name":"wp","href":"https:\/\/api.w.org\/{rel}","templated":true}]}}