{"id":715383,"date":"2025-08-27T17:29:57","date_gmt":"2025-08-27T14:29:57","guid":{"rendered":"https:\/\/roveyayinevi.com.tr\/index.php\/urun\/emanet-opucuk\/"},"modified":"2026-04-16T02:23:42","modified_gmt":"2026-04-15T23:23:42","slug":"emanet-opucuk","status":"publish","type":"product","link":"https:\/\/roveyayinevi.com.tr\/index.php\/urun\/emanet-opucuk\/","title":{"rendered":"Emanet \u00d6p\u00fcc\u00fck"},"content":{"rendered":"<p>hikaye ya\u015fanm\u0131\u015f ya da ya\u015fanmas\u0131 muhtemel olan olaylar\u0131n bir yazar taraf\u0131ndan okuucuda heyecan , zevk uyand\u0131racak \u015fekilde k\u0131saca anlat\u0131ld\u0131\u011f\u0131 edebi metindir.Yani hikaye hayat\u0131n da kendisidir.Adil Karag\u00f6z&#8217;\u00fcn kaleme ald\u0131\u011f\u0131, milli ve manevi duygular\u0131n yo\u011funlukta i\u015flendi\u011fi &#8220;Emanet \u00d6p\u00fcc\u00fc\u011f\u00fc&#8221; adl\u0131 bu kitapta birbirinden g\u00fczel hikayeleri okuyacak , \u00e7e\u015fitli dersler \u00e7\u0131karacaks\u0131n\u0131z.<\/p>\n","protected":false},"excerpt":{"rendered":"<p>hikaye ya\u015fanm\u0131\u015f ya da ya\u015fanmas\u0131 muhtemel olan olaylar\u0131n bir yazar taraf\u0131ndan okuucuda heyecan , zevk uyand\u0131racak \u015fekilde k\u0131saca anlat\u0131ld\u0131\u011f\u0131 edebi metindir.Yani hikaye hayat\u0131n da kendisidir.Adil Karag\u00f6z&#8217;\u00fcn<span class=\"excerpt-hellip\"> [\u2026]<\/span><\/p>\n","protected":false},"featured_media":0,"template":"","meta":{"_monsterinsights_skip_tracking":false,"_monsterinsights_sitenote_active":false,"_monsterinsights_sitenote_note":"","_monsterinsights_sitenote_category":0},"product_brand":[],"product_cat":[12274,12284],"product_tag":[],"class_list":{"0":"post-715383","1":"product","2":"type-product","3":"status-publish","5":"product_cat-cocuk-ve-genclik-kitaplari","6":"product_cat-hikayeler","7":"pa_cilt-ciltsiz","8":"pa_tur-kitap","9":"pa_yayinevi-yade-yayinlari","10":"pa_yazar-adil-karagoz","12":"first","13":"instock","14":"sale","15":"shipping-taxable","16":"purchasable","17":"product-type-simple"},"_links":{"self":[{"href":"https:\/\/roveyayinevi.com.tr\/index.php\/wp-json\/wp\/v2\/product\/715383","targetHints":{"allow":["GET"]}}],"collection":[{"href":"https:\/\/roveyayinevi.com.tr\/index.php\/wp-json\/wp\/v2\/product"}],"about":[{"href":"https:\/\/roveyayinevi.com.tr\/index.php\/wp-json\/wp\/v2\/types\/product"}],"wp:attachment":[{"href":"https:\/\/roveyayinevi.com.tr\/index.php\/wp-json\/wp\/v2\/media?parent=715383"}],"wp:term":[{"taxonomy":"product_brand","embeddable":true,"href":"https:\/\/roveyayinevi.com.tr\/index.php\/wp-json\/wp\/v2\/product_brand?post=715383"},{"taxonomy":"product_cat","embeddable":true,"href":"https:\/\/roveyayinevi.com.tr\/index.php\/wp-json\/wp\/v2\/product_cat?post=715383"},{"taxonomy":"product_tag","embeddable":true,"href":"https:\/\/roveyayinevi.com.tr\/index.php\/wp-json\/wp\/v2\/product_tag?post=715383"}],"curies":[{"name":"wp","href":"https:\/\/api.w.org\/{rel}","templated":true}]}}