{"id":715382,"date":"2025-08-27T17:29:56","date_gmt":"2025-08-27T14:29:56","guid":{"rendered":"https:\/\/roveyayinevi.com.tr\/index.php\/urun\/iki-limonata-bir-pasta\/"},"modified":"2026-04-16T02:23:42","modified_gmt":"2026-04-15T23:23:42","slug":"iki-limonata-bir-pasta","status":"publish","type":"product","link":"https:\/\/roveyayinevi.com.tr\/index.php\/urun\/iki-limonata-bir-pasta\/","title":{"rendered":"\u0130ki Limonata Bir Pasta"},"content":{"rendered":"<p>Bu gece beni uyku tutmazd\u0131. Sabaha kadar d\u00fc\u015f\u00fcnecek \u00f6yle \u00e7ok \u015fey vard\u0131 ki. Her \u015feyden \u00f6nce, bir yolunu bulup, Aliki&#8217;yi ailemle tan\u0131\u015ft\u0131rmal\u0131yd\u0131m! Ne iyi olurdu!Eteklerin u\u00e7u\u015ftu\u011fu dans\u0131, arkas\u0131ndan gelen ate\u015fli \u00f6p\u00fcc\u00fc\u011f\u00fc g\u00f6rseydi bizimkiler ne d\u00fc\u015f\u00fcn\u00fcrlerdi?Hristo Amca, \u00f6p\u00fc\u015fme fals\u0131n\u0131 duyunca y\u00fcz\u00fcn\u00fc asm\u0131\u015f. Sesini \u00e7\u0131karmadan yatmaya gitmi\u015f. Frederika Teyze de \u00f6yle. Bizimkiler de ayn\u0131s\u0131n\u0131 yapard\u0131 herhalde, erkek karde\u015fim d\u0131\u015f\u0131nda. Onun a\u011fz\u0131 kulaklar\u0131na var\u0131rd\u0131. \u00dcstelik okulda bilmeyen kalmazd\u0131.<\/p>\n","protected":false},"excerpt":{"rendered":"<p>Bu gece beni uyku tutmazd\u0131. Sabaha kadar d\u00fc\u015f\u00fcnecek \u00f6yle \u00e7ok \u015fey vard\u0131 ki. Her \u015feyden \u00f6nce, bir yolunu bulup, Aliki&#8217;yi ailemle tan\u0131\u015ft\u0131rmal\u0131yd\u0131m! Ne iyi olurdu!Eteklerin u\u00e7u\u015ftu\u011fu<span class=\"excerpt-hellip\"> [\u2026]<\/span><\/p>\n","protected":false},"featured_media":0,"template":"","meta":{"_monsterinsights_skip_tracking":false,"_monsterinsights_sitenote_active":false,"_monsterinsights_sitenote_note":"","_monsterinsights_sitenote_category":0},"product_brand":[],"product_cat":[12291,12711],"product_tag":[],"class_list":{"0":"post-715382","1":"product","2":"type-product","3":"status-publish","5":"product_cat-edebiyat","6":"product_cat-roman-oyku","7":"pa_cilt-ciltsiz","8":"pa_tur-kitap","9":"pa_yayinevi-yade-yayinlari","10":"pa_yazar-ugur-buget","12":"first","13":"instock","14":"sale","15":"shipping-taxable","16":"purchasable","17":"product-type-simple"},"_links":{"self":[{"href":"https:\/\/roveyayinevi.com.tr\/index.php\/wp-json\/wp\/v2\/product\/715382","targetHints":{"allow":["GET"]}}],"collection":[{"href":"https:\/\/roveyayinevi.com.tr\/index.php\/wp-json\/wp\/v2\/product"}],"about":[{"href":"https:\/\/roveyayinevi.com.tr\/index.php\/wp-json\/wp\/v2\/types\/product"}],"wp:attachment":[{"href":"https:\/\/roveyayinevi.com.tr\/index.php\/wp-json\/wp\/v2\/media?parent=715382"}],"wp:term":[{"taxonomy":"product_brand","embeddable":true,"href":"https:\/\/roveyayinevi.com.tr\/index.php\/wp-json\/wp\/v2\/product_brand?post=715382"},{"taxonomy":"product_cat","embeddable":true,"href":"https:\/\/roveyayinevi.com.tr\/index.php\/wp-json\/wp\/v2\/product_cat?post=715382"},{"taxonomy":"product_tag","embeddable":true,"href":"https:\/\/roveyayinevi.com.tr\/index.php\/wp-json\/wp\/v2\/product_tag?post=715382"}],"curies":[{"name":"wp","href":"https:\/\/api.w.org\/{rel}","templated":true}]}}