{"id":715381,"date":"2025-08-27T17:29:55","date_gmt":"2025-08-27T14:29:55","guid":{"rendered":"https:\/\/roveyayinevi.com.tr\/index.php\/urun\/boynuyamuk\/"},"modified":"2026-04-07T02:30:45","modified_gmt":"2026-04-06T23:30:45","slug":"boynuyamuk","status":"publish","type":"product","link":"https:\/\/roveyayinevi.com.tr\/index.php\/urun\/boynuyamuk\/","title":{"rendered":"Boynuyamuk"},"content":{"rendered":"<p>Bir Dolap Kitap\u2019\u0131n kurucular\u0131ndan M. Banu Aksoy\u2019un kaleme ald\u0131\u011f\u0131 Boynuyamuk, farkl\u0131l\u0131klar\u0131n zenginli\u011fi, \u00f6nyarg\u0131lar\u0131 y\u0131kma ve kar\u015f\u0131l\u0131kl\u0131 ili\u015fkilerde ho\u015fg\u00f6r\u00fc temalar\u0131 \u00fczerine, ezber bozan bir \u00f6yk\u00fc!\u015eiirsel dili, evrensel temalara de\u011finen ilgin\u00e7 konusu ve karakteristik \u00e7izimleriyle 7 ya\u015f ve \u00fczeri okurlar\u0131n dikkatini \u00e7ekecek olan bu sevimli \u00f6yk\u00fc, d\u00fczg\u00fcn kentin d\u00fczg\u00fcn insanlar\u0131 aras\u0131na kar\u0131\u015fm\u0131\u015f bir Boynuyamuk\u2019un yeni ta\u015f\u0131nd\u0131\u011f\u0131 kentte ba\u015f\u0131ndan ge\u00e7enleri konu ediniyor.Boynuyamuk, en g\u00fczel uyumun farkl\u0131l\u0131klar\u0131n birlikteli\u011fiyle ger\u00e7ekle\u015fti\u011fini vurgularken tektiple\u015fmenin tehlikelerine de g\u00f6ndermelerde bulunuyor.\u00d6yk\u00fcm\u00fcz, uzak bir \u00fclkenin uzak bir kentinde ge\u00e7er. Upuzun \u00e7izgilerden, d\u00fcz yap\u0131lardan ve hatta d\u00fcmd\u00fcz insanlardan olu\u015fan bu kentte d\u00fczenin ve kurallar\u0131n d\u0131\u015f\u0131na asla \u00e7\u0131k\u0131lmaz. Hayat\u0131n d\u00fcmd\u00fcz ak\u0131p gitti\u011fi bu s\u0131radan kente hi\u00e7 beklenmedik bir zamanda, hi\u00e7 olmad\u0131k fiziksel \u00f6zelliklere ve ya\u015fam bi\u00e7imine sahip bir yabanc\u0131 ta\u015f\u0131n\u0131r ve olanlar olur. \u015eehrin sakinleri, orman\u0131n dibindeki yamuk duvarl\u0131, e\u011fri \u00e7at\u0131l\u0131, bah\u00e7e yolu kayrak ta\u015f\u0131 kapl\u0131 \u015fekilsiz bir evde oturan bu yamuk boyunlu kad\u0131n\u0131n varl\u0131\u011f\u0131na bir t\u00fcrl\u00fc al\u0131\u015famaz. Ya Boynuyamuk onlar\u0131n d\u00fczenine ayak uyduracakt\u0131r ya da\u2026\u00c7a\u011f\u0131m\u0131z\u0131n en b\u00fcy\u00fck sorunlar\u0131ndan biri olan ho\u015fg\u00f6r\u00fcs\u00fczl\u00fc\u011fe de\u011finen Boynuyamuk, insanlar\u0131 bireysel farkl\u0131l\u0131klar\u0131 y\u00fcz\u00fcnden yarg\u0131laman\u0131n yersizli\u011fine dikkat \u00e7ekerek herkesi \u00f6nyarg\u0131lar\u0131ndan kurtulmaya \u00e7a\u011f\u0131r\u0131yor.K\u0131ymet Erg\u00f6\u00e7en\u2019in \u00f6yk\u00fcn\u00fcn ruhunu kusursuz bir bi\u00e7imde yans\u0131tan resimleriyle okurlara zengin bir g\u00f6rsellik sunan bu cesur kitap, s\u0131radan kentlerde s\u0131radan hayatlar ya\u015fayan d\u00fcz (!) insanlar\u0131n hayatlar\u0131na farkl\u0131l\u0131k ve renk katmay\u0131 hedefliyor.<\/p>\n","protected":false},"excerpt":{"rendered":"<p>Bir Dolap Kitap\u2019\u0131n kurucular\u0131ndan M. Banu Aksoy\u2019un kaleme ald\u0131\u011f\u0131 Boynuyamuk, farkl\u0131l\u0131klar\u0131n zenginli\u011fi, \u00f6nyarg\u0131lar\u0131 y\u0131kma ve kar\u015f\u0131l\u0131kl\u0131 ili\u015fkilerde ho\u015fg\u00f6r\u00fc temalar\u0131 \u00fczerine, ezber bozan bir \u00f6yk\u00fc!\u015eiirsel dili, evrensel<span class=\"excerpt-hellip\"> [\u2026]<\/span><\/p>\n","protected":false},"featured_media":0,"template":"","meta":{"_monsterinsights_skip_tracking":false,"_monsterinsights_sitenote_active":false,"_monsterinsights_sitenote_note":"","_monsterinsights_sitenote_category":0},"product_brand":[],"product_cat":[12274,12284],"product_tag":[],"class_list":{"0":"post-715381","1":"product","2":"type-product","3":"status-publish","5":"product_cat-cocuk-ve-genclik-kitaplari","6":"product_cat-hikayeler","7":"pa_cilt-ciltsiz","8":"pa_tur-kitap","9":"pa_yayinevi-tudem-yayinlari","10":"pa_yazar-m-banu-aksoy","12":"first","13":"instock","14":"sale","15":"shipping-taxable","16":"purchasable","17":"product-type-simple"},"_links":{"self":[{"href":"https:\/\/roveyayinevi.com.tr\/index.php\/wp-json\/wp\/v2\/product\/715381","targetHints":{"allow":["GET"]}}],"collection":[{"href":"https:\/\/roveyayinevi.com.tr\/index.php\/wp-json\/wp\/v2\/product"}],"about":[{"href":"https:\/\/roveyayinevi.com.tr\/index.php\/wp-json\/wp\/v2\/types\/product"}],"wp:attachment":[{"href":"https:\/\/roveyayinevi.com.tr\/index.php\/wp-json\/wp\/v2\/media?parent=715381"}],"wp:term":[{"taxonomy":"product_brand","embeddable":true,"href":"https:\/\/roveyayinevi.com.tr\/index.php\/wp-json\/wp\/v2\/product_brand?post=715381"},{"taxonomy":"product_cat","embeddable":true,"href":"https:\/\/roveyayinevi.com.tr\/index.php\/wp-json\/wp\/v2\/product_cat?post=715381"},{"taxonomy":"product_tag","embeddable":true,"href":"https:\/\/roveyayinevi.com.tr\/index.php\/wp-json\/wp\/v2\/product_tag?post=715381"}],"curies":[{"name":"wp","href":"https:\/\/api.w.org\/{rel}","templated":true}]}}