{"id":715380,"date":"2025-08-27T17:29:54","date_gmt":"2025-08-27T14:29:54","guid":{"rendered":"https:\/\/roveyayinevi.com.tr\/index.php\/urun\/tanri-var-midir\/"},"modified":"2026-04-16T02:23:42","modified_gmt":"2026-04-15T23:23:42","slug":"tanri-var-midir","status":"publish","type":"product","link":"https:\/\/roveyayinevi.com.tr\/index.php\/urun\/tanri-var-midir\/","title":{"rendered":"Tanr\u0131 Var m\u0131d\u0131r ?"},"content":{"rendered":"<p>\u201cTanr\u0131 var m\u0131d\u0131r?\u201d insan\u0131n binlerce y\u0131ld\u0131r yan\u0131t\u0131n\u0131 arad\u0131\u011f\u0131 bir sorudur. Bu soru felsefenin de en temel sorular\u0131ndan bir tanesidir. Filozoflar bu soruya farkl\u0131 yan\u0131tlar vermi\u015fler, kimi Tanr\u0131\u2019n\u0131n var oldu\u011funu, kimi Tanr\u0131\u2019n\u0131n var olmad\u0131\u011f\u0131n\u0131, kimi de Tanr\u0131\u2019n\u0131n var olup olmad\u0131\u011f\u0131n\u0131n bilinemeyece\u011fini savunmu\u015flard\u0131r. Bu kitapta felsefe uzman\u0131 Prof. Dr. \u00d6rsan K. \u00d6ymen, ateist (tanr\u0131tan\u0131maz) ve agnostik (bilinemezci) ak\u0131l y\u00fcr\u00fctmeleri, tarihsel bir perspektifle \u00f6zetlemekte, ayr\u0131ca, laiklik ilkesinin ge\u00e7erli oldu\u011fu bir \u00fclkede, din konusunda farkl\u0131 g\u00f6r\u00fc\u015flerin geli\u015fmesinin \u00f6nemine dikkat \u00e7ekmektedir. Bu kitap, sorgulay\u0131c\u0131, yarat\u0131c\u0131 ve analitik d\u00fc\u015f\u00fcnce do\u011frultusunda evreni ve ya\u015fam\u0131 anlamaya \u00e7al\u0131\u015fanlar i\u00e7in, rehber niteli\u011findeki kitaplardan biridir.<\/p>\n","protected":false},"excerpt":{"rendered":"<p>\u201cTanr\u0131 var m\u0131d\u0131r?\u201d insan\u0131n binlerce y\u0131ld\u0131r yan\u0131t\u0131n\u0131 arad\u0131\u011f\u0131 bir sorudur. Bu soru felsefenin de en temel sorular\u0131ndan bir tanesidir. Filozoflar bu soruya farkl\u0131 yan\u0131tlar vermi\u015fler, kimi<span class=\"excerpt-hellip\"> [\u2026]<\/span><\/p>\n","protected":false},"featured_media":0,"template":"","meta":{"_monsterinsights_skip_tracking":false,"_monsterinsights_sitenote_active":false,"_monsterinsights_sitenote_note":"","_monsterinsights_sitenote_category":0},"product_brand":[],"product_cat":[13072,12291],"product_tag":[],"class_list":{"0":"post-715380","1":"product","2":"type-product","3":"status-publish","5":"product_cat-arastirma-inceleme-referans","6":"product_cat-edebiyat","7":"pa_cilt-ciltsiz","8":"pa_tur-kitap","9":"pa_yayinevi-destek-yayinlari","10":"pa_yazar-orsan-k-oymen","12":"first","13":"instock","14":"sale","15":"shipping-taxable","16":"purchasable","17":"product-type-simple"},"_links":{"self":[{"href":"https:\/\/roveyayinevi.com.tr\/index.php\/wp-json\/wp\/v2\/product\/715380","targetHints":{"allow":["GET"]}}],"collection":[{"href":"https:\/\/roveyayinevi.com.tr\/index.php\/wp-json\/wp\/v2\/product"}],"about":[{"href":"https:\/\/roveyayinevi.com.tr\/index.php\/wp-json\/wp\/v2\/types\/product"}],"wp:attachment":[{"href":"https:\/\/roveyayinevi.com.tr\/index.php\/wp-json\/wp\/v2\/media?parent=715380"}],"wp:term":[{"taxonomy":"product_brand","embeddable":true,"href":"https:\/\/roveyayinevi.com.tr\/index.php\/wp-json\/wp\/v2\/product_brand?post=715380"},{"taxonomy":"product_cat","embeddable":true,"href":"https:\/\/roveyayinevi.com.tr\/index.php\/wp-json\/wp\/v2\/product_cat?post=715380"},{"taxonomy":"product_tag","embeddable":true,"href":"https:\/\/roveyayinevi.com.tr\/index.php\/wp-json\/wp\/v2\/product_tag?post=715380"}],"curies":[{"name":"wp","href":"https:\/\/api.w.org\/{rel}","templated":true}]}}