{"id":715378,"date":"2025-08-27T17:29:53","date_gmt":"2025-08-27T14:29:53","guid":{"rendered":"https:\/\/roveyayinevi.com.tr\/index.php\/urun\/en-yakin-arkadasim-daha-deli-daha-ofkeli\/"},"modified":"2026-04-16T02:23:42","modified_gmt":"2026-04-15T23:23:42","slug":"en-yakin-arkadasim-daha-deli-daha-ofkeli","status":"publish","type":"product","link":"https:\/\/roveyayinevi.com.tr\/index.php\/urun\/en-yakin-arkadasim-daha-deli-daha-ofkeli\/","title":{"rendered":"En Yak\u0131n Arkada\u015f\u0131m Daha Deli Daha \u00d6fkeli"},"content":{"rendered":"<p>S\u00f6z\u00fcm\u00fc tutaca\u011f\u0131m\u0131 beklemiyordunuz umar\u0131m. En Yak\u0131n Arkada\u015f\u0131m Bir Deliydi. Bu olacakt\u0131 kitab\u0131n ismi. Hedefledi\u011fim ba\u015fkayd\u0131 \u00e7\u00fcnk\u00fc. Hedef; asla koymamam gereken. K\u00f6kten bir \u00e7\u00f6z\u00fcm bekliyordum. Bir sonu\u00e7. En yak\u0131n arkada\u015f\u0131mla bir vedala\u015fma. Kopma. Ama olmad\u0131. Olamad\u0131. Olamayaca\u011f\u0131n\u0131 bilemedim. Bir sonu olmad\u0131\u011f\u0131n\u0131 \u00f6ng\u00f6remedim. Bilemeyece\u011fimi anca \u00f6\u011freniyorum. \u201cYol\u201dmu\u015f her \u015fey. Kavgayla, tespitle, d\u00f6v\u00fc\u015ferek biter sand\u0131m. Mevzu bar\u0131\u015fmakm\u0131\u015f, anlayamad\u0131m. Bir konuda s\u00f6z\u00fcm\u00fc tuttum ama; filtresiz olacakt\u0131. Olacakt\u0131k. Oldu. Ger\u00e7ek neyse, o. Bu sefer daha derinden, daha ge\u00e7irgen, daha sert bir \u00e7arp\u0131\u015fma. \u00c7\u00fcnk\u00fc en yak\u0131n arkada\u015f\u0131m daha deli, daha \u00f6fkeli. <\/p>\n","protected":false},"excerpt":{"rendered":"<p>S\u00f6z\u00fcm\u00fc tutaca\u011f\u0131m\u0131 beklemiyordunuz umar\u0131m. En Yak\u0131n Arkada\u015f\u0131m Bir Deliydi. Bu olacakt\u0131 kitab\u0131n ismi. Hedefledi\u011fim ba\u015fkayd\u0131 \u00e7\u00fcnk\u00fc. Hedef; asla koymamam gereken. K\u00f6kten bir \u00e7\u00f6z\u00fcm bekliyordum. Bir sonu\u00e7.<span class=\"excerpt-hellip\"> [\u2026]<\/span><\/p>\n","protected":false},"featured_media":0,"template":"","meta":{"_monsterinsights_skip_tracking":false,"_monsterinsights_sitenote_active":false,"_monsterinsights_sitenote_note":"","_monsterinsights_sitenote_category":0},"product_brand":[],"product_cat":[12291,12711],"product_tag":[],"class_list":{"0":"post-715378","1":"product","2":"type-product","3":"status-publish","5":"product_cat-edebiyat","6":"product_cat-roman-oyku","7":"pa_cilt-ciltsiz","8":"pa_tur-kitap","9":"pa_yayinevi-destek-yayinlari","10":"pa_yazar-kerem-firtina","12":"first","13":"instock","14":"sale","15":"shipping-taxable","16":"purchasable","17":"product-type-simple"},"_links":{"self":[{"href":"https:\/\/roveyayinevi.com.tr\/index.php\/wp-json\/wp\/v2\/product\/715378","targetHints":{"allow":["GET"]}}],"collection":[{"href":"https:\/\/roveyayinevi.com.tr\/index.php\/wp-json\/wp\/v2\/product"}],"about":[{"href":"https:\/\/roveyayinevi.com.tr\/index.php\/wp-json\/wp\/v2\/types\/product"}],"wp:attachment":[{"href":"https:\/\/roveyayinevi.com.tr\/index.php\/wp-json\/wp\/v2\/media?parent=715378"}],"wp:term":[{"taxonomy":"product_brand","embeddable":true,"href":"https:\/\/roveyayinevi.com.tr\/index.php\/wp-json\/wp\/v2\/product_brand?post=715378"},{"taxonomy":"product_cat","embeddable":true,"href":"https:\/\/roveyayinevi.com.tr\/index.php\/wp-json\/wp\/v2\/product_cat?post=715378"},{"taxonomy":"product_tag","embeddable":true,"href":"https:\/\/roveyayinevi.com.tr\/index.php\/wp-json\/wp\/v2\/product_tag?post=715378"}],"curies":[{"name":"wp","href":"https:\/\/api.w.org\/{rel}","templated":true}]}}