{"id":715376,"date":"2025-08-27T17:29:52","date_gmt":"2025-08-27T14:29:52","guid":{"rendered":"https:\/\/roveyayinevi.com.tr\/index.php\/urun\/islam-sanatinin-olusumu\/"},"modified":"2026-04-16T02:23:42","modified_gmt":"2026-04-15T23:23:42","slug":"islam-sanatinin-olusumu","status":"publish","type":"product","link":"https:\/\/roveyayinevi.com.tr\/index.php\/urun\/islam-sanatinin-olusumu\/","title":{"rendered":"\u0130slam Sanat\u0131n\u0131n Olu\u015fumu"},"content":{"rendered":"<p>Erken d\u00f6nem \u0130slam sanat\u0131n\u0131n do\u011fas\u0131 \u00fczerine yap\u0131lm\u0131\u015f bu klasik \u00e7al\u0131\u015fma, son zamanlarda g\u00fcn \u0131\u015f\u0131\u011f\u0131na \u00e7\u0131km\u0131\u015f olan malzemeleri de i\u00e7erecek \u015fekilde g\u00fcncellenmi\u015ftir. Oleg Grabar yeni ekledi\u011fi bir b\u00f6l\u00fcmde, \u0130slam sanat\u0131n\u0131n olu\u015fumuna dair alternatif modeller geli\u015ftirirken kronolojisini de daha g\u00f6r\u00fcn\u00fcr k\u0131l\u0131yor ve M\u00fcsl\u00fcman d\u00fcnyas\u0131n\u0131n \u00e7a\u011fda\u015f sanat\u0131na olan etkilerini tart\u0131\u015f\u0131yor. Grabar, sosyolojik, ekonomik, tarihsel, psikolojik, ekolojik ve arkeolojik etkilerin \u0130slam sanat\u0131 \u00fczerindeki olas\u0131 sonu\u00e7lar\u0131n\u0131 inceliyor. . . \u0130slam sanat\u0131n\u0131n, \u015eark gelene\u011finin ve Klasik \u00fcslubun c\u00fcretk\u00e2r par\u00e7alar\u0131ndan nas\u0131l ilmik ilmik dokundu\u011funu g\u00f6steriyor ve bu tezini inand\u0131r\u0131c\u0131 ve iyi se\u00e7ilmi\u015f \u00f6rneklerle destekliyor.\u201d Art Bulletin Muazzam bir bilgi birikimi. . . \u0130slam sanat\u0131yla ilgilenen t\u00fcm arkeolog ve akademisyenlerin, devasa ve karma\u015f\u0131k bir alan \u00fczerinde derinlemesine ve \u00f6zg\u00fcn bir \u00e7al\u0131\u015fma yapt\u0131\u011f\u0131 i\u00e7in Profes\u00f6r Grabar&#8217;a te\u015fekk\u00fcr edece\u011finden eminiz.\u201dTimes Literary Supplement Ola\u011fan\u00fcst\u00fc incelikli bu kitab\u0131nda Oleg Grabar, erken \u0130slam sanat tarihinin incelenmesine y\u00f6nelik kendi \u00f6nemli katk\u0131lar\u0131n\u0131 geni\u015fletiyor ve \u0130slam sanat\u0131n\u0131n zor ve karma\u015f\u0131k sorunlar\u0131na \u00f6zg\u00fcn ve yarat\u0131c\u0131 bir yakla\u015f\u0131m sergiliyor.\u201d \u2015 American Historical Review <\/p>\n","protected":false},"excerpt":{"rendered":"<p>Erken d\u00f6nem \u0130slam sanat\u0131n\u0131n do\u011fas\u0131 \u00fczerine yap\u0131lm\u0131\u015f bu klasik \u00e7al\u0131\u015fma, son zamanlarda g\u00fcn \u0131\u015f\u0131\u011f\u0131na \u00e7\u0131km\u0131\u015f olan malzemeleri de i\u00e7erecek \u015fekilde g\u00fcncellenmi\u015ftir. Oleg Grabar yeni ekledi\u011fi bir<span class=\"excerpt-hellip\"> [\u2026]<\/span><\/p>\n","protected":false},"featured_media":0,"template":"","meta":{"_monsterinsights_skip_tracking":false,"_monsterinsights_sitenote_active":false,"_monsterinsights_sitenote_note":"","_monsterinsights_sitenote_category":0},"product_brand":[],"product_cat":[13072,12291],"product_tag":[],"class_list":{"0":"post-715376","1":"product","2":"type-product","3":"status-publish","5":"product_cat-arastirma-inceleme-referans","6":"product_cat-edebiyat","7":"pa_cilt-ciltsiz","8":"pa_tur-kitap","9":"pa_yayinevi-alfa-yayinlari","10":"pa_yazar-oleg-grabar","12":"first","13":"instock","14":"sale","15":"shipping-taxable","16":"purchasable","17":"product-type-simple"},"_links":{"self":[{"href":"https:\/\/roveyayinevi.com.tr\/index.php\/wp-json\/wp\/v2\/product\/715376","targetHints":{"allow":["GET"]}}],"collection":[{"href":"https:\/\/roveyayinevi.com.tr\/index.php\/wp-json\/wp\/v2\/product"}],"about":[{"href":"https:\/\/roveyayinevi.com.tr\/index.php\/wp-json\/wp\/v2\/types\/product"}],"wp:attachment":[{"href":"https:\/\/roveyayinevi.com.tr\/index.php\/wp-json\/wp\/v2\/media?parent=715376"}],"wp:term":[{"taxonomy":"product_brand","embeddable":true,"href":"https:\/\/roveyayinevi.com.tr\/index.php\/wp-json\/wp\/v2\/product_brand?post=715376"},{"taxonomy":"product_cat","embeddable":true,"href":"https:\/\/roveyayinevi.com.tr\/index.php\/wp-json\/wp\/v2\/product_cat?post=715376"},{"taxonomy":"product_tag","embeddable":true,"href":"https:\/\/roveyayinevi.com.tr\/index.php\/wp-json\/wp\/v2\/product_tag?post=715376"}],"curies":[{"name":"wp","href":"https:\/\/api.w.org\/{rel}","templated":true}]}}