{"id":715375,"date":"2025-08-27T17:29:51","date_gmt":"2025-08-27T14:29:51","guid":{"rendered":"https:\/\/roveyayinevi.com.tr\/index.php\/urun\/lhasa-buyucusu\/"},"modified":"2026-04-16T02:23:42","modified_gmt":"2026-04-15T23:23:42","slug":"lhasa-buyucusu","status":"publish","type":"product","link":"https:\/\/roveyayinevi.com.tr\/index.php\/urun\/lhasa-buyucusu\/","title":{"rendered":"Lhasa B\u00fcy\u00fcc\u00fcs\u00fc"},"content":{"rendered":"<p>&#8220;\u00c7aylak bir ke\u015fi\u015f. Bir kuantum uzman\u0131. Antik bir s\u0131r..&#8221;Lamas\u0131, gen\u00e7 bir Budist rahip \u00e7\u0131ra\u011f\u0131 olan Tenzin Dorje\u2019ye K\u0131z\u0131l Ordu\u2019nun Tibet\u2019i i\u015fgal edece\u011fini s\u00f6yledi\u011finde, \u00fclkesinin bu kara d\u00f6nemi tam tersine gen\u00e7 rahibe hi\u00e7bir \u015feyin veremeyece\u011fi hayat amac\u0131n\u0131 verir. Tenzin Dorje, kadim zamanlardan kalma iki gizli yaz\u0131t\u0131 Himalayalardan ge\u00e7irerek g\u00fcvenli bir yere g\u00f6t\u00fcrme g\u00f6revini kabul eder. Yar\u0131m y\u00fczy\u0131l sonra, y\u00fcr\u00fctt\u00fc\u011f\u00fc nanoteknoloji projesi gizemli bir \u015fekilde Londra\u2019dan Los Angeles\u2019taki bir ara\u015ft\u0131rma \u015firketine ta\u015f\u0131nd\u0131\u011f\u0131nda benzer bir s\u0131k\u0131nt\u0131l\u0131 d\u00f6nemin \u00e7eli\u015fkilerini ya\u015fayan Matt Lester\u2019dan da bir bilimci olarak kendi bilgisini nakletmesi istenir.Tenzin ve Matt, aralar\u0131nda \u00fcrpertici ba\u011flant\u0131lar olan paralel maceralar i\u00e7inde bulurlar kendilerini. Tenzin\u2019in, giderek artan fiziksel zorluklar ve s\u00fcrekli devam eden K\u0131z\u0131l Ordu tehdidi i\u00e7inde s\u00fcren tehlikeli Himalayalar yolculu\u011fu; ni\u015fanl\u0131s\u0131 Isabella\u2019yla olan tutkulu ili\u015fkisi ve birden y\u00fckseli\u015fe ge\u00e7en kariyeri, dozu giderek y\u00fckselen krizlere maruz kalan Matt\u2019in g\u00fcn\u00fcm\u00fczde ya\u015fad\u0131\u011f\u0131 fakat en az di\u011feri kadar travmatik g\u00fc\u00e7l\u00fcklerle i\u00e7 i\u00e7e ge\u00e7er. G\u00fcn\u00fcm\u00fczde hik\u00e2yeleri bir noktada birle\u015fen Matt ve Tenzin bir d\u00f6n\u00fcm noktas\u0131yla kar\u015f\u0131la\u015f\u0131rlar ve ge\u00e7mi\u015fte ya\u015fanm\u0131\u015f her \u015feye dair alg\u0131m\u0131z\u0131 \u015fa\u015f\u0131rt\u0131c\u0131 bir bi\u00e7imde de\u011fi\u015ftirirler.<\/p>\n","protected":false},"excerpt":{"rendered":"<p>&#8220;\u00c7aylak bir ke\u015fi\u015f. Bir kuantum uzman\u0131. Antik bir s\u0131r..&#8221;Lamas\u0131, gen\u00e7 bir Budist rahip \u00e7\u0131ra\u011f\u0131 olan Tenzin Dorje\u2019ye K\u0131z\u0131l Ordu\u2019nun Tibet\u2019i i\u015fgal edece\u011fini s\u00f6yledi\u011finde, \u00fclkesinin bu kara<span class=\"excerpt-hellip\"> [\u2026]<\/span><\/p>\n","protected":false},"featured_media":0,"template":"","meta":{"_monsterinsights_skip_tracking":false,"_monsterinsights_sitenote_active":false,"_monsterinsights_sitenote_note":"","_monsterinsights_sitenote_category":0},"product_brand":[],"product_cat":[12291,12711],"product_tag":[],"class_list":{"0":"post-715375","1":"product","2":"type-product","3":"status-publish","5":"product_cat-edebiyat","6":"product_cat-roman-oyku","7":"pa_cilt-ciltsiz","8":"pa_tur-kitap","9":"pa_yayinevi-ganj-yayinevi","10":"pa_yazar-david-michie","12":"first","13":"instock","14":"sale","15":"shipping-taxable","16":"purchasable","17":"product-type-simple"},"_links":{"self":[{"href":"https:\/\/roveyayinevi.com.tr\/index.php\/wp-json\/wp\/v2\/product\/715375","targetHints":{"allow":["GET"]}}],"collection":[{"href":"https:\/\/roveyayinevi.com.tr\/index.php\/wp-json\/wp\/v2\/product"}],"about":[{"href":"https:\/\/roveyayinevi.com.tr\/index.php\/wp-json\/wp\/v2\/types\/product"}],"wp:attachment":[{"href":"https:\/\/roveyayinevi.com.tr\/index.php\/wp-json\/wp\/v2\/media?parent=715375"}],"wp:term":[{"taxonomy":"product_brand","embeddable":true,"href":"https:\/\/roveyayinevi.com.tr\/index.php\/wp-json\/wp\/v2\/product_brand?post=715375"},{"taxonomy":"product_cat","embeddable":true,"href":"https:\/\/roveyayinevi.com.tr\/index.php\/wp-json\/wp\/v2\/product_cat?post=715375"},{"taxonomy":"product_tag","embeddable":true,"href":"https:\/\/roveyayinevi.com.tr\/index.php\/wp-json\/wp\/v2\/product_tag?post=715375"}],"curies":[{"name":"wp","href":"https:\/\/api.w.org\/{rel}","templated":true}]}}