{"id":715373,"date":"2025-08-27T17:29:50","date_gmt":"2025-08-27T14:29:50","guid":{"rendered":"https:\/\/roveyayinevi.com.tr\/index.php\/urun\/sarp-ve-meyve-agaclari\/"},"modified":"2026-04-16T02:23:42","modified_gmt":"2026-04-15T23:23:42","slug":"sarp-ve-meyve-agaclari","status":"publish","type":"product","link":"https:\/\/roveyayinevi.com.tr\/index.php\/urun\/sarp-ve-meyve-agaclari\/","title":{"rendered":"Sarp ve Meyve A\u011fa\u00e7lar\u0131"},"content":{"rendered":"<p>Hangi meyveler a\u011fa\u00e7ta yeti\u015fir, hangileri a\u011fa\u00e7ta yeti\u015fmez? Yaz ve k\u0131\u015f meyveleri hangileridir? Meyveleri sebzelerden ay\u0131ran \u00f6zellikler nelerdir? Hangi meyveyi kabu\u011fuyla yemek gerekir? Tatlar\u0131 ve kokular\u0131 hep farkl\u0131 m\u0131d\u0131r? Sarp ve Meyve A\u011fa\u00e7lar\u0131\u2019n\u0131 okurken, \u00e7ocu\u011funuzla t\u00fcm bu sorular\u0131n cevab\u0131n\u0131 birlikte bulabilir, Sarp gibi sizde meyvelerin neden a\u011fa\u00e7lara as\u0131l\u0131 oldu\u011funu ke\u015ffedebilirsiniz. Sarp yaz tatilinde anneannesi ile dedesinin yazl\u0131\u011f\u0131na gitmi\u015fti. \u00c7ok heyecanl\u0131yd\u0131. Orada meyveler ve do\u011fayla ilgili neler ke\u015ffedecekti acaba? Sahi anneannesi meyveleri ni\u00e7in a\u011faca takm\u0131\u015ft\u0131 acaba? E\u011fitimci Kurtulu\u015f \u00d6zkaynak\u2019\u0131n yal\u0131n kaleminden, \u00d6znur S\u00f6nmez\u2019in e\u011flenceli \u00e7izimleriyle Sarp ve Meyve Bah\u00e7eleri, her bah\u00e7ede, meyvelerin \u00e7ok sevildi\u011fi her evde okunmas\u0131 gereken bir kitap. Bu kitab\u0131\u00e7ocu\u011funuzla birlikte sesli dinlemek ister misiniz? Cep telefonunuza \u00fccretsiz bir \u201cKare Kod\/QR Code okuyucu\u201d uygulama indirmeniz yeterli. Kitab\u0131n arka kapa\u011f\u0131ndaki kare kodu telefonunuzun kameras\u0131na okutun, hik\u00e2yenin sesli anlat\u0131m\u0131 sizin i\u00e7in ba\u015flas\u0131n&#8230; <\/p>\n","protected":false},"excerpt":{"rendered":"<p>Hangi meyveler a\u011fa\u00e7ta yeti\u015fir, hangileri a\u011fa\u00e7ta yeti\u015fmez? Yaz ve k\u0131\u015f meyveleri hangileridir? Meyveleri sebzelerden ay\u0131ran \u00f6zellikler nelerdir? Hangi meyveyi kabu\u011fuyla yemek gerekir? Tatlar\u0131 ve kokular\u0131 hep<span class=\"excerpt-hellip\"> [\u2026]<\/span><\/p>\n","protected":false},"featured_media":0,"template":"","meta":{"_monsterinsights_skip_tracking":false,"_monsterinsights_sitenote_active":false,"_monsterinsights_sitenote_note":"","_monsterinsights_sitenote_category":0},"product_brand":[],"product_cat":[12913,12274],"product_tag":[],"class_list":{"0":"post-715373","1":"product","2":"type-product","3":"status-publish","5":"product_cat-3-6-yas-kitaplari","6":"product_cat-cocuk-ve-genclik-kitaplari","7":"pa_cilt-ciltsiz","8":"pa_tur-kitap","9":"pa_yayinevi-beta-kids","10":"pa_yazar-kurtulus-ozkaynak","12":"first","13":"instock","14":"sale","15":"shipping-taxable","16":"purchasable","17":"product-type-simple"},"_links":{"self":[{"href":"https:\/\/roveyayinevi.com.tr\/index.php\/wp-json\/wp\/v2\/product\/715373","targetHints":{"allow":["GET"]}}],"collection":[{"href":"https:\/\/roveyayinevi.com.tr\/index.php\/wp-json\/wp\/v2\/product"}],"about":[{"href":"https:\/\/roveyayinevi.com.tr\/index.php\/wp-json\/wp\/v2\/types\/product"}],"wp:attachment":[{"href":"https:\/\/roveyayinevi.com.tr\/index.php\/wp-json\/wp\/v2\/media?parent=715373"}],"wp:term":[{"taxonomy":"product_brand","embeddable":true,"href":"https:\/\/roveyayinevi.com.tr\/index.php\/wp-json\/wp\/v2\/product_brand?post=715373"},{"taxonomy":"product_cat","embeddable":true,"href":"https:\/\/roveyayinevi.com.tr\/index.php\/wp-json\/wp\/v2\/product_cat?post=715373"},{"taxonomy":"product_tag","embeddable":true,"href":"https:\/\/roveyayinevi.com.tr\/index.php\/wp-json\/wp\/v2\/product_tag?post=715373"}],"curies":[{"name":"wp","href":"https:\/\/api.w.org\/{rel}","templated":true}]}}