{"id":715372,"date":"2025-08-27T17:29:49","date_gmt":"2025-08-27T14:29:49","guid":{"rendered":"https:\/\/roveyayinevi.com.tr\/index.php\/urun\/paketiniz-var\/"},"modified":"2026-04-16T02:23:42","modified_gmt":"2026-04-15T23:23:42","slug":"paketiniz-var","status":"publish","type":"product","link":"https:\/\/roveyayinevi.com.tr\/index.php\/urun\/paketiniz-var\/","title":{"rendered":"Paketiniz Var"},"content":{"rendered":"<p>T\u00fcm d\u00fcnyada 20\u2019den fazladile \u00e7evrilen, 8 milyondan fazla satan, ilk yay\u0131nland\u0131\u011f\u0131 1982 y\u0131l\u0131ndan beri h\u00e2l\u00e2 en \u00e7ok okunan ba\u015fucu kitaplar\u0131ndan biri olan Paketiniz Var, y\u0131llard\u0131r\u00e7ocuklar kadar ebeveynlerin de en sevdi\u011fi kitaplardan, klasikle\u015fmi\u015f bir hik\u00e2ye. Ve \u015fimdi 35. y\u0131l\u0131na \u00f6zel tasar\u0131m\u0131yla, Beta Kids etiketiyle T\u00fcrk\u00e7ede. \u00c7ocuklar kapak\u00e7\u0131klar\u0131 kald\u0131r\u0131p hayvanat bah\u00e7esinin onlara hangi hayvan\u0131 yollad\u0131\u011f\u0131n\u0131 ke\u015ffedecekler. En sevilen hayvanlar, kolayca ak\u0131lda kalan e\u011flenceli metni, en minik okurlara uygun, kal\u0131n sayfalara sahip ve k\u00fc\u00e7\u00fck eller i\u00e7in m\u00fckemmel tasar\u0131m\u0131yla Paketiniz Varher \u00e7ocu\u011fun k\u00fct\u00fcphanesinde yer almas\u0131 gereken bir kitap. Maymun mu? Aslan m\u0131? Ve hatta fil mi acaba?Haydi \u015fimdi sen de kapak\u00e7\u0131klar\u0131 kald\u0131r ve g\u00f6r bakal\u0131m hayvanat bah\u00e7esi sana ne yollam\u0131\u015f: s\u00fcrprizlerle dolu sayfalar\u0131n sonunda seni bekleyen m\u00fckemmel bir evcil hayvan m\u0131 yoksa? <\/p>\n","protected":false},"excerpt":{"rendered":"<p>T\u00fcm d\u00fcnyada 20\u2019den fazladile \u00e7evrilen, 8 milyondan fazla satan, ilk yay\u0131nland\u0131\u011f\u0131 1982 y\u0131l\u0131ndan beri h\u00e2l\u00e2 en \u00e7ok okunan ba\u015fucu kitaplar\u0131ndan biri olan Paketiniz Var, y\u0131llard\u0131r\u00e7ocuklar kadar<span class=\"excerpt-hellip\"> [\u2026]<\/span><\/p>\n","protected":false},"featured_media":0,"template":"","meta":{"_monsterinsights_skip_tracking":false,"_monsterinsights_sitenote_active":false,"_monsterinsights_sitenote_note":"","_monsterinsights_sitenote_category":0},"product_brand":[],"product_cat":[15192,12274],"product_tag":[],"class_list":{"0":"post-715372","1":"product","2":"type-product","3":"status-publish","5":"product_cat-1-3-yas-kitaplari","6":"product_cat-cocuk-ve-genclik-kitaplari","7":"pa_cilt-ciltsiz","8":"pa_tur-kitap","9":"pa_yayinevi-beta-kids","10":"pa_yazar-rod-campbell","12":"first","13":"instock","14":"sale","15":"shipping-taxable","16":"purchasable","17":"product-type-simple"},"_links":{"self":[{"href":"https:\/\/roveyayinevi.com.tr\/index.php\/wp-json\/wp\/v2\/product\/715372","targetHints":{"allow":["GET"]}}],"collection":[{"href":"https:\/\/roveyayinevi.com.tr\/index.php\/wp-json\/wp\/v2\/product"}],"about":[{"href":"https:\/\/roveyayinevi.com.tr\/index.php\/wp-json\/wp\/v2\/types\/product"}],"wp:attachment":[{"href":"https:\/\/roveyayinevi.com.tr\/index.php\/wp-json\/wp\/v2\/media?parent=715372"}],"wp:term":[{"taxonomy":"product_brand","embeddable":true,"href":"https:\/\/roveyayinevi.com.tr\/index.php\/wp-json\/wp\/v2\/product_brand?post=715372"},{"taxonomy":"product_cat","embeddable":true,"href":"https:\/\/roveyayinevi.com.tr\/index.php\/wp-json\/wp\/v2\/product_cat?post=715372"},{"taxonomy":"product_tag","embeddable":true,"href":"https:\/\/roveyayinevi.com.tr\/index.php\/wp-json\/wp\/v2\/product_tag?post=715372"}],"curies":[{"name":"wp","href":"https:\/\/api.w.org\/{rel}","templated":true}]}}