{"id":715370,"date":"2025-08-27T17:29:48","date_gmt":"2025-08-27T14:29:48","guid":{"rendered":"https:\/\/roveyayinevi.com.tr\/index.php\/urun\/islam-hukukuna-giris\/"},"modified":"2026-04-16T02:23:42","modified_gmt":"2026-04-15T23:23:42","slug":"islam-hukukuna-giris","status":"publish","type":"product","link":"https:\/\/roveyayinevi.com.tr\/index.php\/urun\/islam-hukukuna-giris\/","title":{"rendered":"\u0130slam Hukukuna Giri\u015f"},"content":{"rendered":"<p>\u0130slam hukuku bize, hukuk d\u00fc\u015f\u00fcncesinin ve genel olarak be\u015fer\u00ee hukuk fikrinin imk\u00e2nlar\u0131 hakk\u0131nda dikkate de\u011fer bir \u00f6rnek ve \u0130slam\u2019\u0131n ruhunu anlaman\u0131n anahtar\u0131n\u0131 vermektedir. Bu eser, \u0130slam hukuk tarihi ve bu hukuk sisteminin ana hatlar\u0131 hakk\u0131nda \u00f6z bilgiler i\u00e7ermektedir. Bu \u00f6z bilgiler Hanefi mezhebi esas al\u0131narak haz\u0131rland\u0131. Eserde ele al\u0131nan konular, \u0130slam ara\u015ft\u0131rmalar\u0131 alan\u0131nda ilerlemek isteyen okurlar\u0131n yan\u0131nda; tarih, sosyal bilimler ve kar\u015f\u0131la\u015ft\u0131rmal\u0131 hukuk alanlar\u0131yla u\u011fra\u015fan okurlar\u0131 da ilgilendirmektedir. Geni\u015f bir kaynak\u00e7ay\u0131 da bar\u0131nd\u0131ran bu eser, okuyucuya \u0130slam Hukukunun temel kaideleri hakk\u0131nda yol g\u00f6stermektedir. <\/p>\n","protected":false},"excerpt":{"rendered":"<p>\u0130slam hukuku bize, hukuk d\u00fc\u015f\u00fcncesinin ve genel olarak be\u015fer\u00ee hukuk fikrinin imk\u00e2nlar\u0131 hakk\u0131nda dikkate de\u011fer bir \u00f6rnek ve \u0130slam\u2019\u0131n ruhunu anlaman\u0131n anahtar\u0131n\u0131 vermektedir. Bu eser, \u0130slam<span class=\"excerpt-hellip\"> [\u2026]<\/span><\/p>\n","protected":false},"featured_media":0,"template":"","meta":{"_monsterinsights_skip_tracking":false,"_monsterinsights_sitenote_active":false,"_monsterinsights_sitenote_note":"","_monsterinsights_sitenote_category":0},"product_brand":[],"product_cat":[12718,12719,17333],"product_tag":[],"class_list":{"0":"post-715370","1":"product","2":"type-product","3":"status-publish","5":"product_cat-din","6":"product_cat-islam","7":"product_cat-islam-hukuku","8":"pa_cilt-ciltsiz","9":"pa_tur-kitap","10":"pa_yayinevi-otto-yayinlari","11":"pa_yazar-joseph-schacht","13":"first","14":"instock","15":"sale","16":"shipping-taxable","17":"purchasable","18":"product-type-simple"},"_links":{"self":[{"href":"https:\/\/roveyayinevi.com.tr\/index.php\/wp-json\/wp\/v2\/product\/715370","targetHints":{"allow":["GET"]}}],"collection":[{"href":"https:\/\/roveyayinevi.com.tr\/index.php\/wp-json\/wp\/v2\/product"}],"about":[{"href":"https:\/\/roveyayinevi.com.tr\/index.php\/wp-json\/wp\/v2\/types\/product"}],"wp:attachment":[{"href":"https:\/\/roveyayinevi.com.tr\/index.php\/wp-json\/wp\/v2\/media?parent=715370"}],"wp:term":[{"taxonomy":"product_brand","embeddable":true,"href":"https:\/\/roveyayinevi.com.tr\/index.php\/wp-json\/wp\/v2\/product_brand?post=715370"},{"taxonomy":"product_cat","embeddable":true,"href":"https:\/\/roveyayinevi.com.tr\/index.php\/wp-json\/wp\/v2\/product_cat?post=715370"},{"taxonomy":"product_tag","embeddable":true,"href":"https:\/\/roveyayinevi.com.tr\/index.php\/wp-json\/wp\/v2\/product_tag?post=715370"}],"curies":[{"name":"wp","href":"https:\/\/api.w.org\/{rel}","templated":true}]}}