{"id":715368,"date":"2025-08-27T17:29:47","date_gmt":"2025-08-27T14:29:47","guid":{"rendered":"https:\/\/roveyayinevi.com.tr\/index.php\/urun\/dunyayi-degistiren-dusunurler-1-felsefenin-safagi-hint-cin-yunan-ve-ronesans-avrupasi\/"},"modified":"2026-04-16T02:23:42","modified_gmt":"2026-04-15T23:23:42","slug":"dunyayi-degistiren-dusunurler-1-felsefenin-safagi-hint-cin-yunan-ve-ronesans-avrupasi","status":"publish","type":"product","link":"https:\/\/roveyayinevi.com.tr\/index.php\/urun\/dunyayi-degistiren-dusunurler-1-felsefenin-safagi-hint-cin-yunan-ve-ronesans-avrupasi\/","title":{"rendered":"D\u00fcnyay\u0131 De\u011fi\u015ftiren D\u00fc\u015f\u00fcn\u00fcrler 1 &#8211; Felsefe&#8217;nin \u015eafa\u011f\u0131; Hint \u00c7in Yunan ve R\u00f6nesans Avrupas\u0131"},"content":{"rendered":"<p>Felsefe ne zaman ortaya\u00e7\u0131kt\u0131vehangitarihsels\u00fcre\u00e7lerin\u00fcr\u00fcn\u00fcoldu?\u0130dealizm mi yoksamateryalizm mi daha\u00f6nceortaya\u00e7\u0131kt\u0131?Tarihteng\u00fcn\u00fcm\u00fczede\u011fi\u015fmeyenfelsefibir\u00e7izgivarm\u0131? Elinizdekibueser, sadeceyukar\u0131dakisorularayan\u0131taram\u0131yor, ayn\u0131zamandaKadimHindistanve\u00c7in\u2019denba\u015flayarakuygarl\u0131\u011f\u0131nayakizlerinitakipediyor; felsefenin Hint, \u00c7in, AntikYunan-Roma veR\u00f6nesansAvrupa\u2019s\u0131ndaortaya\u00e7\u0131k\u0131\u015f\u0131n\u0131ntarihsel-toplumsalko\u015fullar\u0131n\u0131inceliyor.Toplambe\u015fciltolarakhaz\u0131rlananbueserde, d\u00fc\u015f\u00fcnceveeylemleriyleinsanl\u0131ktarihiney\u00f6nvererekd\u00fcnyay\u0131de\u011fi\u015ftirend\u00fc\u015f\u00fcn\u00fcrlerinvefilozoflar\u0131ntemeleserlerindense\u00e7kileryeral\u0131yor. D\u00fcnyay\u0131de\u011fi\u015ftirend\u00fc\u015f\u00fcn\u00fcrleriyak\u0131ndantan\u0131mak, ortayakoyduklar\u0131muazzameserlerdenyap\u0131lm\u0131\u015fse\u00e7kilerdenhareketled\u00fc\u015f\u00fcncelerinen\u00fcfuzetmekisteyenlerin her zaman ellerininalt\u0131ndabulundurmalar\u0131gerekenbiryap\u0131t. Birincicildinkapsam\u0131\u015f\u00f6yle: Hint Vedalar\u0131, Uddalaka, Konf\u00fc\u00e7y\u00fcs, Lao Tzu, Me-ti, Anaksimandros, Herakleitos, Demokritos, Platon, Aristoteles, Epik\u00fcr, Lucretius, Seneca, Leonardo da Vinci, Luther, Erasmus, M\u00fcntzer, Thomas More veKopernik. <\/p>\n","protected":false},"excerpt":{"rendered":"<p>Felsefe ne zaman ortaya\u00e7\u0131kt\u0131vehangitarihsels\u00fcre\u00e7lerin\u00fcr\u00fcn\u00fcoldu?\u0130dealizm mi yoksamateryalizm mi daha\u00f6nceortaya\u00e7\u0131kt\u0131?Tarihteng\u00fcn\u00fcm\u00fczede\u011fi\u015fmeyenfelsefibir\u00e7izgivarm\u0131? Elinizdekibueser, sadeceyukar\u0131dakisorularayan\u0131taram\u0131yor, ayn\u0131zamandaKadimHindistanve\u00c7in\u2019denba\u015flayarakuygarl\u0131\u011f\u0131nayakizlerinitakipediyor; felsefenin Hint, \u00c7in, AntikYunan-Roma veR\u00f6nesansAvrupa\u2019s\u0131ndaortaya\u00e7\u0131k\u0131\u015f\u0131n\u0131ntarihsel-toplumsalko\u015fullar\u0131n\u0131inceliyor.Toplambe\u015fciltolarakhaz\u0131rlananbueserde, d\u00fc\u015f\u00fcnceveeylemleriyleinsanl\u0131ktarihiney\u00f6nvererekd\u00fcnyay\u0131de\u011fi\u015ftirend\u00fc\u015f\u00fcn\u00fcrlerinvefilozoflar\u0131ntemeleserlerindense\u00e7kileryeral\u0131yor. D\u00fcnyay\u0131de\u011fi\u015ftirend\u00fc\u015f\u00fcn\u00fcrleriyak\u0131ndantan\u0131mak, ortayakoyduklar\u0131muazzameserlerdenyap\u0131lm\u0131\u015fse\u00e7kilerdenhareketled\u00fc\u015f\u00fcncelerinen\u00fcfuzetmekisteyenlerin her zaman ellerininalt\u0131ndabulundurmalar\u0131gerekenbiryap\u0131t. Birincicildinkapsam\u0131\u015f\u00f6yle: Hint Vedalar\u0131, Uddalaka,<span class=\"excerpt-hellip\"> [\u2026]<\/span><\/p>\n","protected":false},"featured_media":0,"template":"","meta":{"_monsterinsights_skip_tracking":false,"_monsterinsights_sitenote_active":false,"_monsterinsights_sitenote_note":"","_monsterinsights_sitenote_category":0},"product_brand":[],"product_cat":[12389,12388],"product_tag":[],"class_list":{"0":"post-715368","1":"product","2":"type-product","3":"status-publish","5":"product_cat-diger-felsefe","6":"product_cat-felsefe","7":"pa_cilt-ciltsiz","8":"pa_tur-kitap","9":"pa_yayinevi-kafka-yayinevi","10":"pa_yazar-sadik-usta","12":"first","13":"instock","14":"sale","15":"shipping-taxable","16":"purchasable","17":"product-type-simple"},"_links":{"self":[{"href":"https:\/\/roveyayinevi.com.tr\/index.php\/wp-json\/wp\/v2\/product\/715368","targetHints":{"allow":["GET"]}}],"collection":[{"href":"https:\/\/roveyayinevi.com.tr\/index.php\/wp-json\/wp\/v2\/product"}],"about":[{"href":"https:\/\/roveyayinevi.com.tr\/index.php\/wp-json\/wp\/v2\/types\/product"}],"wp:attachment":[{"href":"https:\/\/roveyayinevi.com.tr\/index.php\/wp-json\/wp\/v2\/media?parent=715368"}],"wp:term":[{"taxonomy":"product_brand","embeddable":true,"href":"https:\/\/roveyayinevi.com.tr\/index.php\/wp-json\/wp\/v2\/product_brand?post=715368"},{"taxonomy":"product_cat","embeddable":true,"href":"https:\/\/roveyayinevi.com.tr\/index.php\/wp-json\/wp\/v2\/product_cat?post=715368"},{"taxonomy":"product_tag","embeddable":true,"href":"https:\/\/roveyayinevi.com.tr\/index.php\/wp-json\/wp\/v2\/product_tag?post=715368"}],"curies":[{"name":"wp","href":"https:\/\/api.w.org\/{rel}","templated":true}]}}