{"id":715367,"date":"2025-08-27T17:29:46","date_gmt":"2025-08-27T14:29:46","guid":{"rendered":"https:\/\/roveyayinevi.com.tr\/index.php\/urun\/askin-kavurdugu-gunes-zeki-muren\/"},"modified":"2026-04-16T02:23:42","modified_gmt":"2026-04-15T23:23:42","slug":"askin-kavurdugu-gunes-zeki-muren","status":"publish","type":"product","link":"https:\/\/roveyayinevi.com.tr\/index.php\/urun\/askin-kavurdugu-gunes-zeki-muren\/","title":{"rendered":"A\u015fk\u0131n Kavurdu\u011fu G\u00fcne\u015f &#8211; Zeki M\u00fcren"},"content":{"rendered":"<p>Onu hi\u00e7 b\u00f6yle tan\u0131mad\u0131n\u0131z, bilmediniz&#8230; Bu kitapta yaz\u0131lanlar\u0131n neredeyse t\u00fcm\u00fc ilk kez g\u00fcn \u0131\u015f\u0131\u011f\u0131na \u00e7\u0131k\u0131yor, metinle \u00e7ok s\u0131k\u0131 ba\u011f kuran foto\u011fraflar\u0131n ve belgelerin neredeyse t\u00fcm\u00fc ilk kez yay\u0131nlan\u0131yor&#8230; Bu kitapta, inat\u00e7\u0131l\u0131\u011f\u0131, k\u0131skan\u00e7l\u0131\u011f\u0131, kindarl\u0131\u011f\u0131, hasisli\u011fi gibi zaaflar\u0131n\u0131n yan\u0131s\u0131ra, ula\u015ft\u0131\u011f\u0131 yerde tek olma arzusuyla yanan ve bazen de anla\u015f\u0131lmaz bir g\u00f6n\u00fcl zenginli\u011fi sergileyip, \u00e2\u015f\u0131k oldu\u011fu zaman onu sonuna kadar ya\u015fayan bir insan var&#8230; Bu kitapta, b\u00fcy\u00fck sanatk\u00e2r, sizin hayalleriniz \u00f6tesinde, tahminlerinizin \u00f6tesinde b\u00fcy\u00fck bir Zeki M\u00fcren var&#8230;<\/p>\n","protected":false},"excerpt":{"rendered":"<p>Onu hi\u00e7 b\u00f6yle tan\u0131mad\u0131n\u0131z, bilmediniz&#8230; Bu kitapta yaz\u0131lanlar\u0131n neredeyse t\u00fcm\u00fc ilk kez g\u00fcn \u0131\u015f\u0131\u011f\u0131na \u00e7\u0131k\u0131yor, metinle \u00e7ok s\u0131k\u0131 ba\u011f kuran foto\u011fraflar\u0131n ve belgelerin neredeyse t\u00fcm\u00fc ilk<span class=\"excerpt-hellip\"> [\u2026]<\/span><\/p>\n","protected":false},"featured_media":0,"template":"","meta":{"_monsterinsights_skip_tracking":false,"_monsterinsights_sitenote_active":false,"_monsterinsights_sitenote_note":"","_monsterinsights_sitenote_category":0},"product_brand":[],"product_cat":[13701,12291],"product_tag":[],"class_list":{"0":"post-715367","1":"product","2":"type-product","3":"status-publish","5":"product_cat-ani-mektup-gunluk","6":"product_cat-edebiyat","7":"pa_cilt-ciltsiz","8":"pa_tur-kitap","9":"pa_yayinevi-remzi-kitabevi","10":"pa_yazar-radi-dikici","12":"first","13":"instock","14":"sale","15":"shipping-taxable","16":"purchasable","17":"product-type-simple"},"_links":{"self":[{"href":"https:\/\/roveyayinevi.com.tr\/index.php\/wp-json\/wp\/v2\/product\/715367","targetHints":{"allow":["GET"]}}],"collection":[{"href":"https:\/\/roveyayinevi.com.tr\/index.php\/wp-json\/wp\/v2\/product"}],"about":[{"href":"https:\/\/roveyayinevi.com.tr\/index.php\/wp-json\/wp\/v2\/types\/product"}],"wp:attachment":[{"href":"https:\/\/roveyayinevi.com.tr\/index.php\/wp-json\/wp\/v2\/media?parent=715367"}],"wp:term":[{"taxonomy":"product_brand","embeddable":true,"href":"https:\/\/roveyayinevi.com.tr\/index.php\/wp-json\/wp\/v2\/product_brand?post=715367"},{"taxonomy":"product_cat","embeddable":true,"href":"https:\/\/roveyayinevi.com.tr\/index.php\/wp-json\/wp\/v2\/product_cat?post=715367"},{"taxonomy":"product_tag","embeddable":true,"href":"https:\/\/roveyayinevi.com.tr\/index.php\/wp-json\/wp\/v2\/product_tag?post=715367"}],"curies":[{"name":"wp","href":"https:\/\/api.w.org\/{rel}","templated":true}]}}