{"id":715364,"date":"2025-08-27T17:29:44","date_gmt":"2025-08-27T14:29:44","guid":{"rendered":"https:\/\/roveyayinevi.com.tr\/index.php\/urun\/mars-2\/"},"modified":"2026-04-16T02:23:41","modified_gmt":"2026-04-15T23:23:41","slug":"mars-2","status":"publish","type":"product","link":"https:\/\/roveyayinevi.com.tr\/index.php\/urun\/mars-2\/","title":{"rendered":"Mars"},"content":{"rendered":"<p>Onun Tek Su\u00e7u Kusursuz Olmakt\u0131 Ben, farkl\u0131 de\u011filim onlar s\u0131radan. Ben, ezik de\u011filim onlar kendilerini g\u00fc\u00e7l\u00fc san\u0131yorlar.Biz, kilolu de\u011filiz, onlar bizi \u00f6yle nitelendiriyor. Biz inan\u0131lmaz derecede zay\u0131f da de\u011filiz, onlar bizi \u00f6yle g\u00f6r\u00fcyor. Sen onlar\u0131n g\u00f6rd\u00fc\u011f\u00fc gibi de\u011fil, oldu\u011fun gibisin.Unutma! M\u00fckemmelsin.T\u00fcm s\u0131radanl\u0131klar\u0131n i\u00e7erisindeki s\u0131ra d\u0131\u015f\u0131 hayat\u0131ma ho\u015f geldiniz.<\/p>\n","protected":false},"excerpt":{"rendered":"<p>Onun Tek Su\u00e7u Kusursuz Olmakt\u0131 Ben, farkl\u0131 de\u011filim onlar s\u0131radan. Ben, ezik de\u011filim onlar kendilerini g\u00fc\u00e7l\u00fc san\u0131yorlar.Biz, kilolu de\u011filiz, onlar bizi \u00f6yle nitelendiriyor. Biz inan\u0131lmaz derecede<span class=\"excerpt-hellip\"> [\u2026]<\/span><\/p>\n","protected":false},"featured_media":0,"template":"","meta":{"_monsterinsights_skip_tracking":false,"_monsterinsights_sitenote_active":false,"_monsterinsights_sitenote_note":"","_monsterinsights_sitenote_category":0},"product_brand":[],"product_cat":[12291,12711],"product_tag":[],"class_list":{"0":"post-715364","1":"product","2":"type-product","3":"status-publish","5":"product_cat-edebiyat","6":"product_cat-roman-oyku","7":"pa_cilt-ciltsiz","8":"pa_tur-kitap","9":"pa_yayinevi-feniks-yayinlari","10":"pa_yazar-mehmet-arslan","12":"first","13":"instock","14":"sale","15":"shipping-taxable","16":"purchasable","17":"product-type-simple"},"_links":{"self":[{"href":"https:\/\/roveyayinevi.com.tr\/index.php\/wp-json\/wp\/v2\/product\/715364","targetHints":{"allow":["GET"]}}],"collection":[{"href":"https:\/\/roveyayinevi.com.tr\/index.php\/wp-json\/wp\/v2\/product"}],"about":[{"href":"https:\/\/roveyayinevi.com.tr\/index.php\/wp-json\/wp\/v2\/types\/product"}],"wp:attachment":[{"href":"https:\/\/roveyayinevi.com.tr\/index.php\/wp-json\/wp\/v2\/media?parent=715364"}],"wp:term":[{"taxonomy":"product_brand","embeddable":true,"href":"https:\/\/roveyayinevi.com.tr\/index.php\/wp-json\/wp\/v2\/product_brand?post=715364"},{"taxonomy":"product_cat","embeddable":true,"href":"https:\/\/roveyayinevi.com.tr\/index.php\/wp-json\/wp\/v2\/product_cat?post=715364"},{"taxonomy":"product_tag","embeddable":true,"href":"https:\/\/roveyayinevi.com.tr\/index.php\/wp-json\/wp\/v2\/product_tag?post=715364"}],"curies":[{"name":"wp","href":"https:\/\/api.w.org\/{rel}","templated":true}]}}