{"id":715363,"date":"2025-08-27T17:29:43","date_gmt":"2025-08-27T14:29:43","guid":{"rendered":"https:\/\/roveyayinevi.com.tr\/index.php\/urun\/theta-healing-sira-disi-bir-enerji-yaklasimina-giris\/"},"modified":"2026-04-16T02:23:41","modified_gmt":"2026-04-15T23:23:41","slug":"theta-healing-sira-disi-bir-enerji-yaklasimina-giris","status":"publish","type":"product","link":"https:\/\/roveyayinevi.com.tr\/index.php\/urun\/theta-healing-sira-disi-bir-enerji-yaklasimina-giris\/","title":{"rendered":"Theta Healing &#8211; S\u0131ra D\u0131\u015f\u0131 Bir Enerji Yakla\u015f\u0131m\u0131na Giri\u015f"},"content":{"rendered":"<p>Vianna Stibal\u2019e uyluk kemi\u011finde kanser te\u015fhisi konduktan sonra, geleneksel ve alternatif t\u0131bb\u0131n sundu\u011fu t\u00fcm tedaviler uygulanm\u0131\u015f ve ba\u015far\u0131s\u0131zl\u0131\u011fa u\u011fram\u0131\u015ft\u0131, ta ki Stibal sezgisel okuma seanslar\u0131nda uygulad\u0131\u011f\u0131 basit bir tekni\u011fi kendi \u00fczerinde deneyene kadar. Yaradan&#8217;\u0131n onu iyile\u015ftirmesine hayran kalan Vianna, dan\u0131\u015fanlar\u0131yla yapt\u0131\u011f\u0131 seanslarda bu yakla\u015f\u0131m\u0131 kullanmaya ba\u015flad\u0131 ve bir\u00e7ok insan\u0131n mucizevi bir \u015fekilde iyile\u015fti\u011fini g\u00f6rd\u00fc.Daha da heyecan veren ise, Viana&#8217;n\u0131n binlerce dan\u0131\u015fan\u0131yla yapt\u0131\u011f\u0131 \u00e7al\u0131\u015fmalar sayesinde bu y\u00f6ntemin ba\u015fkalar\u0131na \u00f6\u011fretilebilece\u011fini ke\u015ffetmesiydi. Siz de beyninizi bir Theta durumuna getirmeyi ve her \u015feyin i\u00e7inde hareket eden Yarat\u0131c\u0131 enerjiyle nas\u0131l ba\u011flant\u0131 kurabilece\u011finizi \u00f6\u011frenebilirsiniz.Bu b\u00fcy\u00fcleyici kitapta;\u2022 Sizde hastal\u0131\u011fa neden olabilecek herhangi olumsuz bir d\u00fc\u015f\u00fcnceyi an\u0131nda nas\u0131l de\u011fi\u015ftirebilece\u011finizi,\u2022 Yedi Varolu\u015f Seviyesi\u2019ni, en y\u00fcksek  seviyede sevgiye  ve Var Olan Her \u015eeyin enerjisine ba\u011flaman\u0131z\u0131 sa\u011flayan kavram\u0131,\u2022 Her seviyede; fiziksel, zihinsel, duygusal ve ruhsal de\u011fi\u015fiklik yapma yetene\u011fini nas\u0131l geli\u015ftirece\u011finizi ke\u015ffedeceksiniz.  VIANNA STIBAL bir ressam, yazar, e\u011fitmen ve sezgisel okuyucudur. Merkezi Montana, Amerika\u2019da bulunan \u015fifa paradigmas\u0131n\u0131 t\u00fcm d\u00fcnyaya yaymaya kararl\u0131d\u0131r ve 180&#8217;den fazla \u00fclkede \u00e7al\u0131\u015fan ThetaHealing\u00ae e\u011fitmenlerini, uygulay\u0131c\u0131lar\u0131n\u0131 e\u011fitmi\u015ftir. Vianna her \u0131rktan, inan\u00e7tan ve dinden insana ThetaHealing\u00ae&#8217;i  \u00f6\u011fretmek i\u00e7in d\u00fcnya \u00e7ap\u0131nda seminerler d\u00fczenlemektedir. <\/p>\n","protected":false},"excerpt":{"rendered":"<p>Vianna Stibal\u2019e uyluk kemi\u011finde kanser te\u015fhisi konduktan sonra, geleneksel ve alternatif t\u0131bb\u0131n sundu\u011fu t\u00fcm tedaviler uygulanm\u0131\u015f ve ba\u015far\u0131s\u0131zl\u0131\u011fa u\u011fram\u0131\u015ft\u0131, ta ki Stibal sezgisel okuma seanslar\u0131nda uygulad\u0131\u011f\u0131<span class=\"excerpt-hellip\"> [\u2026]<\/span><\/p>\n","protected":false},"featured_media":0,"template":"","meta":{"_monsterinsights_skip_tracking":false,"_monsterinsights_sitenote_active":false,"_monsterinsights_sitenote_note":"","_monsterinsights_sitenote_category":0},"product_brand":[],"product_cat":[12364,12376],"product_tag":[],"class_list":{"0":"post-715363","1":"product","2":"type-product","3":"status-publish","5":"product_cat-genel-konular","6":"product_cat-kisisel-gelisim","7":"pa_cilt-ciltsiz","8":"pa_tur-kitap","9":"pa_yayinevi-nemesis-kitap","10":"pa_yazar-vianna-stibal","12":"first","13":"instock","14":"sale","15":"shipping-taxable","16":"purchasable","17":"product-type-simple"},"_links":{"self":[{"href":"https:\/\/roveyayinevi.com.tr\/index.php\/wp-json\/wp\/v2\/product\/715363","targetHints":{"allow":["GET"]}}],"collection":[{"href":"https:\/\/roveyayinevi.com.tr\/index.php\/wp-json\/wp\/v2\/product"}],"about":[{"href":"https:\/\/roveyayinevi.com.tr\/index.php\/wp-json\/wp\/v2\/types\/product"}],"wp:attachment":[{"href":"https:\/\/roveyayinevi.com.tr\/index.php\/wp-json\/wp\/v2\/media?parent=715363"}],"wp:term":[{"taxonomy":"product_brand","embeddable":true,"href":"https:\/\/roveyayinevi.com.tr\/index.php\/wp-json\/wp\/v2\/product_brand?post=715363"},{"taxonomy":"product_cat","embeddable":true,"href":"https:\/\/roveyayinevi.com.tr\/index.php\/wp-json\/wp\/v2\/product_cat?post=715363"},{"taxonomy":"product_tag","embeddable":true,"href":"https:\/\/roveyayinevi.com.tr\/index.php\/wp-json\/wp\/v2\/product_tag?post=715363"}],"curies":[{"name":"wp","href":"https:\/\/api.w.org\/{rel}","templated":true}]}}