{"id":715362,"date":"2025-08-27T17:29:42","date_gmt":"2025-08-27T14:29:42","guid":{"rendered":"https:\/\/roveyayinevi.com.tr\/index.php\/urun\/gumus-patenler-3\/"},"modified":"2026-04-16T02:23:41","modified_gmt":"2026-04-15T23:23:41","slug":"gumus-patenler-3","status":"publish","type":"product","link":"https:\/\/roveyayinevi.com.tr\/index.php\/urun\/gumus-patenler-3\/","title":{"rendered":"G\u00fcm\u00fc\u015f Patenler"},"content":{"rendered":"<p>Mucize denilen \u015fey beklenmedik bir anda ortaya \u00e7\u0131kar. Kalbi iyilikle dolu olan ki\u015filerin \u00f6n\u00fcnde birdenbire g\u00fczel f\u0131rsatlar belirir. Bazen yabanc\u0131 olarak nitelendirdi\u011fimiz insanlar hayat\u0131m\u0131z\u0131n bir par\u00e7as\u0131 oluverirler. Ve bazen de aile bireylerinin birbirlerine olan ba\u011fl\u0131l\u0131\u011f\u0131 ve sevgisi kaderin en zalim cilvelerinin bile \u00fcstesinden gelebilir.<\/p>\n","protected":false},"excerpt":{"rendered":"<p>Mucize denilen \u015fey beklenmedik bir anda ortaya \u00e7\u0131kar. Kalbi iyilikle dolu olan ki\u015filerin \u00f6n\u00fcnde birdenbire g\u00fczel f\u0131rsatlar belirir. Bazen yabanc\u0131 olarak nitelendirdi\u011fimiz insanlar hayat\u0131m\u0131z\u0131n bir par\u00e7as\u0131<span class=\"excerpt-hellip\"> [\u2026]<\/span><\/p>\n","protected":false},"featured_media":0,"template":"","meta":{"_monsterinsights_skip_tracking":false,"_monsterinsights_sitenote_active":false,"_monsterinsights_sitenote_note":"","_monsterinsights_sitenote_category":0},"product_brand":[],"product_cat":[12274,12284],"product_tag":[],"class_list":{"0":"post-715362","1":"product","2":"type-product","3":"status-publish","5":"product_cat-cocuk-ve-genclik-kitaplari","6":"product_cat-hikayeler","7":"pa_cilt-ciltsiz","8":"pa_tur-kitap","9":"pa_yayinevi-bilgi-yayinevi-cocuk","10":"pa_yazar-mary-mapes-dodge","12":"first","13":"instock","14":"sale","15":"shipping-taxable","16":"purchasable","17":"product-type-simple"},"_links":{"self":[{"href":"https:\/\/roveyayinevi.com.tr\/index.php\/wp-json\/wp\/v2\/product\/715362","targetHints":{"allow":["GET"]}}],"collection":[{"href":"https:\/\/roveyayinevi.com.tr\/index.php\/wp-json\/wp\/v2\/product"}],"about":[{"href":"https:\/\/roveyayinevi.com.tr\/index.php\/wp-json\/wp\/v2\/types\/product"}],"wp:attachment":[{"href":"https:\/\/roveyayinevi.com.tr\/index.php\/wp-json\/wp\/v2\/media?parent=715362"}],"wp:term":[{"taxonomy":"product_brand","embeddable":true,"href":"https:\/\/roveyayinevi.com.tr\/index.php\/wp-json\/wp\/v2\/product_brand?post=715362"},{"taxonomy":"product_cat","embeddable":true,"href":"https:\/\/roveyayinevi.com.tr\/index.php\/wp-json\/wp\/v2\/product_cat?post=715362"},{"taxonomy":"product_tag","embeddable":true,"href":"https:\/\/roveyayinevi.com.tr\/index.php\/wp-json\/wp\/v2\/product_tag?post=715362"}],"curies":[{"name":"wp","href":"https:\/\/api.w.org\/{rel}","templated":true}]}}