{"id":715361,"date":"2025-08-27T17:29:42","date_gmt":"2025-08-27T14:29:42","guid":{"rendered":"https:\/\/roveyayinevi.com.tr\/index.php\/urun\/okul-oncesi-egitime-giris\/"},"modified":"2026-04-16T02:23:41","modified_gmt":"2026-04-15T23:23:41","slug":"okul-oncesi-egitime-giris","status":"publish","type":"product","link":"https:\/\/roveyayinevi.com.tr\/index.php\/urun\/okul-oncesi-egitime-giris\/","title":{"rendered":"Okul \u00d6ncesi Egitime Giri\u015f"},"content":{"rendered":"<p>Ara\u015ft\u0131rmac\u0131lar erken d\u00f6nemde kaliteli bak\u0131m ve e\u011fitim alan \u00e7ocuklar\u0131n hem \u00e7ocukluk hem de yeti\u015fkinlik d\u00f6neminde di\u011ferlerine g\u00f6re her y\u00f6nden daha sa\u011fl\u0131kl\u0131 olabilece\u011fini bildirmektedirler. Di\u011fer bir deyi\u015fle kaliteli okul \u00f6ncesi e\u011fitim, \u00e7ocuklar\u0131n fiziksel, dilsel, zihinsel, sosyal, duygusal geli\u015fim alanlar\u0131n\u0131 pozitif y\u00f6nde etkilemektedir. Beynin h\u0131zla geli\u015fti\u011fi bu d\u00f6nemde kaliteli okul \u00f6ncesi e\u011fitimden mahrumiyet \u00e7ocuklar\u0131n kendi potansiyellerini eksiksiz olarak ger\u00e7ekle\u015ftirmelerini engelleyebilmektedir. K\u00fc\u00e7\u00fck \u00e7ocuklar\u0131n okul \u00f6ncesi e\u011fitimden beklenen yarar\u0131 \u00fcst d\u00fczeyde yakalayabilmeleri i\u00e7in okul \u00f6ncesi \u00f6\u011fretmenlerinin bu konuda donan\u0131ml\u0131 olmalar\u0131 gerekmektedir. Di\u011fer bir deyi\u015fle okul \u00f6ncesi e\u011fitimde kalitenin yakalanmas\u0131 \u00f6\u011fretmen fakt\u00f6r\u00fcne ba\u011fl\u0131d\u0131r. Bu ba\u011flamda \u00f6ncelikle gelece\u011fin \u00f6\u011fretmenleri olan \u00f6\u011fretmen adaylar\u0131n\u0131n kendi alanlar\u0131yla ilgili iyi bir e\u011fitim almalar\u0131 zorunludur.<\/p>\n","protected":false},"excerpt":{"rendered":"<p>Ara\u015ft\u0131rmac\u0131lar erken d\u00f6nemde kaliteli bak\u0131m ve e\u011fitim alan \u00e7ocuklar\u0131n hem \u00e7ocukluk hem de yeti\u015fkinlik d\u00f6neminde di\u011ferlerine g\u00f6re her y\u00f6nden daha sa\u011fl\u0131kl\u0131 olabilece\u011fini bildirmektedirler. Di\u011fer bir deyi\u015fle<span class=\"excerpt-hellip\"> [\u2026]<\/span><\/p>\n","protected":false},"featured_media":0,"template":"","meta":{"_monsterinsights_skip_tracking":false,"_monsterinsights_sitenote_active":false,"_monsterinsights_sitenote_note":"","_monsterinsights_sitenote_category":0},"product_brand":[],"product_cat":[12573,12566],"product_tag":[],"class_list":{"0":"post-715361","1":"product","2":"type-product","3":"status-publish","5":"product_cat-akademik-kitaplar","6":"product_cat-egitim","7":"pa_cilt-ciltsiz","8":"pa_tur-kitap","9":"pa_yayinevi-egiten-kitap","10":"pa_yazar-kollektif","12":"first","13":"instock","14":"sale","15":"shipping-taxable","16":"purchasable","17":"product-type-simple"},"_links":{"self":[{"href":"https:\/\/roveyayinevi.com.tr\/index.php\/wp-json\/wp\/v2\/product\/715361","targetHints":{"allow":["GET"]}}],"collection":[{"href":"https:\/\/roveyayinevi.com.tr\/index.php\/wp-json\/wp\/v2\/product"}],"about":[{"href":"https:\/\/roveyayinevi.com.tr\/index.php\/wp-json\/wp\/v2\/types\/product"}],"wp:attachment":[{"href":"https:\/\/roveyayinevi.com.tr\/index.php\/wp-json\/wp\/v2\/media?parent=715361"}],"wp:term":[{"taxonomy":"product_brand","embeddable":true,"href":"https:\/\/roveyayinevi.com.tr\/index.php\/wp-json\/wp\/v2\/product_brand?post=715361"},{"taxonomy":"product_cat","embeddable":true,"href":"https:\/\/roveyayinevi.com.tr\/index.php\/wp-json\/wp\/v2\/product_cat?post=715361"},{"taxonomy":"product_tag","embeddable":true,"href":"https:\/\/roveyayinevi.com.tr\/index.php\/wp-json\/wp\/v2\/product_tag?post=715361"}],"curies":[{"name":"wp","href":"https:\/\/api.w.org\/{rel}","templated":true}]}}