{"id":715360,"date":"2025-08-27T17:29:41","date_gmt":"2025-08-27T14:29:41","guid":{"rendered":"https:\/\/roveyayinevi.com.tr\/index.php\/urun\/eskicaglardan-eskicaglarin-kesfine-ege-akdenizde-sunger-ve-sungerciligin-dip-tarihi\/"},"modified":"2026-04-16T02:23:41","modified_gmt":"2026-04-15T23:23:41","slug":"eskicaglardan-eskicaglarin-kesfine-ege-akdenizde-sunger-ve-sungerciligin-dip-tarihi","status":"publish","type":"product","link":"https:\/\/roveyayinevi.com.tr\/index.php\/urun\/eskicaglardan-eskicaglarin-kesfine-ege-akdenizde-sunger-ve-sungerciligin-dip-tarihi\/","title":{"rendered":"Eski\u00e7a\u011flardan, Eski\u00e7a\u011flar\u0131n Ke\u015ffine Ege &#8211; Akdeniz&#8217;de S\u00fcnger ve S\u00fcngercili\u011fin Dip Tarihi"},"content":{"rendered":"<p>\u0130nsano\u011flunun ilk nerede ve hangi ama\u00e7la denizle bulu\u015ftu\u011funu, onu tan\u0131d\u0131\u011f\u0131n\u0131 ve ondan faydalanmaya ba\u015flad\u0131\u011f\u0131n\u0131 hen\u00fcz bilmiyoruz. Buna kar\u015f\u0131n Yak\u0131ndo\u011fu, Ege ve Akdeniz co\u011frafyas\u0131nda yakla\u015f\u0131k 100 y\u0131ld\u0131r aral\u0131ks\u0131z s\u00fcrd\u00fcr\u00fclen arkeolojik \u00e7al\u0131\u015fmalar, insanl\u0131\u011f\u0131n on binlerce y\u0131ld\u0131r deniz \u00fcr\u00fcnlerini temin etti\u011fini ve t\u00fcketti\u011fini g\u00f6stermektedir. 19 ve 20.yy&#8217;da Ege ve Akdeniz&#8217;in k\u0131y\u0131 kesimlerinde bask\u0131n ekonomik de\u011ferler aras\u0131nda yer alan s\u00fcngercilik belli bir uzmanl\u0131k isteyen olduk\u00e7a zor bir meslektir. \u00dclkemiz k\u0131y\u0131lar\u0131nda \u00f6zellikle Bodrum ve Marmarisli s\u00fcnger avc\u0131lar\u0131 taraf\u0131ndan uzun y\u0131llar icra edilen bu mesle\u011fin ve temel girdisi olan s\u00fcngerin eski\u00e7a\u011flarda farkl\u0131 alanlardaki kullan\u0131m\u0131n\u0131 yaz\u0131l\u0131 kaynaklar ve arkeolojik veriler arac\u0131l\u0131\u011f\u0131yla ele alan bu \u00e7al\u0131\u015fma, s\u00f6z konusu mesle\u011fin belki de \u0130\u00d6 4500&#8217;lere de\u011fin uzanan ge\u00e7mi\u015fini ortaya koymaktad\u0131r. Ba\u015fta temizlik olmak \u00fczere, t\u0131p, madencilik ve askeri te\u00e7hizat gibi farkl\u0131 alanlara hitap eden s\u00fcngercilik, yak\u0131n d\u00f6nemlerde oldu\u011fu gibi eski\u00e7a\u011flarda da s\u00fcngerin \u00e7ok oldu\u011fu belli ba\u015fl\u0131 merkezlerde yo\u011funla\u015fmaktad\u0131r. S\u00fcngercili\u011fi ve s\u00fcngerleri &#8216;hi\u00e7bir \u00e7ile s\u00fcnger avc\u0131lar\u0131n\u0131nkinden daha korkun\u00e7, hi\u00e7 bir \u00e7aba onlar\u0131nkinden daha zor de\u011fildir&#8221; s\u00f6zleriyle anan Oppian&#8217;\u0131n hakl\u0131 tan\u0131m\u0131, hayli zor ve sonu \u00f6l\u00fcm ya da hayat boyu fel\u00e7 ihtimalleri ta\u015f\u0131yan bu \u00e7ileli mesle\u011fin salt bug\u00fcn de\u011fil ge\u00e7mi\u015fte de ayn\u0131 zorluklarla bir arada yorumland\u0131\u011f\u0131n\u0131n, unutulmaya y\u00fcz tutan bu mesle\u011fin ne kadar b\u00fcy\u00fck fedakarl\u0131klarla ger\u00e7ekle\u015ftirildi\u011finin g\u00f6stergesi niteli\u011findedir.<\/p>\n","protected":false},"excerpt":{"rendered":"<p>\u0130nsano\u011flunun ilk nerede ve hangi ama\u00e7la denizle bulu\u015ftu\u011funu, onu tan\u0131d\u0131\u011f\u0131n\u0131 ve ondan faydalanmaya ba\u015flad\u0131\u011f\u0131n\u0131 hen\u00fcz bilmiyoruz. Buna kar\u015f\u0131n Yak\u0131ndo\u011fu, Ege ve Akdeniz co\u011frafyas\u0131nda yakla\u015f\u0131k 100 y\u0131ld\u0131r<span class=\"excerpt-hellip\"> [\u2026]<\/span><\/p>\n","protected":false},"featured_media":0,"template":"","meta":{"_monsterinsights_skip_tracking":false,"_monsterinsights_sitenote_active":false,"_monsterinsights_sitenote_note":"","_monsterinsights_sitenote_category":0},"product_brand":[],"product_cat":[12370,12304],"product_tag":[],"class_list":{"0":"post-715360","1":"product","2":"type-product","3":"status-publish","5":"product_cat-arastirma-inceleme","6":"product_cat-tarih","7":"pa_cilt-ciltsiz","8":"pa_tur-kitap","9":"pa_yayinevi-bilgin-kultur-sanat","10":"pa_yazar-emre-erdan","12":"first","13":"instock","14":"sale","15":"shipping-taxable","16":"purchasable","17":"product-type-simple"},"_links":{"self":[{"href":"https:\/\/roveyayinevi.com.tr\/index.php\/wp-json\/wp\/v2\/product\/715360","targetHints":{"allow":["GET"]}}],"collection":[{"href":"https:\/\/roveyayinevi.com.tr\/index.php\/wp-json\/wp\/v2\/product"}],"about":[{"href":"https:\/\/roveyayinevi.com.tr\/index.php\/wp-json\/wp\/v2\/types\/product"}],"wp:attachment":[{"href":"https:\/\/roveyayinevi.com.tr\/index.php\/wp-json\/wp\/v2\/media?parent=715360"}],"wp:term":[{"taxonomy":"product_brand","embeddable":true,"href":"https:\/\/roveyayinevi.com.tr\/index.php\/wp-json\/wp\/v2\/product_brand?post=715360"},{"taxonomy":"product_cat","embeddable":true,"href":"https:\/\/roveyayinevi.com.tr\/index.php\/wp-json\/wp\/v2\/product_cat?post=715360"},{"taxonomy":"product_tag","embeddable":true,"href":"https:\/\/roveyayinevi.com.tr\/index.php\/wp-json\/wp\/v2\/product_tag?post=715360"}],"curies":[{"name":"wp","href":"https:\/\/api.w.org\/{rel}","templated":true}]}}