{"id":715359,"date":"2025-08-27T17:29:41","date_gmt":"2025-08-27T14:29:41","guid":{"rendered":"https:\/\/roveyayinevi.com.tr\/index.php\/urun\/askozof\/"},"modified":"2026-04-16T02:23:41","modified_gmt":"2026-04-15T23:23:41","slug":"askozof","status":"publish","type":"product","link":"https:\/\/roveyayinevi.com.tr\/index.php\/urun\/askozof\/","title":{"rendered":"A\u015fkozof"},"content":{"rendered":"<p>Bu kitap bir yap\u0131bozumu. \u00d6nce y\u0131kacak. Sonra her bir par\u00e7ay\u0131 tek tek silecek. Ve hepsini yeni ba\u015ftan yeniyle in\u015fa edecek. Bunu yaparken zaman zaman bir b\u00f6cek, zaman zaman evrenin kendisi, zaman zaman da yo\u011furtlu semizotu salatas\u0131 olacak. \u201cSemizotur! Yoksa seni d\u0131\u015far\u0131 atmak zorunda kal\u0131r\u0131m\u201d diyen uzay h\u00e2kimine k\u0131z\u0131p kad\u0131n erkek ili\u015fkilerinin mahkemesini felsefe sofras\u0131nda kuracak. Olmazlar\u0131 olduracak. Felsefi kavramlar\u0131 anlatacak. En kara delikleri galeta ununa bulay\u0131p k\u0131zartarak \u00e7\u0131t\u0131r \u00e7\u0131t\u0131r masaya getirecek. Tarihe mal olmu\u015f filozof, d\u00fc\u015f\u00fcn\u00fcr, bilimci ve sanat\u00e7\u0131larla sohbet edercesine, ger\u00e7ek\u00fcst\u00fcy\u00fc ger\u00e7ekle arayacak. Platon, Nietzsche, Lou Salome, Simone De Beauvoir, John Locke, Einstein ve daha bir\u00e7o\u011fu fikirlerine arka \u00e7\u0131kacak. Bolca g\u00fclerken bazen beyinleri yakacak ve ak\u0131l kap\u0131lar\u0131 a\u00e7acak, bazen de duygular\u0131 kabartacak. <\/p>\n","protected":false},"excerpt":{"rendered":"<p>Bu kitap bir yap\u0131bozumu. \u00d6nce y\u0131kacak. Sonra her bir par\u00e7ay\u0131 tek tek silecek. Ve hepsini yeni ba\u015ftan yeniyle in\u015fa edecek. Bunu yaparken zaman zaman bir b\u00f6cek,<span class=\"excerpt-hellip\"> [\u2026]<\/span><\/p>\n","protected":false},"featured_media":0,"template":"","meta":{"_monsterinsights_skip_tracking":false,"_monsterinsights_sitenote_active":false,"_monsterinsights_sitenote_note":"","_monsterinsights_sitenote_category":0},"product_brand":[],"product_cat":[12389,12388],"product_tag":[],"class_list":{"0":"post-715359","1":"product","2":"type-product","3":"status-publish","5":"product_cat-diger-felsefe","6":"product_cat-felsefe","7":"pa_cilt-ciltsiz","8":"pa_tur-kitap","9":"pa_yayinevi-muptela-yayinevi","10":"pa_yazar-serhan-kansu","12":"first","13":"instock","14":"sale","15":"shipping-taxable","16":"purchasable","17":"product-type-simple"},"_links":{"self":[{"href":"https:\/\/roveyayinevi.com.tr\/index.php\/wp-json\/wp\/v2\/product\/715359","targetHints":{"allow":["GET"]}}],"collection":[{"href":"https:\/\/roveyayinevi.com.tr\/index.php\/wp-json\/wp\/v2\/product"}],"about":[{"href":"https:\/\/roveyayinevi.com.tr\/index.php\/wp-json\/wp\/v2\/types\/product"}],"wp:attachment":[{"href":"https:\/\/roveyayinevi.com.tr\/index.php\/wp-json\/wp\/v2\/media?parent=715359"}],"wp:term":[{"taxonomy":"product_brand","embeddable":true,"href":"https:\/\/roveyayinevi.com.tr\/index.php\/wp-json\/wp\/v2\/product_brand?post=715359"},{"taxonomy":"product_cat","embeddable":true,"href":"https:\/\/roveyayinevi.com.tr\/index.php\/wp-json\/wp\/v2\/product_cat?post=715359"},{"taxonomy":"product_tag","embeddable":true,"href":"https:\/\/roveyayinevi.com.tr\/index.php\/wp-json\/wp\/v2\/product_tag?post=715359"}],"curies":[{"name":"wp","href":"https:\/\/api.w.org\/{rel}","templated":true}]}}