{"id":715355,"date":"2025-08-27T17:29:38","date_gmt":"2025-08-27T14:29:38","guid":{"rendered":"https:\/\/roveyayinevi.com.tr\/index.php\/urun\/kekeme-hamlet\/"},"modified":"2026-04-16T02:23:41","modified_gmt":"2026-04-15T23:23:41","slug":"kekeme-hamlet","status":"publish","type":"product","link":"https:\/\/roveyayinevi.com.tr\/index.php\/urun\/kekeme-hamlet\/","title":{"rendered":"Kekeme Hamlet"},"content":{"rendered":"<p>Acaba d\u00fczg\u00fcn ve ak\u0131c\u0131 bir konu\u015fmam olsayd\u0131, d\u00fcnyan\u0131n en b\u00fcy\u00fck tiyatro oyuncular\u0131ndan biri olabilir miydim? On binler, y\u00fcz binler, belki de milyonlar\u0131n \u00f6n\u00fcnde hi\u00e7 tak\u0131lmadan, hi\u00e7 kekelemeden, dupduru bir konu\u015fmayla s\u00f6zlerimi savurabilir miydim sahneden?Hikmet, tiyatro a\u015f\u0131\u011f\u0131 bir \u00e7ocuk. En b\u00fcy\u00fck hayali, g\u00fcn\u00fcn birinde tiyatrocu olup sahnelere \u00e7\u0131kabilmek\u2026 Ama \u00f6n\u00fcnde b\u00fcy\u00fck, hem de do\u011fu\u015ftan gelen bir engeli var: Kekemelik. T\u0131pk\u0131 b\u00fcy\u00fckbabas\u0131 gibi o da kekeme. Hi\u00e7 odas\u0131ndan \u00e7\u0131kmayan, kendisiyle tek kelime bile etmeyen, evin i\u00e7erisinde bir hayalet gibi dola\u015fan b\u00fcy\u00fckbabas\u0131 gibi\u2026Hikmet liseye ba\u015flad\u0131\u011f\u0131 y\u0131l \u00f6nce resim \u00e7izmeden duramayan s\u0131n\u0131f arkada\u015f\u0131 Turgut, sonra ada\u015f\u0131 olan Hikmet \u00f6\u011fretmen ve en \u00f6nemlisi de Hamlet ile tan\u0131\u015f\u0131nca, bamba\u015fka bir yolculu\u011fa ad\u0131m atar. Art\u0131k kekemeli\u011fi ile tam anlam\u0131yla y\u00fczle\u015fmenin zaman\u0131 gelmi\u015ftir\u2026Kekeme Hamlet sadece dili de\u011fil, kalbi de kekeme olanlar i\u00e7in kaleme al\u0131nm\u0131\u015f; tiyatronun, kitaplar\u0131n, resimlerin ve kalbimizin derinliklerindeki duygular\u0131m\u0131z\u0131n iyile\u015ftirici g\u00fcc\u00fcn\u00fc hat\u0131rlatan, umut dolu bir roman.<\/p>\n","protected":false},"excerpt":{"rendered":"<p>Acaba d\u00fczg\u00fcn ve ak\u0131c\u0131 bir konu\u015fmam olsayd\u0131, d\u00fcnyan\u0131n en b\u00fcy\u00fck tiyatro oyuncular\u0131ndan biri olabilir miydim? On binler, y\u00fcz binler, belki de milyonlar\u0131n \u00f6n\u00fcnde hi\u00e7 tak\u0131lmadan, hi\u00e7<span class=\"excerpt-hellip\"> [\u2026]<\/span><\/p>\n","protected":false},"featured_media":0,"template":"","meta":{"_monsterinsights_skip_tracking":false,"_monsterinsights_sitenote_active":false,"_monsterinsights_sitenote_note":"","_monsterinsights_sitenote_category":0},"product_brand":[],"product_cat":[12275,12274],"product_tag":[],"class_list":{"0":"post-715355","1":"product","2":"type-product","3":"status-publish","5":"product_cat-6-12-yas-kitaplari","6":"product_cat-cocuk-ve-genclik-kitaplari","7":"pa_cilt-ciltsiz","8":"pa_tur-kitap","9":"pa_yayinevi-genc-timas","10":"pa_yazar-dogukan-isler","12":"first","13":"instock","14":"sale","15":"shipping-taxable","16":"purchasable","17":"product-type-simple"},"_links":{"self":[{"href":"https:\/\/roveyayinevi.com.tr\/index.php\/wp-json\/wp\/v2\/product\/715355","targetHints":{"allow":["GET"]}}],"collection":[{"href":"https:\/\/roveyayinevi.com.tr\/index.php\/wp-json\/wp\/v2\/product"}],"about":[{"href":"https:\/\/roveyayinevi.com.tr\/index.php\/wp-json\/wp\/v2\/types\/product"}],"wp:attachment":[{"href":"https:\/\/roveyayinevi.com.tr\/index.php\/wp-json\/wp\/v2\/media?parent=715355"}],"wp:term":[{"taxonomy":"product_brand","embeddable":true,"href":"https:\/\/roveyayinevi.com.tr\/index.php\/wp-json\/wp\/v2\/product_brand?post=715355"},{"taxonomy":"product_cat","embeddable":true,"href":"https:\/\/roveyayinevi.com.tr\/index.php\/wp-json\/wp\/v2\/product_cat?post=715355"},{"taxonomy":"product_tag","embeddable":true,"href":"https:\/\/roveyayinevi.com.tr\/index.php\/wp-json\/wp\/v2\/product_tag?post=715355"}],"curies":[{"name":"wp","href":"https:\/\/api.w.org\/{rel}","templated":true}]}}