{"id":715350,"date":"2025-08-27T17:29:34","date_gmt":"2025-08-27T14:29:34","guid":{"rendered":"https:\/\/roveyayinevi.com.tr\/index.php\/urun\/atilla\/"},"modified":"2026-04-16T02:23:41","modified_gmt":"2026-04-15T23:23:41","slug":"atilla","status":"publish","type":"product","link":"https:\/\/roveyayinevi.com.tr\/index.php\/urun\/atilla\/","title":{"rendered":"Atilla"},"content":{"rendered":"<p>Attila\u2019yd\u0131 o.Erken ya\u015flar\u0131ndan itibaren cesareti ve iradesiyle aman vermez bir rakip olarak \u00e7\u0131kt\u0131 herkesin kar\u015f\u0131s\u0131na.Diplomatik esir olarak Roma\u2019ya g\u00f6nderildi. M\u00fcthi\u015f bir sava\u015f\u00e7\u0131 olarak Hun \u00fclkesine d\u00f6nd\u00fc.Verdi\u011fi m\u00fccadele sadece d\u00fc\u015fmanlar\u0131na kar\u015f\u0131 de\u011fildi.Karde\u015f bildikleri onu hi\u00e7 ummad\u0131\u011f\u0131 yerden de vurmak istediler, direndi.Hem Do\u011fu hem Bat\u0131 Roma\u2019ya h\u00fckmetti.Tarihte ilk kez Papa\u2019ya diz \u00e7\u00f6kt\u00fcrd\u00fc.Do\u011fuda Sasanilere ge\u00e7it vermedi.Ve bin y\u0131llara uzanan bir isim b\u0131rakt\u0131 geriye.Attila\u2019yd\u0131 o.Yery\u00fcz\u00fcndeki t\u00fcm mazlumlar\u0131n intikam\u0131n\u0131 almak, g\u00f6zya\u015flar\u0131n\u0131 silmek i\u00e7in yemin etmi\u015fti.Romanlar\u0131yla y\u00fcz binlere tarihi sevdiren ve okurlar\u0131 taraf\u0131ndan \u201cg\u00fcn\u00fcm\u00fcz\u00fcn Peyami Safa\u2019s\u0131\u201d olarak nitelenen Okay Tiryakio\u011flu, bu kez T\u00fcrk tarihinin erken d\u00f6nemlerine g\u00f6t\u00fcr\u00fcyor tarihi roman severleri. \u201cAvrupa\u2019y\u0131 Dize Getiren T\u00fcrk\u201d\u00fcn, Attila\u2019n\u0131n her dakikas\u0131 heyecanla ve kazanma azmiyle dolu hayat\u0131n\u0131 capcanl\u0131 bir dille anlat\u0131yor.\u201cBug\u00fcnden gelece\u011fe adaletli ve merhametli ismin kalacak Attila! Fethetti\u011fin b\u00f6lgelerde bir tek cana bile bo\u015f yere k\u0131ymad\u0131\u011f\u0131n\u0131 i\u015fitecek insanlar.\u201d\u201cBin y\u0131l sonra, \u00f6yle mi?\u201d\u201cBelki daha bile \u00f6telerinde!\u201d<\/p>\n","protected":false},"excerpt":{"rendered":"<p>Attila\u2019yd\u0131 o.Erken ya\u015flar\u0131ndan itibaren cesareti ve iradesiyle aman vermez bir rakip olarak \u00e7\u0131kt\u0131 herkesin kar\u015f\u0131s\u0131na.Diplomatik esir olarak Roma\u2019ya g\u00f6nderildi. M\u00fcthi\u015f bir sava\u015f\u00e7\u0131 olarak Hun \u00fclkesine d\u00f6nd\u00fc.Verdi\u011fi<span class=\"excerpt-hellip\"> [\u2026]<\/span><\/p>\n","protected":false},"featured_media":0,"template":"","meta":{"_monsterinsights_skip_tracking":false,"_monsterinsights_sitenote_active":false,"_monsterinsights_sitenote_note":"","_monsterinsights_sitenote_category":0},"product_brand":[],"product_cat":[12274,12284],"product_tag":[],"class_list":{"0":"post-715350","1":"product","2":"type-product","3":"status-publish","5":"product_cat-cocuk-ve-genclik-kitaplari","6":"product_cat-hikayeler","7":"pa_cilt-ciltsiz","8":"pa_tur-kitap","9":"pa_yayinevi-timas-yayinlari","10":"pa_yazar-okay-tiryakioglu","12":"first","13":"instock","14":"sale","15":"shipping-taxable","16":"purchasable","17":"product-type-simple"},"_links":{"self":[{"href":"https:\/\/roveyayinevi.com.tr\/index.php\/wp-json\/wp\/v2\/product\/715350","targetHints":{"allow":["GET"]}}],"collection":[{"href":"https:\/\/roveyayinevi.com.tr\/index.php\/wp-json\/wp\/v2\/product"}],"about":[{"href":"https:\/\/roveyayinevi.com.tr\/index.php\/wp-json\/wp\/v2\/types\/product"}],"wp:attachment":[{"href":"https:\/\/roveyayinevi.com.tr\/index.php\/wp-json\/wp\/v2\/media?parent=715350"}],"wp:term":[{"taxonomy":"product_brand","embeddable":true,"href":"https:\/\/roveyayinevi.com.tr\/index.php\/wp-json\/wp\/v2\/product_brand?post=715350"},{"taxonomy":"product_cat","embeddable":true,"href":"https:\/\/roveyayinevi.com.tr\/index.php\/wp-json\/wp\/v2\/product_cat?post=715350"},{"taxonomy":"product_tag","embeddable":true,"href":"https:\/\/roveyayinevi.com.tr\/index.php\/wp-json\/wp\/v2\/product_tag?post=715350"}],"curies":[{"name":"wp","href":"https:\/\/api.w.org\/{rel}","templated":true}]}}